{"id":10396,"date":"2025-11-27T12:30:53","date_gmt":"2025-11-27T11:30:53","guid":{"rendered":"https:\/\/lalogedesuzon.com\/?post_type=product&#038;p=10396"},"modified":"2026-05-14T23:11:46","modified_gmt":"2026-05-14T21:11:46","slug":"clip-marquise-rosaverde","status":"publish","type":"product","link":"https:\/\/lalogedesuzon.com\/en\/product\/clip-marquise-rosaverde\/","title":{"rendered":"Clip Marquise ROSAVERDE"},"content":{"rendered":"<div class=\"flex-1 overflow-hidden\">\n<div class=\"react-scroll-to-bottom--css-aiqhu-79elbk h-full dark:bg-gray-800\">\n<div class=\"react-scroll-to-bottom--css-aiqhu-1n7m0yu\">\n<div class=\"flex flex-col text-sm dark:bg-gray-800\">\n<div class=\"group w-full text-token-text-primary border-b border-black\/10 gizmo:border-0 dark:border-gray-900\/50 gizmo:dark:border-0 bg-gray-50 gizmo:bg-transparent dark:bg-[#444654] gizmo:dark:bg-transparent\" data-testid=\"conversation-turn-47\">\n<div class=\"p-4 justify-center text-base md:gap-6 md:py-6 m-auto\">\n<div class=\"flex flex-1 gap-4 text-base mx-auto md:gap-6 gizmo:gap-3 gizmo:md:px-5 gizmo:lg:px-1 gizmo:xl:px-5 md:max-w-2xl lg:max-w-[38rem] gizmo:md:max-w-3xl gizmo:lg:max-w-[40rem] gizmo:xl:max-w-[48rem] xl:max-w-3xl }\">\n<div class=\"relative flex w-[calc(100%-50px)] flex-col gap-1 gizmo:w-full md:gap-3 lg:w-[calc(100%-115px)] agent-turn\">\n<div class=\"flex flex-grow flex-col gap-3 max-w-full\">\n<div class=\"min-h-[20px] flex flex-col items-start gap-3 overflow-x-auto whitespace-pre-wrap break-words\">\n<div class=\"markdown prose w-full break-words dark:prose-invert light\">\n<p data-start=\"288\" data-end=\"670\">Au centre du<strong> clip Rosaverde<\/strong>, une pierre rectangulaire vert profond concentre la lumi\u00e8re et impose imm\u00e9diatement sa pr\u00e9sence. Son \u00e9clat dense, presque min\u00e9ral, contraste avec la couronne de cristaux roses taill\u00e9s en marquise qui l\u2019entoure. Ces \u00e9clats ros\u00e9s, tour \u00e0 tour vifs ou translucides, cr\u00e9ent un jeu de reflets sophistiqu\u00e9 o\u00f9 se m\u00ealent fra\u00eecheur, intensit\u00e9 et f\u00e9minit\u00e9 assum\u00e9e.<\/p>\n<p data-start=\"672\" data-end=\"936\">Le m\u00e9tal dor\u00e9, discret mais chaleureux, structure l\u2019ensemble et renforce la dimension baroque du motif. L\u2019\u00e9criture visuelle rappelle les bijoux d\u2019apparat r\u00e9interpr\u00e9t\u00e9s par <strong>SUZON HERITAGE<\/strong> : des pi\u00e8ces sculpturales, expressives, pens\u00e9es comme des ornements \u00e0 porter.<\/p>\n<h2 data-start=\"943\" data-end=\"972\"><strong data-start=\"946\" data-end=\"972\"><br \/>\nD\u00e9tails et composition<\/strong><\/h2>\n<ul>\n<li data-start=\"975\" data-end=\"1001\">M\u00e9tal dor\u00e9 haute qualit\u00e9<\/li>\n<li data-start=\"975\" data-end=\"1001\">Cristaux roses taill\u00e9s en marquise<\/li>\n<li data-start=\"975\" data-end=\"1001\">Pierre centrale rectangulaire vert \u00e9meraude<\/li>\n<li data-start=\"975\" data-end=\"1001\">Dimensions : environ 3 \u00d7 2 cm<\/li>\n<li data-start=\"975\" data-end=\"1001\">Fixation : pince plate discr\u00e8te, solide et non marquante<\/li>\n<li data-start=\"975\" data-end=\"1001\">Compatibilit\u00e9 : tous textiles et accessoires<\/li>\n<\/ul>\n<h2 data-start=\"1239\" data-end=\"1265\"><strong data-start=\"1242\" data-end=\"1265\"><br \/>\nUtilisation &amp; Style<\/strong><\/h2>\n<p data-start=\"1267\" data-end=\"1533\">Les clips <strong>Rosaverde<\/strong> s\u2019attachent en un geste sur une chemise, une veste ou un col, et se retirent tout aussi facilement.<br data-start=\"1386\" data-end=\"1389\" \/>Amovibles et interchangeables, ils se portent seuls ou par paire, comme une signature de style \u2014 expressive, lumineuse et r\u00e9solument singuli\u00e8re.<\/p>\n<\/div>\n<\/div>\n<\/div>\n<\/div>\n<\/div>\n<\/div>\n<\/div>\n<\/div>\n<\/div>\n<\/div>\n<\/div>\n","protected":false},"excerpt":{"rendered":"<p data-start=\"288\" data-end=\"670\">Au centre du<strong> clip Rosaverde<\/strong>, une pierre rectangulaire vert profond concentre la lumi\u00e8re et impose imm\u00e9diatement sa pr\u00e9sence. Son \u00e9clat dense, presque min\u00e9ral, contraste avec la couronne de cristaux roses taill\u00e9s en marquise qui l\u2019entoure. Ces \u00e9clats ros\u00e9s, tour \u00e0 tour vifs ou translucides, cr\u00e9ent un jeu de reflets sophistiqu\u00e9 o\u00f9 se m\u00ealent fra\u00eecheur, intensit\u00e9 et f\u00e9minit\u00e9 assum\u00e9e.<\/p>\n<p data-start=\"672\" data-end=\"936\">Le m\u00e9tal dor\u00e9, discret mais chaleureux, structure l\u2019ensemble et renforce la dimension baroque du motif. L\u2019\u00e9criture visuelle rappelle les bijoux d\u2019apparat r\u00e9interpr\u00e9t\u00e9s par <strong>SUZON HERITAGE<\/strong> : des pi\u00e8ces sculpturales, expressives, pens\u00e9es comme des ornements \u00e0 porter.<\/p>","protected":false},"featured_media":12413,"comment_status":"open","ping_status":"closed","template":"","meta":{"iawp_total_views":246,"_joinchat":[]},"product_brand":[],"product_cat":[35,51,136,15],"product_tag":[],"class_list":{"0":"post-10396","1":"product","2":"type-product","3":"status-publish","4":"has-post-thumbnail","6":"product_cat-les-clips","7":"product_cat-les-rococos","8":"product_cat-selection-fete-des-meres","9":"product_cat-tous-les-produits","11":"first","12":"instock","13":"taxable","14":"shipping-taxable","15":"purchasable","16":"product-type-variable"},"bundled_by":[],"bundle_stock_status":"instock","bundle_stock_quantity":null,"bundle_virtual":false,"bundle_layout":"","bundle_add_to_cart_form_location":"","bundle_editable_in_cart":false,"bundle_sold_individually_context":"","bundle_item_grouping":"","bundle_min_size":"","bundle_max_size":"","bundle_price":[],"bundled_items":[],"bundle_sell_ids":[],"supplier_id":null,"supplier_sku":"","barcode":null,"atum_controlled":true,"out_stock_date":null,"out_stock_threshold":null,"inheritable":true,"inbound_stock":0,"stock_on_hold":0,"sold_today":0,"sales_last_days":1,"reserved_stock":0,"customer_returns":0,"warehouse_damage":0,"lost_in_post":0,"other_logs":0,"out_stock_days":0,"lost_sales":0,"has_location":false,"update_date":"2026-05-15T00:02:04","atum_locations":[],"atum_stock_status":"instock","restock_status":false,"low_stock_amount":"","sales_update_date":"2026-05-13T00:01:47","calc_backorders":null,"_links":{"self":[{"href":"https:\/\/lalogedesuzon.com\/en\/wp-json\/wp\/v2\/product\/10396","targetHints":{"allow":["GET"]}}],"collection":[{"href":"https:\/\/lalogedesuzon.com\/en\/wp-json\/wp\/v2\/product"}],"about":[{"href":"https:\/\/lalogedesuzon.com\/en\/wp-json\/wp\/v2\/types\/product"}],"replies":[{"embeddable":true,"href":"https:\/\/lalogedesuzon.com\/en\/wp-json\/wp\/v2\/comments?post=10396"}],"wp:featuredmedia":[{"embeddable":true,"href":"https:\/\/lalogedesuzon.com\/en\/wp-json\/wp\/v2\/media\/12413"}],"wp:attachment":[{"href":"https:\/\/lalogedesuzon.com\/en\/wp-json\/wp\/v2\/media?parent=10396"}],"wp:term":[{"taxonomy":"product_brand","embeddable":true,"href":"https:\/\/lalogedesuzon.com\/en\/wp-json\/wp\/v2\/product_brand?post=10396"},{"taxonomy":"product_cat","embeddable":true,"href":"https:\/\/lalogedesuzon.com\/en\/wp-json\/wp\/v2\/product_cat?post=10396"},{"taxonomy":"product_tag","embeddable":true,"href":"https:\/\/lalogedesuzon.com\/en\/wp-json\/wp\/v2\/product_tag?post=10396"}],"curies":[{"name":"wp","href":"https:\/\/api.w.org\/{rel}","templated":true}]}}