{"id":10655,"date":"2025-12-01T14:10:48","date_gmt":"2025-12-01T13:10:48","guid":{"rendered":"https:\/\/lalogedesuzon.com\/?post_type=product&#038;p=10655"},"modified":"2026-04-20T10:19:56","modified_gmt":"2026-04-20T08:19:56","slug":"bijou-de-bouton-nicole-rouge-flamboyant","status":"publish","type":"product","link":"https:\/\/lalogedesuzon.com\/en\/product\/bijou-de-bouton-nicole-rouge-flamboyant\/","title":{"rendered":"Bijou de bouton Nicole Rouge flamboyant"},"content":{"rendered":"<p data-start=\"199\" data-end=\"520\">Le bijou de bouton <strong data-start=\"218\" data-end=\"228\">Nicole Rouge flamboyant<\/strong> r\u00e9interpr\u00e8te la pivoine avec une sobri\u00e9t\u00e9 assum\u00e9e. Sa fleur \u00e9maill\u00e9e rouge, soulign\u00e9e par des contours dor\u00e9s, apporte imm\u00e9diatement du caract\u00e8re et une \u00e9l\u00e9gance intemporelle \u00e0 une chemise, une blouse ou une veste. Un d\u00e9tail fort, pens\u00e9 pour celles qui veulent sublimer une tenue sans effort.<\/p>\n<h3 data-start=\"522\" data-end=\"546\"><strong data-start=\"526\" data-end=\"546\">Caract\u00e9ristiques<\/strong><\/h3>\n<ul data-start=\"547\" data-end=\"757\">\n<li data-start=\"547\" data-end=\"593\">\n<p data-start=\"549\" data-end=\"593\"><strong data-start=\"549\" data-end=\"561\">Mat\u00e9riau<\/strong> : m\u00e9tal dor\u00e9 de haute qualit\u00e9<\/p>\n<\/li>\n<li data-start=\"594\" data-end=\"621\">\n<p data-start=\"596\" data-end=\"621\"><strong data-start=\"596\" data-end=\"610\">Dimensions<\/strong> : 2,5 cm<\/p>\n<\/li>\n<li data-start=\"622\" data-end=\"693\">\n<p data-start=\"624\" data-end=\"693\"><strong data-start=\"624\" data-end=\"636\">Fixation<\/strong> : clip s\u00e9curis\u00e9 qui se glisse simplement sur le bouton<\/p>\n<\/li>\n<li data-start=\"694\" data-end=\"757\">\n<p data-start=\"696\" data-end=\"757\"><strong data-start=\"696\" data-end=\"713\">Compatibilit\u00e9<\/strong> : adapt\u00e9 aux boutons standards de <strong data-start=\"748\" data-end=\"757\">13 mm<\/strong><\/p>\n<\/li>\n<\/ul>\n<h3 data-start=\"759\" data-end=\"776\"><strong data-start=\"763\" data-end=\"776\">Avantages<\/strong><\/h3>\n<ul data-start=\"777\" data-end=\"1122\">\n<li data-start=\"777\" data-end=\"849\">\n<p data-start=\"779\" data-end=\"849\"><strong data-start=\"779\" data-end=\"798\">Impact imm\u00e9diat<\/strong> : transforme une pi\u00e8ce simple en tenue raffin\u00e9e.<\/p>\n<\/li>\n<li data-start=\"850\" data-end=\"920\">\n<p data-start=\"852\" data-end=\"920\"><strong data-start=\"852\" data-end=\"864\">Pratique<\/strong> : installation instantan\u00e9e, sans couture, sans outil.<\/p>\n<\/li>\n<li data-start=\"921\" data-end=\"1001\">\n<p data-start=\"923\" data-end=\"1001\"><strong data-start=\"923\" data-end=\"937\">Polyvalent<\/strong> : id\u00e9al pour un look quotidien comme pour une tenue habill\u00e9e.<\/p>\n<\/li>\n<li data-start=\"1002\" data-end=\"1039\">\n<p data-start=\"1004\" data-end=\"1039\"><strong data-start=\"1004\" data-end=\"1014\">Solide<\/strong> : fabriqu\u00e9 pour durer.<\/p>\n<\/li>\n<li data-start=\"1040\" data-end=\"1122\">\n<p data-start=\"1042\" data-end=\"1122\"><strong data-start=\"1042\" data-end=\"1057\">Responsable<\/strong> : permet de r\u00e9inventer et valoriser sa garde-robe sans racheter.<\/p>\n<\/li>\n<\/ul>\n<h3 data-start=\"1124\" data-end=\"1141\"><strong data-start=\"1128\" data-end=\"1141\">Entretien<\/strong><\/h3>\n<p data-start=\"1142\" data-end=\"1227\">Essuyer doucement avec un chiffon doux pour conserver l\u2019\u00e9clat du m\u00e9tal et de l\u2019\u00e9mail.<\/p>","protected":false},"excerpt":{"rendered":"<p>Le bijou de bouton <strong data-start=\"218\" data-end=\"228\">Nicole Rouge flamboyant<\/strong> r\u00e9interpr\u00e8te la pivoine avec une sobri\u00e9t\u00e9 assum\u00e9e. Sa fleur \u00e9maill\u00e9e rouge, soulign\u00e9e par des contours dor\u00e9s, apporte imm\u00e9diatement du caract\u00e8re et une \u00e9l\u00e9gance intemporelle \u00e0 une chemise, une blouse ou une veste. Un d\u00e9tail fort, pens\u00e9 pour celles qui veulent sublimer une tenue sans effort.<\/p>","protected":false},"featured_media":13171,"comment_status":"open","ping_status":"closed","template":"","meta":{"iawp_total_views":529,"_joinchat":[]},"product_brand":[],"product_cat":[62,74,89,15],"product_tag":[],"class_list":{"0":"post-10655","1":"product","2":"type-product","3":"status-publish","4":"has-post-thumbnail","6":"product_cat-les-bijoux-de-bouton","7":"product_cat-bijou-de-bouton-fleurs-fruits","8":"product_cat-saint-valentin","9":"product_cat-tous-les-produits","11":"first","12":"instock","13":"taxable","14":"shipping-taxable","15":"purchasable","16":"product-type-variable"},"bundled_by":[],"bundle_stock_status":"instock","bundle_stock_quantity":11,"bundle_virtual":false,"bundle_layout":"","bundle_add_to_cart_form_location":"","bundle_editable_in_cart":false,"bundle_sold_individually_context":"","bundle_item_grouping":"","bundle_min_size":"","bundle_max_size":"","bundle_price":[],"bundled_items":[],"bundle_sell_ids":[],"supplier_id":null,"supplier_sku":"","barcode":null,"atum_controlled":true,"out_stock_date":null,"out_stock_threshold":null,"inheritable":true,"inbound_stock":0,"stock_on_hold":0,"sold_today":0,"sales_last_days":3,"reserved_stock":0,"customer_returns":0,"warehouse_damage":0,"lost_in_post":0,"other_logs":0,"out_stock_days":0,"lost_sales":0,"has_location":false,"update_date":"2026-05-01T00:48:38","atum_locations":[],"atum_stock_status":"instock","restock_status":false,"low_stock_amount":"","sales_update_date":"2026-05-01T00:48:38","calc_backorders":0,"_links":{"self":[{"href":"https:\/\/lalogedesuzon.com\/en\/wp-json\/wp\/v2\/product\/10655","targetHints":{"allow":["GET"]}}],"collection":[{"href":"https:\/\/lalogedesuzon.com\/en\/wp-json\/wp\/v2\/product"}],"about":[{"href":"https:\/\/lalogedesuzon.com\/en\/wp-json\/wp\/v2\/types\/product"}],"replies":[{"embeddable":true,"href":"https:\/\/lalogedesuzon.com\/en\/wp-json\/wp\/v2\/comments?post=10655"}],"wp:featuredmedia":[{"embeddable":true,"href":"https:\/\/lalogedesuzon.com\/en\/wp-json\/wp\/v2\/media\/13171"}],"wp:attachment":[{"href":"https:\/\/lalogedesuzon.com\/en\/wp-json\/wp\/v2\/media?parent=10655"}],"wp:term":[{"taxonomy":"product_brand","embeddable":true,"href":"https:\/\/lalogedesuzon.com\/en\/wp-json\/wp\/v2\/product_brand?post=10655"},{"taxonomy":"product_cat","embeddable":true,"href":"https:\/\/lalogedesuzon.com\/en\/wp-json\/wp\/v2\/product_cat?post=10655"},{"taxonomy":"product_tag","embeddable":true,"href":"https:\/\/lalogedesuzon.com\/en\/wp-json\/wp\/v2\/product_tag?post=10655"}],"curies":[{"name":"wp","href":"https:\/\/api.w.org\/{rel}","templated":true}]}}