{"id":11353,"date":"2025-12-22T21:32:24","date_gmt":"2025-12-22T20:32:24","guid":{"rendered":"https:\/\/lalogedesuzon.com\/?post_type=product&#038;p=11353"},"modified":"2026-03-26T12:24:54","modified_gmt":"2026-03-26T11:24:54","slug":"clip-comete-vanille","status":"publish","type":"product","link":"https:\/\/lalogedesuzon.com\/en\/product\/clip-comete-vanille\/","title":{"rendered":"Clip Com\u00e8te &#8211; DREAM"},"content":{"rendered":"<p data-start=\"339\" data-end=\"649\">Le mod\u00e8le <strong data-start=\"349\" data-end=\"359\">Com\u00e8te<\/strong> est un <strong data-start=\"367\" data-end=\"392\">bijou \u00e9toile exclusif<\/strong> cr\u00e9\u00e9 par Suzon H\u00e9ritage. Avec son <strong data-start=\"427\" data-end=\"445\">design c\u00e9leste<\/strong> et ses d\u00e9tails raffin\u00e9s, ce <strong data-start=\"474\" data-end=\"494\">clip scintillant<\/strong> se distingue par son <strong data-start=\"516\" data-end=\"539\">\u00e9mail Vanille<\/strong>\u00a0ses <strong data-start=\"545\" data-end=\"591\">strass en cristal de verre<\/strong> et sa base en <strong data-start=\"606\" data-end=\"623\">m\u00e9tal dor\u00e9<\/strong> qui rehausse son \u00e9clat.<\/p>\n<p data-start=\"651\" data-end=\"701\"><strong data-start=\"654\" data-end=\"697\"><br \/>\nCaract\u00e9ristiques uniques du clip Cosmos<\/strong> :<\/p>\n<ul>\n<li data-start=\"704\" data-end=\"765\"><strong data-start=\"704\" data-end=\"741\">Cr\u00e9ation exclusive Suzon H\u00e9ritage<\/strong>, au style intemporel.<\/li>\n<li data-start=\"704\" data-end=\"765\"><strong data-start=\"768\" data-end=\"791\">\u00c9toile scintillante<\/strong> au design raffin\u00e9 et \u00e9l\u00e9gant.<\/li>\n<li data-start=\"704\" data-end=\"765\"><strong data-start=\"911\" data-end=\"926\">Polyvalence<\/strong> : se porte comme <strong data-start=\"944\" data-end=\"958\">clip bijou<\/strong> sur vos accessoires, ou comme <strong data-start=\"989\" data-end=\"1008\">broche \u00e9l\u00e9gante<\/strong> pour sublimer vos tenues.<\/li>\n<\/ul>\n<p data-start=\"1038\" data-end=\"1312\"><strong data-start=\"1041\" data-end=\"1086\">Pourquoi choisir le bijou \u00e9toile Cosmos ?<\/strong><br data-start=\"1086\" data-end=\"1089\" \/>Ce mod\u00e8le r\u00e9unit le <strong data-start=\"1109\" data-end=\"1143\">savoir-faire de Suzon H\u00e9ritage<\/strong> et une esth\u00e9tique singuli\u00e8re inspir\u00e9e du ciel nocturne. Intemporel et \u00e9l\u00e9gant, le <strong data-start=\"1226\" data-end=\"1248\">clip \u00e9toile Com\u00e8te &#8211; Dream<\/strong>\u00a0apporte une touche de lumi\u00e8re et de caract\u00e8re \u00e0 chaque style.<\/p>\n<p data-start=\"1314\" data-end=\"1415\">D\u00e9couvrez l\u2019univers <strong data-start=\"1337\" data-end=\"1355\">Suzon H\u00e9ritage<\/strong> et laissez-vous s\u00e9duire par l\u2019\u00e9clat unique de <strong data-start=\"1402\" data-end=\"1412\">Com\u00e8te<\/strong>.<\/p>","protected":false},"excerpt":{"rendered":"<p>Le mod\u00e8le <strong data-start=\"349\" data-end=\"359\">Com\u00e8te<\/strong> est un <strong data-start=\"367\" data-end=\"392\">bijou \u00e9toile exclusif<\/strong> cr\u00e9\u00e9 par Suzon H\u00e9ritage. Avec son <strong data-start=\"427\" data-end=\"445\">design c\u00e9leste<\/strong> et ses d\u00e9tails raffin\u00e9s, ce <strong data-start=\"474\" data-end=\"494\">clip scintillant<\/strong> se distingue par son <strong data-start=\"516\" data-end=\"539\">\u00e9mail Vanille<\/strong>\u00a0ses <strong data-start=\"545\" data-end=\"591\">strass en cristal de verre<\/strong> et sa base en <strong data-start=\"606\" data-end=\"623\">m\u00e9tal dor\u00e9<\/strong> qui rehausse son \u00e9clat.<\/p>","protected":false},"featured_media":12504,"comment_status":"open","ping_status":"closed","template":"","meta":{"iawp_total_views":300,"_joinchat":[]},"product_brand":[],"product_cat":[35,49,70,15],"product_tag":[],"class_list":{"0":"post-11353","1":"product","2":"type-product","3":"status-publish","4":"has-post-thumbnail","6":"product_cat-les-clips","7":"product_cat-les-emailles","8":"product_cat-les-gold","9":"product_cat-tous-les-produits","11":"first","12":"instock","13":"taxable","14":"shipping-taxable","15":"purchasable","16":"product-type-variable"},"bundled_by":[],"bundle_stock_status":"instock","bundle_stock_quantity":null,"bundle_virtual":false,"bundle_layout":"","bundle_add_to_cart_form_location":"","bundle_editable_in_cart":false,"bundle_sold_individually_context":"","bundle_item_grouping":"","bundle_min_size":"","bundle_max_size":"","bundle_price":[],"bundled_items":[],"bundle_sell_ids":[9229],"supplier_id":null,"supplier_sku":"","barcode":null,"atum_controlled":true,"out_stock_date":"2026-02-03 15:18:18","out_stock_threshold":null,"inheritable":true,"inbound_stock":0,"stock_on_hold":0,"sold_today":0,"sales_last_days":1,"reserved_stock":0,"customer_returns":0,"warehouse_damage":0,"lost_in_post":0,"other_logs":0,"out_stock_days":59,"lost_sales":0,"has_location":false,"update_date":"2026-04-04T01:40:18","atum_locations":[],"atum_stock_status":"instock","restock_status":false,"low_stock_amount":"","sales_update_date":"2026-04-04T01:40:18","calc_backorders":null,"_links":{"self":[{"href":"https:\/\/lalogedesuzon.com\/en\/wp-json\/wp\/v2\/product\/11353","targetHints":{"allow":["GET"]}}],"collection":[{"href":"https:\/\/lalogedesuzon.com\/en\/wp-json\/wp\/v2\/product"}],"about":[{"href":"https:\/\/lalogedesuzon.com\/en\/wp-json\/wp\/v2\/types\/product"}],"replies":[{"embeddable":true,"href":"https:\/\/lalogedesuzon.com\/en\/wp-json\/wp\/v2\/comments?post=11353"}],"wp:featuredmedia":[{"embeddable":true,"href":"https:\/\/lalogedesuzon.com\/en\/wp-json\/wp\/v2\/media\/12504"}],"wp:attachment":[{"href":"https:\/\/lalogedesuzon.com\/en\/wp-json\/wp\/v2\/media?parent=11353"}],"wp:term":[{"taxonomy":"product_brand","embeddable":true,"href":"https:\/\/lalogedesuzon.com\/en\/wp-json\/wp\/v2\/product_brand?post=11353"},{"taxonomy":"product_cat","embeddable":true,"href":"https:\/\/lalogedesuzon.com\/en\/wp-json\/wp\/v2\/product_cat?post=11353"},{"taxonomy":"product_tag","embeddable":true,"href":"https:\/\/lalogedesuzon.com\/en\/wp-json\/wp\/v2\/product_tag?post=11353"}],"curies":[{"name":"wp","href":"https:\/\/api.w.org\/{rel}","templated":true}]}}