{"id":12422,"date":"2026-02-18T08:37:13","date_gmt":"2026-02-18T07:37:13","guid":{"rendered":"https:\/\/lalogedesuzon.com\/?post_type=product&#038;p=12422"},"modified":"2026-04-15T15:43:47","modified_gmt":"2026-04-15T13:43:47","slug":"clip-teckel-achille-noir-collier-strass-opale-rainbow","status":"publish","type":"product","link":"https:\/\/lalogedesuzon.com\/en\/product\/clip-teckel-achille-noir-collier-strass-opale-rainbow\/","title":{"rendered":"Clip Teckel Achille noir collier strass opale rainbow"},"content":{"rendered":"<div class=\"relative basis-auto flex-col -mb-(--composer-overlap-px) [--composer-overlap-px:28px] grow flex\">\n<div class=\"flex flex-col text-sm pb-25\">\n<article class=\"text-token-text-primary w-full focus:outline-none [--shadow-height:45px] has-data-writing-block:pointer-events-none has-data-writing-block:-mt-(--shadow-height) has-data-writing-block:pt-(--shadow-height) [&amp;:has([data-writing-block])&gt;*]:pointer-events-auto scroll-mt-[calc(var(--header-height)+min(200px,max(70px,20svh)))]\" dir=\"auto\" tabindex=\"-1\" data-turn-id=\"request-WEB:3f660279-3d88-46bd-a1eb-8ce73d594af1-1\" data-testid=\"conversation-turn-4\" data-scroll-anchor=\"true\" data-turn=\"assistant\">\n<div class=\"text-base my-auto mx-auto pb-10 [--thread-content-margin:--spacing(4)] @w-sm\/main:[--thread-content-margin:--spacing(6)] @w-lg\/main:[--thread-content-margin:--spacing(16)] px-(--thread-content-margin)\">\n<div class=\"[--thread-content-max-width:40rem] @w-lg\/main:[--thread-content-max-width:48rem] mx-auto max-w-(--thread-content-max-width) flex-1 group\/turn-messages focus-visible:outline-hidden relative flex w-full min-w-0 flex-col agent-turn\" tabindex=\"-1\">\n<div class=\"flex max-w-full flex-col grow\">\n<div class=\"min-h-8 text-message relative flex w-full flex-col items-end gap-2 text-start break-words whitespace-normal [.text-message+&amp;]:mt-1\" dir=\"auto\" data-message-author-role=\"assistant\" data-message-id=\"00245457-c676-49dd-929a-90adb2c90e64\" data-message-model-slug=\"gpt-5-2\">\n<div class=\"flex w-full flex-col gap-1 empty:hidden first:pt-[1px]\">\n<div class=\"markdown prose dark:prose-invert w-full wrap-break-word light markdown-new-styling\"><\/div>\n<\/div>\n<\/div>\n<\/div>\n<div class=\"mt-3 w-full empty:hidden\">\n<div class=\"text-center\">\n<p data-start=\"229\" data-end=\"520\">Le <strong data-start=\"232\" data-end=\"260\">clip Teckel Achille noir<\/strong> s\u2019inscrit pleinement dans <strong data-start=\"287\" data-end=\"353\">la grande tendance des bijoux animaux et accessoires statement<\/strong>, incontournables de la saison. Inspir\u00e9 du charme intemporel du teckel, ce <strong data-start=\"428\" data-end=\"448\">clip bijou chien<\/strong> conjugue esprit mode, \u00e9l\u00e9gance vintage et touche d\u00e9cal\u00e9e tr\u00e8s actuelle.<\/p>\n<p data-start=\"522\" data-end=\"892\">R\u00e9alis\u00e9 dans une <strong data-start=\"539\" data-end=\"566\">finition noire profonde<\/strong>, le clip Teckel Achille est sublim\u00e9 par un <strong data-start=\"610\" data-end=\"641\">collier en strass opale mat<\/strong>, aux reflets doux et modernes, et une <strong data-start=\"680\" data-end=\"723\">m\u00e9daille en strass rainbow multicolores<\/strong>, qui capte la lumi\u00e8re avec subtilit\u00e9. Le contraste des mati\u00e8res et des \u00e9clats fait de ce bijou un <strong data-start=\"822\" data-end=\"845\">accessoire tendance<\/strong>, \u00e0 la fois chic, audacieux et facile \u00e0 porter.<\/p>\n<p data-start=\"894\" data-end=\"1211\">Tr\u00e8s pris\u00e9 cette saison, le <strong data-start=\"922\" data-end=\"947\">bijou animal revisit\u00e9<\/strong> s\u2019impose comme un incontournable des silhouettes modernes. Gr\u00e2ce \u00e0 son <strong data-start=\"1019\" data-end=\"1038\">syst\u00e8me de clip<\/strong>, Achille se porte sur une veste, un manteau, une chemise, un pull, un sac ou un chapeau, pour transformer instantan\u00e9ment une tenue et lui apporter une signature mode forte.<\/p>\n<p data-start=\"1213\" data-end=\"1482\">Pens\u00e9 comme un bijou couture, le <strong data-start=\"1246\" data-end=\"1269\">clip Teckel Achille<\/strong> incarne parfaitement <strong data-start=\"1291\" data-end=\"1333\">la tendance des accessoires modulables<\/strong>, \u00e0 collectionner et \u00e0 accumuler selon ses envies. Une pi\u00e8ce phare pour celles et ceux qui aiment suivre la mode tout en affirmant leur personnalit\u00e9.<\/p>\n<h3 data-start=\"1484\" data-end=\"1504\">Caract\u00e9ristiques<\/h3>\n<ul data-start=\"1505\" data-end=\"1730\">\n<li data-start=\"1505\" data-end=\"1547\">\n<p data-start=\"1507\" data-end=\"1547\">Clip bijou tendance en forme de teckel<\/p>\n<\/li>\n<li data-start=\"1548\" data-end=\"1566\">\n<p data-start=\"1550\" data-end=\"1566\">Couleur : noir<\/p>\n<\/li>\n<li data-start=\"1567\" data-end=\"1597\">\n<p data-start=\"1569\" data-end=\"1597\">Collier : strass opale mat<\/p>\n<\/li>\n<li data-start=\"1598\" data-end=\"1640\">\n<p data-start=\"1600\" data-end=\"1640\">M\u00e9daille : strass rainbow multicolores<\/p>\n<\/li>\n<li data-start=\"1641\" data-end=\"1688\">\n<p data-start=\"1643\" data-end=\"1688\">Syst\u00e8me de clip facile \u00e0 poser et \u00e0 retirer<\/p>\n<\/li>\n<li data-start=\"1689\" data-end=\"1730\">\n<p data-start=\"1691\" data-end=\"1730\">Convient aux v\u00eatements et accessoires<\/p>\n<\/li>\n<\/ul>\n<h3 data-start=\"1732\" data-end=\"1763\">Pourquoi c\u2019est un must-have<\/h3>\n<ul data-start=\"1764\" data-end=\"1939\">\n<li data-start=\"1764\" data-end=\"1795\">\n<p data-start=\"1766\" data-end=\"1795\">Bijou animal ultra tendance<\/p>\n<\/li>\n<li data-start=\"1796\" data-end=\"1833\">\n<p data-start=\"1798\" data-end=\"1833\">Accessoire statement de la saison<\/p>\n<\/li>\n<li data-start=\"1834\" data-end=\"1865\">\n<p data-start=\"1836\" data-end=\"1865\">Style vintage chic revisit\u00e9<\/p>\n<\/li>\n<li data-start=\"1866\" data-end=\"1904\">\n<p data-start=\"1868\" data-end=\"1904\">Id\u00e9al pour personnaliser une tenue<\/p>\n<\/li>\n<li data-start=\"1905\" data-end=\"1939\">\n<p data-start=\"1907\" data-end=\"1939\">Parfait comme id\u00e9e cadeau mode<\/p>\n<\/li>\n<\/ul>\n<p data-start=\"1941\" data-end=\"2089\">Le <strong data-start=\"1944\" data-end=\"1972\">clip Teckel Achille noir<\/strong> est un bijou tendance \u00e0 offrir ou \u00e0 s\u2019offrir, embl\u00e9matique de la mode actuelle et de l\u2019univers <strong data-start=\"2068\" data-end=\"2088\">La Loge de Suzon<\/strong>.<\/p>\n<\/div>\n<\/div>\n<\/div>\n<\/div>\n<\/article>\n<\/div>\n<div class=\"pointer-events-none h-px w-px absolute bottom-0\" aria-hidden=\"true\" data-edge=\"true\"><\/div>\n<\/div>\n<div id=\"thread-bottom-container\" class=\"sticky bottom-0 group\/thread-bottom-container relative isolate z-10 w-full basis-auto has-data-has-thread-error:pt-2 has-data-has-thread-error:[box-shadow:var(--sharp-edge-bottom-shadow)] md:border-transparent md:pt-0 dark:border-white\/20 md:dark:border-transparent print:hidden content-fade single-line flex flex-col\">\n<div class=\"relative h-0\">\n<div><\/div>\n<\/div>\n<div id=\"thread-bottom\">\n<div class=\"text-base mx-auto [--thread-content-margin:--spacing(4)] @w-sm\/main:[--thread-content-margin:--spacing(6)] @w-lg\/main:[--thread-content-margin:--spacing(16)] px-(--thread-content-margin)\">\n<div class=\"[--thread-content-max-width:40rem] @w-lg\/main:[--thread-content-max-width:48rem] mx-auto max-w-(--thread-content-max-width) flex-1 mb-4\">\n<div class=\"flex justify-center empty:hidden\"><\/div>\n<div class=\"pointer-events-auto relative z-1 flex h-(--composer-container-height,100%) max-w-full flex-(--composer-container-flex,1) flex-col\">\n<div class=\"absolute start-0 end-0 bottom-full z-20\"><\/div>\n<form class=\"group\/composer w-full\" data-type=\"unified-composer\">\n<div class=\"hidden\"><input tabindex=\"-1\" multiple=\"multiple\" type=\"file\" \/><\/div>\n<div class=\"\">\n<div class=\"bg-token-bg-primary corner-superellipse\/1.1 cursor-text overflow-clip bg-clip-padding p-2.5 contain-inline-size motion-safe:transition-colors motion-safe:duration-200 motion-safe:ease-in-out dark:bg-[#303030] grid grid-cols-[auto_1fr_auto] [grid-template-areas:'header_header_header'_'leading_primary_trailing'_'._footer_.'] group-data-expanded\/composer:[grid-template-areas:'header_header_header'_'primary_primary_primary'_'leading_footer_trailing'] shadow-short\" data-composer-surface=\"true\">\n<div class=\"-my-2.5 flex min-h-14 items-center overflow-x-hidden px-1.5 [grid-area:primary] group-data-expanded\/composer:mb-0 group-data-expanded\/composer:px-2.5\">\n<div class=\"wcDTda_prosemirror-parent text-token-text-primary max-h-[max(30svh,5rem)] max-h-52 min-h-[var(--deep-research-composer-extra-height,unset)] flex-1 overflow-auto [scrollbar-width:thin] default-browser vertical-scroll-fade-mask\">\n<p><textarea class=\"wcDTda_fallbackTextarea\" name=\"prompt-textarea\" autofocus=\"\" placeholder=\"Poser une question\" data-virtualkeyboard=\"true\"><\/textarea><\/p>\n<div id=\"prompt-textarea\" class=\"ProseMirror\" contenteditable=\"true\" translate=\"no\" data-virtualkeyboard=\"true\"><\/div>\n<\/div>\n<\/div>\n<\/div>\n<\/div>\n<\/form>\n<\/div>\n<\/div>\n<\/div>\n<\/div>\n<\/div>\n","protected":false},"excerpt":{"rendered":"<p data-start=\"229\" data-end=\"520\">Le <strong data-start=\"232\" data-end=\"260\">clip Teckel Achille noir<\/strong> s\u2019inscrit pleinement dans <strong data-start=\"287\" data-end=\"353\">la grande tendance des bijoux animaux et accessoires statement<\/strong>, incontournables de la saison. Inspir\u00e9 du charme intemporel du teckel, ce <strong data-start=\"428\" data-end=\"448\">clip bijou chien<\/strong> conjugue esprit mode, \u00e9l\u00e9gance vintage et touche d\u00e9cal\u00e9e tr\u00e8s actuelle.<\/p>\n<p data-start=\"522\" data-end=\"892\">R\u00e9alis\u00e9 dans une <strong data-start=\"539\" data-end=\"566\">finition noire profonde<\/strong>, le clip Teckel Achille est sublim\u00e9 par un <strong data-start=\"610\" data-end=\"641\">collier en strass opale mat<\/strong>, aux reflets doux et modernes, et une <strong data-start=\"680\" data-end=\"723\">m\u00e9daille en strass rainbow multicolores<\/strong>, qui capte la lumi\u00e8re avec subtilit\u00e9. Le contraste des mati\u00e8res et des \u00e9clats fait de ce bijou un <strong data-start=\"822\" data-end=\"845\">accessoire tendance<\/strong>, \u00e0 la fois chic, audacieux et facile \u00e0 porter.<\/p>","protected":false},"featured_media":12457,"comment_status":"open","ping_status":"closed","template":"","meta":{"iawp_total_views":72,"_joinchat":[]},"product_brand":[],"product_cat":[136,135,35,70,85,50,15],"product_tag":[],"class_list":{"0":"post-12422","1":"product","2":"type-product","3":"status-publish","4":"has-post-thumbnail","6":"product_cat-fete-des-grands-meres","7":"product_cat-les-animaux","8":"product_cat-les-clips","9":"product_cat-les-gold","10":"product_cat-les-nouveautes-suzon","11":"product_cat-les-pailletes","12":"product_cat-tous-les-produits","14":"first","15":"instock","16":"taxable","17":"shipping-taxable","18":"purchasable","19":"product-type-variable"},"bundled_by":[],"bundle_stock_status":"instock","bundle_stock_quantity":26,"bundle_virtual":false,"bundle_layout":"","bundle_add_to_cart_form_location":"","bundle_editable_in_cart":false,"bundle_sold_individually_context":"","bundle_item_grouping":"","bundle_min_size":"","bundle_max_size":"","bundle_price":[],"bundled_items":[],"bundle_sell_ids":[9229],"supplier_id":null,"supplier_sku":"","barcode":null,"atum_controlled":true,"out_stock_date":null,"out_stock_threshold":null,"inheritable":true,"inbound_stock":0,"stock_on_hold":0,"sold_today":0,"sales_last_days":3,"reserved_stock":0,"customer_returns":0,"warehouse_damage":0,"lost_in_post":0,"other_logs":0,"out_stock_days":0,"lost_sales":0,"has_location":false,"update_date":"2026-04-18T00:20:34","atum_locations":[],"atum_stock_status":"instock","restock_status":false,"low_stock_amount":"","sales_update_date":"2026-04-18T00:20:34","calc_backorders":null,"_links":{"self":[{"href":"https:\/\/lalogedesuzon.com\/en\/wp-json\/wp\/v2\/product\/12422","targetHints":{"allow":["GET"]}}],"collection":[{"href":"https:\/\/lalogedesuzon.com\/en\/wp-json\/wp\/v2\/product"}],"about":[{"href":"https:\/\/lalogedesuzon.com\/en\/wp-json\/wp\/v2\/types\/product"}],"replies":[{"embeddable":true,"href":"https:\/\/lalogedesuzon.com\/en\/wp-json\/wp\/v2\/comments?post=12422"}],"wp:featuredmedia":[{"embeddable":true,"href":"https:\/\/lalogedesuzon.com\/en\/wp-json\/wp\/v2\/media\/12457"}],"wp:attachment":[{"href":"https:\/\/lalogedesuzon.com\/en\/wp-json\/wp\/v2\/media?parent=12422"}],"wp:term":[{"taxonomy":"product_brand","embeddable":true,"href":"https:\/\/lalogedesuzon.com\/en\/wp-json\/wp\/v2\/product_brand?post=12422"},{"taxonomy":"product_cat","embeddable":true,"href":"https:\/\/lalogedesuzon.com\/en\/wp-json\/wp\/v2\/product_cat?post=12422"},{"taxonomy":"product_tag","embeddable":true,"href":"https:\/\/lalogedesuzon.com\/en\/wp-json\/wp\/v2\/product_tag?post=12422"}],"curies":[{"name":"wp","href":"https:\/\/api.w.org\/{rel}","templated":true}]}}