{"id":13003,"date":"2026-03-23T14:12:39","date_gmt":"2026-03-23T13:12:39","guid":{"rendered":"https:\/\/lalogedesuzon.com\/?post_type=product&#038;p=13003"},"modified":"2026-04-10T18:33:11","modified_gmt":"2026-04-10T16:33:11","slug":"broche-magique-lenchanteresse-silver","status":"publish","type":"product","link":"https:\/\/lalogedesuzon.com\/en\/product\/broche-magique-lenchanteresse-silver\/","title":{"rendered":"Broche magique L&rsquo;Enchanteresse SILVER"},"content":{"rendered":"<p data-start=\"166\" data-end=\"225\">L\u2019Enchanteresse transforme vos clips en broche, simplement.<\/p>\n<p data-start=\"227\" data-end=\"338\">Pens\u00e9e comme un accessoire signature SUZON, elle permet aussi de se porter seule, avec discr\u00e9tion et caract\u00e8re.<\/p>\n<p data-start=\"340\" data-end=\"525\">Imagin\u00e9e pour celles qui voulaient porter leurs clips autrement, elle ouvre enfin le champ des possibles : pulls, manteaux, t-shirts, mati\u00e8res \u00e9paisses ou d\u00e9licates\u2026 plus aucune limite.<\/p>\n<p data-start=\"527\" data-end=\"649\"><strong data-start=\"527\" data-end=\"550\">How does it work?<\/strong><br data-start=\"550\" data-end=\"553\" \/>Fixez L\u2019Enchanteresse sur votre v\u00eatement comme une broche.<br data-start=\"611\" data-end=\"614\" \/>Clipsez ensuite votre bijou dessus.<\/p>\n<p data-start=\"651\" data-end=\"712\">En un geste, votre clip devient broche. Sans ab\u00eemer le tissu.<\/p>\n<p data-start=\"714\" data-end=\"790\"><strong data-start=\"714\" data-end=\"725\">D\u00e9tails<\/strong><br data-start=\"725\" data-end=\"728\" \/>Taille : 3 cm x 0,5 cm<br data-start=\"750\" data-end=\"753\" \/>Mati\u00e8re : zamac argent\u00e9, inoxydable<\/p>\n<p data-start=\"792\" data-end=\"898\">Discr\u00e8te, ing\u00e9nieuse, essentielle.<br data-start=\"826\" data-end=\"829\" \/>L\u2019Enchanteresse r\u00e9v\u00e8le une nouvelle fa\u00e7on de porter vos bijoux SUZON.<\/p>","protected":false},"excerpt":{"rendered":"<p data-start=\"166\" data-end=\"225\">L\u2019Enchanteresse transforme vos clips en broche, simplement.<\/p>\n<p data-start=\"227\" data-end=\"338\">Pens\u00e9e comme un accessoire signature SUZON, elle permet aussi de se porter seule, avec discr\u00e9tion et caract\u00e8re.<\/p>\n<p data-start=\"340\" data-end=\"525\">Imagin\u00e9e pour celles qui voulaient porter leurs clips autrement, elle ouvre enfin le champ des possibles : pulls, manteaux, t-shirts, mati\u00e8res \u00e9paisses ou d\u00e9licates\u2026 plus aucune limite.<\/p>","protected":false},"featured_media":13004,"comment_status":"open","ping_status":"closed","template":"","meta":{"iawp_total_views":48,"_joinchat":[]},"product_brand":[],"product_cat":[53,35,49,126,48,85,50,51,15],"product_tag":[],"class_list":{"0":"post-13003","1":"product","2":"type-product","3":"status-publish","4":"has-post-thumbnail","6":"product_cat-les-argentes","7":"product_cat-les-clips","8":"product_cat-les-emailles","9":"product_cat-les-enchanteresses","10":"product_cat-les-laitons","11":"product_cat-les-nouveautes-suzon","12":"product_cat-les-pailletes","13":"product_cat-les-rococos","14":"product_cat-tous-les-produits","16":"first","17":"instock","18":"taxable","19":"shipping-taxable","20":"purchasable","21":"product-type-simple"},"bundled_by":[],"bundle_stock_status":"instock","bundle_stock_quantity":280,"bundle_virtual":false,"bundle_layout":"","bundle_add_to_cart_form_location":"","bundle_editable_in_cart":false,"bundle_sold_individually_context":"","bundle_item_grouping":"","bundle_min_size":"","bundle_max_size":"","bundle_price":[],"bundled_items":[],"bundle_sell_ids":[],"supplier_id":null,"supplier_sku":"","barcode":null,"atum_controlled":true,"out_stock_date":null,"out_stock_threshold":null,"inheritable":false,"inbound_stock":0,"stock_on_hold":3,"sold_today":0,"sales_last_days":10,"reserved_stock":0,"customer_returns":0,"warehouse_damage":0,"lost_in_post":0,"other_logs":0,"out_stock_days":0,"lost_sales":0,"has_location":false,"update_date":"2026-04-11T00:01:13","atum_locations":[],"atum_stock_status":"instock","restock_status":false,"low_stock_amount":"","sales_update_date":"2026-04-11T00:01:13","calc_backorders":null,"_links":{"self":[{"href":"https:\/\/lalogedesuzon.com\/en\/wp-json\/wp\/v2\/product\/13003","targetHints":{"allow":["GET"]}}],"collection":[{"href":"https:\/\/lalogedesuzon.com\/en\/wp-json\/wp\/v2\/product"}],"about":[{"href":"https:\/\/lalogedesuzon.com\/en\/wp-json\/wp\/v2\/types\/product"}],"replies":[{"embeddable":true,"href":"https:\/\/lalogedesuzon.com\/en\/wp-json\/wp\/v2\/comments?post=13003"}],"wp:featuredmedia":[{"embeddable":true,"href":"https:\/\/lalogedesuzon.com\/en\/wp-json\/wp\/v2\/media\/13004"}],"wp:attachment":[{"href":"https:\/\/lalogedesuzon.com\/en\/wp-json\/wp\/v2\/media?parent=13003"}],"wp:term":[{"taxonomy":"product_brand","embeddable":true,"href":"https:\/\/lalogedesuzon.com\/en\/wp-json\/wp\/v2\/product_brand?post=13003"},{"taxonomy":"product_cat","embeddable":true,"href":"https:\/\/lalogedesuzon.com\/en\/wp-json\/wp\/v2\/product_cat?post=13003"},{"taxonomy":"product_tag","embeddable":true,"href":"https:\/\/lalogedesuzon.com\/en\/wp-json\/wp\/v2\/product_tag?post=13003"}],"curies":[{"name":"wp","href":"https:\/\/api.w.org\/{rel}","templated":true}]}}