{"id":13078,"date":"2026-04-01T21:11:12","date_gmt":"2026-04-01T19:11:12","guid":{"rendered":"https:\/\/lalogedesuzon.com\/?post_type=product&#038;p=13078"},"modified":"2026-04-05T16:26:37","modified_gmt":"2026-04-05T14:26:37","slug":"bijou-de-bouton-fortuna-bleu-ciel","status":"publish","type":"product","link":"https:\/\/lalogedesuzon.com\/en\/product\/bijou-de-bouton-fortuna-bleu-ciel\/","title":{"rendered":"Bijou de bouton Fortuna Bleu ciel"},"content":{"rendered":"<p data-start=\"284\" data-end=\"485\"><strong>FORTUNA Bleu ciel<\/strong> est un <strong data-start=\"299\" data-end=\"343\">bijou de bouton carr\u00e9 en \u00e9mail bleu ciel<\/strong>, orn\u00e9 d\u2019un tr\u00e8fle scintillant serti de strass dor\u00e9. V\u00e9ritable <strong data-start=\"406\" data-end=\"423\">porte-bonheur<\/strong>, ce bijou amovible associe \u00e9l\u00e9gance, symbolique et modernit\u00e9.<\/p>\n<p data-start=\"487\" data-end=\"730\">Inspir\u00e9 des bijoux vintage revisit\u00e9s, ce <strong data-start=\"528\" data-end=\"553\">bijou de bouton femme<\/strong> incarne l\u2019univers SUZON : un style couture, intemporel et audacieux. Sa teinte bleu ciel apporte une touche lumineuse et raffin\u00e9e, id\u00e9ale pour sublimer vos tenues du quotidien.<\/p>\n<p data-start=\"732\" data-end=\"937\">Pens\u00e9 comme un <strong data-start=\"747\" data-end=\"785\">accessoire de mode interchangeable<\/strong>, <strong>FORTUNA Bleu ciel<\/strong> se clipse facilement sur une chemise, un gilet, une maille ou un manteau. Il transforme instantan\u00e9ment un v\u00eatement basique en pi\u00e8ce signature.<\/p>\n<h2 data-section-id=\"wp9ous\" data-start=\"944\" data-end=\"988\"><span role=\"text\"><strong data-start=\"947\" data-end=\"988\"><br \/>\nPourquoi choisir ce bijou de bouton ?<\/strong><\/span><\/h2>\n<ul data-start=\"989\" data-end=\"1261\">\n<li data-section-id=\"o2n868\" data-start=\"989\" data-end=\"1031\">Bijou de bouton <strong data-start=\"1007\" data-end=\"1031\">original et amovible<\/strong><\/li>\n<li data-section-id=\"916vfb\" data-start=\"1032\" data-end=\"1081\">Symbole de <strong data-start=\"1045\" data-end=\"1081\">chance, protection et prosp\u00e9rit\u00e9<\/strong><\/li>\n<li data-section-id=\"1gx71ao\" data-start=\"1082\" data-end=\"1123\">Design <strong data-start=\"1091\" data-end=\"1111\">vintage revisit\u00e9<\/strong> et tendance<\/li>\n<li data-section-id=\"1avo6mp\" data-start=\"1124\" data-end=\"1177\">Couleur <strong data-start=\"1134\" data-end=\"1177\">bleu ciel \u00e9l\u00e9gante et facile \u00e0 associer<\/strong><\/li>\n<li data-section-id=\"1piys80\" data-start=\"1178\" data-end=\"1217\">Id\u00e9al comme <strong data-start=\"1192\" data-end=\"1217\">cadeau femme original<\/strong><\/li>\n<li data-section-id=\"16e2wtq\" data-start=\"1218\" data-end=\"1261\">Accessoire mode modulable selon vos looks<\/li>\n<\/ul>\n<h2 data-section-id=\"1z0e2x3\" data-start=\"1268\" data-end=\"1300\"><span role=\"text\"><strong data-start=\"1271\" data-end=\"1300\"><br \/>\nCaract\u00e9ristiques du bijou<\/strong><\/span><\/h2>\n<ul data-start=\"1301\" data-end=\"1532\">\n<li data-section-id=\"11clj23\" data-start=\"1301\" data-end=\"1335\">Type : <strong data-start=\"1310\" data-end=\"1335\">bijou de bouton femme<\/strong><\/li>\n<li data-section-id=\"1xgcn0q\" data-start=\"1336\" data-end=\"1353\">Forme : carr\u00e9<\/li>\n<li data-section-id=\"nqjwmd\" data-start=\"1354\" data-end=\"1387\">Motif : tr\u00e8fle en strass dor\u00e9<\/li>\n<li data-section-id=\"jir2c8\" data-start=\"1388\" data-end=\"1417\">Couleur : \u00e9mail bleu ciel<\/li>\n<li data-section-id=\"1roipgr\" data-start=\"1418\" data-end=\"1443\">Finition : m\u00e9tal dor\u00e9<\/li>\n<li data-section-id=\"vebk1g\" data-start=\"1444\" data-end=\"1488\">Fixation : clip (amovible, sans couture)<\/li>\n<li data-section-id=\"1jprkdw\" data-start=\"1489\" data-end=\"1532\">Style : vintage, couture, porte-bonheur<\/li>\n<\/ul>","protected":false},"excerpt":{"rendered":"<p data-start=\"284\" data-end=\"485\"><strong>FORTUNA Bleu ciel<\/strong> est un <strong data-start=\"299\" data-end=\"343\">bijou de bouton carr\u00e9 en \u00e9mail bleu ciel<\/strong>, orn\u00e9 d\u2019un tr\u00e8fle scintillant serti de strass dor\u00e9. V\u00e9ritable <strong data-start=\"406\" data-end=\"423\">porte-bonheur<\/strong>, ce bijou amovible associe \u00e9l\u00e9gance, symbolique et modernit\u00e9.<\/p>\n<p data-start=\"487\" data-end=\"730\">Inspir\u00e9 des bijoux vintage revisit\u00e9s, ce <strong data-start=\"528\" data-end=\"553\">bijou de bouton femme<\/strong> incarne l\u2019univers SUZON : un style couture, intemporel et audacieux. Sa teinte bleu ciel apporte une touche lumineuse et raffin\u00e9e, id\u00e9ale pour sublimer vos tenues du quotidien.<\/p>\n<p data-start=\"732\" data-end=\"937\">Pens\u00e9 comme un <strong data-start=\"747\" data-end=\"785\">accessoire de mode interchangeable<\/strong>, <strong>FORTUNA Bleu ciel<\/strong> se clipse facilement sur une chemise, un gilet, une maille ou un manteau. Il transforme instantan\u00e9ment un v\u00eatement basique en pi\u00e8ce signature.<\/p>","protected":false},"featured_media":13144,"comment_status":"open","ping_status":"closed","template":"","meta":{"iawp_total_views":21,"_joinchat":[]},"product_brand":[],"product_cat":[73,62,78,85,15],"product_tag":[],"class_list":{"0":"post-13078","1":"product","2":"type-product","3":"status-publish","4":"has-post-thumbnail","6":"product_cat-bijou-de-bouton-art-deco","7":"product_cat-les-bijoux-de-bouton","8":"product_cat-bijou-de-bouton-dore","9":"product_cat-les-nouveautes-suzon","10":"product_cat-tous-les-produits","12":"first","13":"instock","14":"taxable","15":"shipping-taxable","16":"purchasable","17":"product-type-variable"},"bundled_by":[],"bundle_stock_status":"instock","bundle_stock_quantity":null,"bundle_virtual":false,"bundle_layout":"","bundle_add_to_cart_form_location":"","bundle_editable_in_cart":false,"bundle_sold_individually_context":"","bundle_item_grouping":"","bundle_min_size":"","bundle_max_size":"","bundle_price":[],"bundled_items":[],"bundle_sell_ids":[],"supplier_id":null,"supplier_sku":"","barcode":null,"atum_controlled":true,"out_stock_date":null,"out_stock_threshold":null,"inheritable":true,"inbound_stock":null,"stock_on_hold":3,"sold_today":0,"sales_last_days":3,"reserved_stock":null,"customer_returns":null,"warehouse_damage":null,"lost_in_post":null,"other_logs":null,"out_stock_days":0,"lost_sales":0,"has_location":false,"update_date":"2026-04-06T00:01:33","atum_locations":[],"atum_stock_status":"instock","restock_status":false,"low_stock_amount":"","sales_update_date":"2026-04-03T01:40:17","calc_backorders":null,"_links":{"self":[{"href":"https:\/\/lalogedesuzon.com\/en\/wp-json\/wp\/v2\/product\/13078","targetHints":{"allow":["GET"]}}],"collection":[{"href":"https:\/\/lalogedesuzon.com\/en\/wp-json\/wp\/v2\/product"}],"about":[{"href":"https:\/\/lalogedesuzon.com\/en\/wp-json\/wp\/v2\/types\/product"}],"replies":[{"embeddable":true,"href":"https:\/\/lalogedesuzon.com\/en\/wp-json\/wp\/v2\/comments?post=13078"}],"wp:featuredmedia":[{"embeddable":true,"href":"https:\/\/lalogedesuzon.com\/en\/wp-json\/wp\/v2\/media\/13144"}],"wp:attachment":[{"href":"https:\/\/lalogedesuzon.com\/en\/wp-json\/wp\/v2\/media?parent=13078"}],"wp:term":[{"taxonomy":"product_brand","embeddable":true,"href":"https:\/\/lalogedesuzon.com\/en\/wp-json\/wp\/v2\/product_brand?post=13078"},{"taxonomy":"product_cat","embeddable":true,"href":"https:\/\/lalogedesuzon.com\/en\/wp-json\/wp\/v2\/product_cat?post=13078"},{"taxonomy":"product_tag","embeddable":true,"href":"https:\/\/lalogedesuzon.com\/en\/wp-json\/wp\/v2\/product_tag?post=13078"}],"curies":[{"name":"wp","href":"https:\/\/api.w.org\/{rel}","templated":true}]}}