{"id":13093,"date":"2026-04-01T21:23:55","date_gmt":"2026-04-01T19:23:55","guid":{"rendered":"https:\/\/lalogedesuzon.com\/?post_type=product&#038;p=13093"},"modified":"2026-04-07T18:18:36","modified_gmt":"2026-04-07T16:18:36","slug":"clip-croix-versailles-jaune-aurore","status":"publish","type":"product","link":"https:\/\/lalogedesuzon.com\/en\/product\/clip-croix-versailles-jaune-aurore\/","title":{"rendered":"Clip Croix Versailles Jaune Aurore"},"content":{"rendered":"<p data-start=\"143\" data-end=\"404\">La Croix Versailles Aurore s\u2019impose comme une pi\u00e8ce de caract\u00e8re, \u00e0 la fois baroque et intemporelle.<br data-start=\"243\" data-end=\"246\" \/>Sign\u00e9e SUZON H\u00e9ritage, elle s\u2019inspire des ornements sacr\u00e9s et des joyaux d\u2019apparat du Grand Si\u00e8cle, r\u00e9interpr\u00e9t\u00e9s dans une version lumineuse, presque c\u00e9leste.<\/p>\n<p data-start=\"406\" data-end=\"663\">Son m\u00e9tal dor\u00e9 patin\u00e9 encadre une mosa\u00efque de cristaux <strong data-start=\"461\" data-end=\"477\">jaune aurore<\/strong> taill\u00e9s \u00e0 facettes, dont l\u2019\u00e9clat \u00e9voque les premi\u00e8res lueurs du jour. Une lumi\u00e8re douce mais vibrante, qui capte chaque reflet et r\u00e9v\u00e8le une brillance chaleureuse, solaire et pr\u00e9cieuse.<\/p>\n<p data-start=\"665\" data-end=\"905\">La Croix Versailles Aurore se clippe sur une veste, une chemise blanche ou un sac en cuir pour illuminer la silhouette avec justesse. V\u00e9ritable pi\u00e8ce signature, elle incarne une \u00e9l\u00e9gance rayonnante, \u00e0 la crois\u00e9e du sacr\u00e9 et du contemporain.<\/p>\n<h2 data-section-id=\"1r3aex7\" data-start=\"912\" data-end=\"926\"><span role=\"text\"><strong data-start=\"915\" data-end=\"926\"><br \/>\nD\u00e9tails<\/strong><\/span><\/h2>\n<p data-start=\"928\" data-end=\"1146\">\u2022 Cr\u00e9ation SUZON H\u00e9ritage<br data-start=\"953\" data-end=\"956\" \/>\u2022 Finition : m\u00e9tal dor\u00e9 vieilli<br data-start=\"987\" data-end=\"990\" \/>\u2022 Ornement : cristaux jaune aurore facett\u00e9s<br data-start=\"1033\" data-end=\"1036\" \/>\u2022 Style : baroque, sacr\u00e9, couture<br data-start=\"1069\" data-end=\"1072\" \/>\u2022 Syst\u00e8me de clip invisible et polyvalent (v\u00eatements, sacs, accessoires)<\/p>","protected":false},"excerpt":{"rendered":"<p data-start=\"143\" data-end=\"404\">La Croix Versailles Aurore s\u2019impose comme une pi\u00e8ce de caract\u00e8re, \u00e0 la fois baroque et intemporelle.<br data-start=\"243\" data-end=\"246\" \/>Sign\u00e9e SUZON H\u00e9ritage, elle s\u2019inspire des ornements sacr\u00e9s et des joyaux d\u2019apparat du Grand Si\u00e8cle, r\u00e9interpr\u00e9t\u00e9s dans une version lumineuse, presque c\u00e9leste.<\/p>\n<p data-start=\"406\" data-end=\"663\">Son m\u00e9tal dor\u00e9 patin\u00e9 encadre une mosa\u00efque de cristaux <strong data-start=\"461\" data-end=\"477\">jaune aurore<\/strong> taill\u00e9s \u00e0 facettes, dont l\u2019\u00e9clat \u00e9voque les premi\u00e8res lueurs du jour. Une lumi\u00e8re douce mais vibrante, qui capte chaque reflet et r\u00e9v\u00e8le une brillance chaleureuse, solaire et pr\u00e9cieuse.<\/p>\n<p data-start=\"665\" data-end=\"905\">La Croix Versailles Aurore se clippe sur une veste, une chemise blanche ou un sac en cuir pour illuminer la silhouette avec justesse. V\u00e9ritable pi\u00e8ce signature, elle incarne une \u00e9l\u00e9gance rayonnante, \u00e0 la crois\u00e9e du sacr\u00e9 et du contemporain.<\/p>\n<p>.<\/p>","protected":false},"featured_media":13124,"comment_status":"open","ping_status":"closed","template":"","meta":{"iawp_total_views":27,"_joinchat":[]},"product_brand":[],"product_cat":[35,48,85,51,15],"product_tag":[],"class_list":{"0":"post-13093","1":"product","2":"type-product","3":"status-publish","4":"has-post-thumbnail","6":"product_cat-les-clips","7":"product_cat-les-laitons","8":"product_cat-les-nouveautes-suzon","9":"product_cat-les-rococos","10":"product_cat-tous-les-produits","12":"first","13":"instock","14":"taxable","15":"shipping-taxable","16":"purchasable","17":"product-type-variable"},"bundled_by":[],"bundle_stock_status":"instock","bundle_stock_quantity":10,"bundle_virtual":false,"bundle_layout":"","bundle_add_to_cart_form_location":"","bundle_editable_in_cart":false,"bundle_sold_individually_context":"","bundle_item_grouping":"","bundle_min_size":"","bundle_max_size":"","bundle_price":[],"bundled_items":[],"bundle_sell_ids":[9229],"supplier_id":null,"supplier_sku":"","barcode":null,"atum_controlled":true,"out_stock_date":null,"out_stock_threshold":null,"inheritable":true,"inbound_stock":null,"stock_on_hold":1,"sold_today":0,"sales_last_days":3,"reserved_stock":null,"customer_returns":null,"warehouse_damage":null,"lost_in_post":null,"other_logs":null,"out_stock_days":0,"lost_sales":0,"has_location":false,"update_date":"2026-04-11T00:05:33","atum_locations":[],"atum_stock_status":"instock","restock_status":false,"low_stock_amount":"","sales_update_date":"2026-04-11T00:05:33","calc_backorders":null,"_links":{"self":[{"href":"https:\/\/lalogedesuzon.com\/en\/wp-json\/wp\/v2\/product\/13093","targetHints":{"allow":["GET"]}}],"collection":[{"href":"https:\/\/lalogedesuzon.com\/en\/wp-json\/wp\/v2\/product"}],"about":[{"href":"https:\/\/lalogedesuzon.com\/en\/wp-json\/wp\/v2\/types\/product"}],"replies":[{"embeddable":true,"href":"https:\/\/lalogedesuzon.com\/en\/wp-json\/wp\/v2\/comments?post=13093"}],"wp:featuredmedia":[{"embeddable":true,"href":"https:\/\/lalogedesuzon.com\/en\/wp-json\/wp\/v2\/media\/13124"}],"wp:attachment":[{"href":"https:\/\/lalogedesuzon.com\/en\/wp-json\/wp\/v2\/media?parent=13093"}],"wp:term":[{"taxonomy":"product_brand","embeddable":true,"href":"https:\/\/lalogedesuzon.com\/en\/wp-json\/wp\/v2\/product_brand?post=13093"},{"taxonomy":"product_cat","embeddable":true,"href":"https:\/\/lalogedesuzon.com\/en\/wp-json\/wp\/v2\/product_cat?post=13093"},{"taxonomy":"product_tag","embeddable":true,"href":"https:\/\/lalogedesuzon.com\/en\/wp-json\/wp\/v2\/product_tag?post=13093"}],"curies":[{"name":"wp","href":"https:\/\/api.w.org\/{rel}","templated":true}]}}