{"id":13115,"date":"2026-04-01T22:00:39","date_gmt":"2026-04-01T20:00:39","guid":{"rendered":"https:\/\/lalogedesuzon.com\/?post_type=product&#038;p=13115"},"modified":"2026-04-07T18:18:36","modified_gmt":"2026-04-07T16:18:36","slug":"clip-venus-dore-strass","status":"publish","type":"product","link":"https:\/\/lalogedesuzon.com\/en\/product\/clip-venus-dore-strass\/","title":{"rendered":"Clip V\u00e9nus dor\u00e9 strass"},"content":{"rendered":"<p data-start=\"138\" data-end=\"352\">Le clip <strong>V\u00e9nus dor\u00e9 strass<\/strong>\u00a0r\u00e9v\u00e8le une lumi\u00e8re pure et pr\u00e9cieuse.<br data-start=\"201\" data-end=\"204\" \/>Une composition d\u00e9licate o\u00f9 le m\u00e9tal dor\u00e9 encadre des strass lumineux et des perles aux reflets nacr\u00e9s, pour un \u00e9clat \u00e0 la fois subtil et captivant.<\/p>\n<p data-start=\"354\" data-end=\"541\">Inspir\u00e9 des parures anciennes, ce bijou revisite l\u2019ornement dans une version plus \u00e9pur\u00e9e, presque a\u00e9rienne.<br data-start=\"461\" data-end=\"464\" \/>La lumi\u00e8re se diffuse, se pose, souligne les lignes sans jamais les alourdir.<\/p>\n<p data-start=\"543\" data-end=\"587\">Un \u00e9quilibre parfait entre \u00e9clat et retenue.<\/p>\n<p data-start=\"589\" data-end=\"749\">Port\u00e9 sur une veste, une chemise ou un accessoire, <strong>V\u00e9nus dor\u00e9 strass<\/strong> illumine la silhouette avec justesse.<br data-start=\"691\" data-end=\"694\" \/>Une pi\u00e8ce signature, \u00e0 la fois couture et intemporelle.<\/p>\n<hr data-start=\"751\" data-end=\"754\" \/>\n<h2 data-section-id=\"1r3aex7\" data-start=\"756\" data-end=\"770\"><span role=\"text\"><strong data-start=\"759\" data-end=\"770\">D\u00e9tails<\/strong><\/span><\/h2>\n<p data-start=\"772\" data-end=\"909\">\u2022 M\u00e9tal dor\u00e9<br data-start=\"784\" data-end=\"787\" \/>\u2022 Strass lumineux<br data-start=\"804\" data-end=\"807\" \/>\u2022 Perles nacr\u00e9es<br data-start=\"823\" data-end=\"826\" \/>\u2022 Style : couture, lumineux, intemporel<br data-start=\"865\" data-end=\"868\" \/>\u2022 Syst\u00e8me de clip discret et polyvalent<\/p>","protected":false},"excerpt":{"rendered":"<p data-start=\"138\" data-end=\"352\">Le clip <strong>V\u00e9nus dor\u00e9 strass<\/strong>\u00a0r\u00e9v\u00e8le une lumi\u00e8re pure et pr\u00e9cieuse.<br data-start=\"201\" data-end=\"204\" \/>Une composition d\u00e9licate o\u00f9 le m\u00e9tal dor\u00e9 encadre des strass lumineux et des perles aux reflets nacr\u00e9s, pour un \u00e9clat \u00e0 la fois subtil et captivant.<\/p>\n<p data-start=\"354\" data-end=\"541\">Inspir\u00e9 des parures anciennes, ce bijou revisite l\u2019ornement dans une version plus \u00e9pur\u00e9e, presque a\u00e9rienne.<br data-start=\"461\" data-end=\"464\" \/>La lumi\u00e8re se diffuse, se pose, souligne les lignes sans jamais les alourdir.<\/p>\n<p data-start=\"543\" data-end=\"587\">Un \u00e9quilibre parfait entre \u00e9clat et retenue.<\/p>\n<p data-start=\"589\" data-end=\"749\">Port\u00e9 sur une veste, une chemise ou un accessoire, <strong>V\u00e9nus dor\u00e9 strass<\/strong> illumine la silhouette avec justesse.<br data-start=\"691\" data-end=\"694\" \/>Une pi\u00e8ce signature, \u00e0 la fois couture et intemporelle.<\/p>","protected":false},"featured_media":13139,"comment_status":"open","ping_status":"closed","template":"","meta":{"iawp_total_views":17,"_joinchat":[]},"product_brand":[],"product_cat":[35,48,85,15],"product_tag":[],"class_list":{"0":"post-13115","1":"product","2":"type-product","3":"status-publish","4":"has-post-thumbnail","6":"product_cat-les-clips","7":"product_cat-les-laitons","8":"product_cat-les-nouveautes-suzon","9":"product_cat-tous-les-produits","11":"first","12":"instock","13":"taxable","14":"shipping-taxable","15":"purchasable","16":"product-type-variable"},"bundled_by":[],"bundle_stock_status":"instock","bundle_stock_quantity":null,"bundle_virtual":false,"bundle_layout":"","bundle_add_to_cart_form_location":"","bundle_editable_in_cart":false,"bundle_sold_individually_context":"","bundle_item_grouping":"","bundle_min_size":"","bundle_max_size":"","bundle_price":[],"bundled_items":[],"bundle_sell_ids":[],"supplier_id":null,"supplier_sku":"","barcode":null,"atum_controlled":true,"out_stock_date":null,"out_stock_threshold":null,"inheritable":true,"inbound_stock":null,"stock_on_hold":2,"sold_today":0,"sales_last_days":8,"reserved_stock":null,"customer_returns":null,"warehouse_damage":null,"lost_in_post":null,"other_logs":null,"out_stock_days":0,"lost_sales":0,"has_location":false,"update_date":"2026-04-11T00:05:32","atum_locations":[],"atum_stock_status":"instock","restock_status":false,"low_stock_amount":"","sales_update_date":"2026-04-11T00:05:32","calc_backorders":null,"_links":{"self":[{"href":"https:\/\/lalogedesuzon.com\/en\/wp-json\/wp\/v2\/product\/13115","targetHints":{"allow":["GET"]}}],"collection":[{"href":"https:\/\/lalogedesuzon.com\/en\/wp-json\/wp\/v2\/product"}],"about":[{"href":"https:\/\/lalogedesuzon.com\/en\/wp-json\/wp\/v2\/types\/product"}],"replies":[{"embeddable":true,"href":"https:\/\/lalogedesuzon.com\/en\/wp-json\/wp\/v2\/comments?post=13115"}],"wp:featuredmedia":[{"embeddable":true,"href":"https:\/\/lalogedesuzon.com\/en\/wp-json\/wp\/v2\/media\/13139"}],"wp:attachment":[{"href":"https:\/\/lalogedesuzon.com\/en\/wp-json\/wp\/v2\/media?parent=13115"}],"wp:term":[{"taxonomy":"product_brand","embeddable":true,"href":"https:\/\/lalogedesuzon.com\/en\/wp-json\/wp\/v2\/product_brand?post=13115"},{"taxonomy":"product_cat","embeddable":true,"href":"https:\/\/lalogedesuzon.com\/en\/wp-json\/wp\/v2\/product_cat?post=13115"},{"taxonomy":"product_tag","embeddable":true,"href":"https:\/\/lalogedesuzon.com\/en\/wp-json\/wp\/v2\/product_tag?post=13115"}],"curies":[{"name":"wp","href":"https:\/\/api.w.org\/{rel}","templated":true}]}}