{"id":13576,"date":"2026-05-02T14:40:44","date_gmt":"2026-05-02T12:40:44","guid":{"rendered":"https:\/\/lalogedesuzon.com\/?post_type=product&#038;p=13576"},"modified":"2026-05-04T18:13:10","modified_gmt":"2026-05-04T16:13:10","slug":"anneau-de-foulard-exvoto","status":"publish","type":"product","link":"https:\/\/lalogedesuzon.com\/en\/product\/anneau-de-foulard-exvoto\/","title":{"rendered":"Anneau de foulard  Exvoto"},"content":{"rendered":"<section class=\"text-token-text-primary w-full focus:outline-none [--shadow-height:45px] has-data-writing-block:pointer-events-none has-data-writing-block:-mt-(--shadow-height) has-data-writing-block:pt-(--shadow-height) [&amp;:has([data-writing-block])&gt;*]:pointer-events-auto R6Vx5W_threadScrollVars scroll-mb-[calc(var(--scroll-root-safe-area-inset-bottom,0px)+var(--thread-response-height))] scroll-mt-(--header-height)\" dir=\"auto\" data-turn-id=\"d3a934df-21cd-45f0-be69-abcf30e022cb\" data-testid=\"conversation-turn-1\" data-scroll-anchor=\"false\" data-turn=\"user\">\n<div class=\"text-base my-auto mx-auto pt-3 [--thread-content-margin:var(--thread-content-margin-xs,calc(var(--spacing)*4))] @w-sm\/main:[--thread-content-margin:var(--thread-content-margin-sm,calc(var(--spacing)*6))] @w-lg\/main:[--thread-content-margin:var(--thread-content-margin-lg,calc(var(--spacing)*16))] px-(--thread-content-margin)\">\n<div class=\"[--thread-content-max-width:40rem] @w-lg\/main:[--thread-content-max-width:48rem] mx-auto max-w-(--thread-content-max-width) flex-1 group\/turn-messages focus-visible:outline-hidden relative flex w-full min-w-0 flex-col\">\n<div class=\"flex max-w-full flex-col gap-4 grow\">\n<div class=\"min-h-8 text-message relative flex w-full flex-col items-end gap-2 text-start break-words whitespace-normal outline-none keyboard-focused:focus-ring [.text-message+&amp;]:mt-1\" dir=\"auto\" data-message-author-role=\"user\" data-message-id=\"d3a934df-21cd-45f0-be69-abcf30e022cb\">\n<div class=\"flex w-full flex-col gap-1 empty:hidden items-end rtl:items-start\">\n<div class=\"user-message-bubble-color corner-superellipse\/0.98 relative min-w-0 overflow-hidden rounded-[22px] px-4 py-2.5 leading-6 max-w-(--user-chat-width,70%)\"><strong data-start=\"218\" data-end=\"241\">Description produit<\/strong><\/div>\n<\/div>\n<\/div>\n<\/div>\n<\/div>\n<\/div>\n<\/section>\n<section class=\"text-token-text-primary w-full focus:outline-none [--shadow-height:45px] has-data-writing-block:pointer-events-none has-data-writing-block:-mt-(--shadow-height) has-data-writing-block:pt-(--shadow-height) [&amp;:has([data-writing-block])&gt;*]:pointer-events-auto [content-visibility:auto] supports-[content-visibility:auto]:[contain-intrinsic-size:auto_100lvh] R6Vx5W_threadScrollVars scroll-mb-[calc(var(--scroll-root-safe-area-inset-bottom,0px)+var(--thread-response-height))] scroll-mt-[calc(var(--header-height)+min(200px,max(70px,20svh)))]\" dir=\"auto\" data-turn-id=\"request-WEB:a1aabcaa-17d9-4c99-a7fb-ea5bbdfcc6d0-1\" data-testid=\"conversation-turn-4\" data-scroll-anchor=\"false\" data-turn=\"assistant\">\n<div class=\"text-base my-auto mx-auto [--thread-content-margin:var(--thread-content-margin-xs,calc(var(--spacing)*4))] @w-sm\/main:[--thread-content-margin:var(--thread-content-margin-sm,calc(var(--spacing)*6))] @w-lg\/main:[--thread-content-margin:var(--thread-content-margin-lg,calc(var(--spacing)*16))] px-(--thread-content-margin)\">\n<div class=\"[--thread-content-max-width:40rem] @w-lg\/main:[--thread-content-max-width:48rem] mx-auto max-w-(--thread-content-max-width) flex-1 group\/turn-messages focus-visible:outline-hidden relative flex w-full min-w-0 flex-col agent-turn\">\n<div class=\"flex max-w-full flex-col gap-4 grow\">\n<div class=\"min-h-8 text-message relative flex w-full flex-col items-end gap-2 text-start break-words whitespace-normal outline-none keyboard-focused:focus-ring [.text-message+&amp;]:mt-1\" dir=\"auto\" data-message-author-role=\"assistant\" data-message-id=\"465c484b-0fa8-42aa-afab-020267fe4c79\" data-message-model-slug=\"gpt-5-3\">\n<div class=\"flex w-full flex-col gap-1 empty:hidden\">\n<div class=\"markdown prose dark:prose-invert w-full wrap-break-word light markdown-new-styling\">\n<p data-start=\"218\" data-end=\"339\">L\u2019anneau de foulard Ex-Voto SUZON d\u00e9tourne un symbole iconique pour en faire un bijou \u00e0 porter.<\/p>\n<p data-start=\"341\" data-end=\"543\">Inspir\u00e9 des ex-voto traditionnels, il incarne \u00e0 la fois le mystique, le c\u0153ur sacr\u00e9 et l\u2019\u00e9motion. Sa forme travaill\u00e9e transforme instantan\u00e9ment un foulard, une dentelle ou un par\u00e9o en pi\u00e8ce de caract\u00e8re.<\/p>\n<p data-start=\"545\" data-end=\"699\">Pens\u00e9 comme un bijou, il permet de nouer et maintenir vos mati\u00e8res sans les ab\u00eemer tout en apportant une dimension forte et singuli\u00e8re \u00e0 votre silhouette.<\/p>\n<p data-start=\"701\" data-end=\"876\">\u00c0 porter autour du cou avec un carr\u00e9 de soie, sur une dentelle l\u00e9g\u00e8re, en d\u00e9tail sur un sac, un chapeau ou m\u00eame un par\u00e9o. Une pi\u00e8ce qui traverse les saisons et signe un style.<\/p>\n<\/div>\n<div class=\"markdown prose dark:prose-invert w-full wrap-break-word light markdown-new-styling\">\n<p data-start=\"878\" data-end=\"1087\"><strong data-start=\"1318\" data-end=\"1337\">D\u00e9tails produit<\/strong><\/p>\n<p data-start=\"878\" data-end=\"1087\">Diam\u00e8tre de l\u2019anneau : 1,5 cm<br data-start=\"1369\" data-end=\"1372\" \/>Taille du motif ex-voto : 2,5 cm<\/p>\n<p data-start=\"878\" data-end=\"1087\">Mati\u00e8re :n zamak inoxydable dor\u00e9<br data-start=\"912\" data-end=\"915\" \/>Forme : ex-voto c\u0153ur sacr\u00e9<br data-start=\"941\" data-end=\"944\" \/>Utilisation : foulard, carr\u00e9 de soie, dentelle, par\u00e9o, \u00e9tole l\u00e9g\u00e8re<br data-start=\"1011\" data-end=\"1014\" \/>Style : mystique, r\u00e9tro chic, bijou d\u2019antan revisit\u00e9<br data-start=\"1066\" data-end=\"1069\" \/>Design sign\u00e9 SUZON<\/p>\n<\/div>\n<\/div>\n<\/div>\n<\/div>\n<\/div>\n<\/div>\n<\/section>\n","protected":false},"excerpt":{"rendered":"<p data-start=\"53\" data-end=\"216\">Un anneau de foulard bijou en forme d\u2019ex-voto, symbole sacr\u00e9 r\u00e9interpr\u00e9t\u00e9 en accessoire de style. Une pi\u00e8ce forte, pr\u00e9cieuse et signature.<\/p>\n<p data-start=\"609\" data-end=\"688\">Il transforme un carr\u00e9 de soie en pi\u00e8ce structur\u00e9e, sans n\u0153ud, sans contrainte.<\/p>","protected":false},"featured_media":13663,"comment_status":"open","ping_status":"closed","template":"","meta":{"iawp_total_views":47,"_joinchat":[]},"product_brand":[],"product_cat":[141,110,85,136,15],"product_tag":[],"class_list":{"0":"post-13576","1":"product","2":"type-product","3":"status-publish","4":"has-post-thumbnail","6":"product_cat-entre-tulle-et-dentelle","7":"product_cat-foulards-et-bijoux","8":"product_cat-les-nouveautes-suzon","9":"product_cat-selection-fete-des-meres","10":"product_cat-tous-les-produits","12":"first","13":"instock","14":"taxable","15":"shipping-taxable","16":"purchasable","17":"product-type-simple"},"bundled_by":[],"bundle_stock_status":"instock","bundle_stock_quantity":null,"bundle_virtual":false,"bundle_layout":"","bundle_add_to_cart_form_location":"","bundle_editable_in_cart":false,"bundle_sold_individually_context":"","bundle_item_grouping":"","bundle_min_size":"","bundle_max_size":"","bundle_price":[],"bundled_items":[],"bundle_sell_ids":[],"supplier_id":null,"supplier_sku":"","barcode":null,"atum_controlled":true,"out_stock_date":null,"out_stock_threshold":null,"inheritable":false,"inbound_stock":null,"stock_on_hold":1,"sold_today":1,"sales_last_days":10,"reserved_stock":null,"customer_returns":null,"warehouse_damage":null,"lost_in_post":null,"other_logs":null,"out_stock_days":0,"lost_sales":0,"has_location":false,"update_date":"2026-05-14T08:03:50","atum_locations":[],"atum_stock_status":"instock","restock_status":false,"low_stock_amount":"","sales_update_date":"2026-05-14T08:03:50","calc_backorders":null,"_links":{"self":[{"href":"https:\/\/lalogedesuzon.com\/en\/wp-json\/wp\/v2\/product\/13576","targetHints":{"allow":["GET"]}}],"collection":[{"href":"https:\/\/lalogedesuzon.com\/en\/wp-json\/wp\/v2\/product"}],"about":[{"href":"https:\/\/lalogedesuzon.com\/en\/wp-json\/wp\/v2\/types\/product"}],"replies":[{"embeddable":true,"href":"https:\/\/lalogedesuzon.com\/en\/wp-json\/wp\/v2\/comments?post=13576"}],"wp:featuredmedia":[{"embeddable":true,"href":"https:\/\/lalogedesuzon.com\/en\/wp-json\/wp\/v2\/media\/13663"}],"wp:attachment":[{"href":"https:\/\/lalogedesuzon.com\/en\/wp-json\/wp\/v2\/media?parent=13576"}],"wp:term":[{"taxonomy":"product_brand","embeddable":true,"href":"https:\/\/lalogedesuzon.com\/en\/wp-json\/wp\/v2\/product_brand?post=13576"},{"taxonomy":"product_cat","embeddable":true,"href":"https:\/\/lalogedesuzon.com\/en\/wp-json\/wp\/v2\/product_cat?post=13576"},{"taxonomy":"product_tag","embeddable":true,"href":"https:\/\/lalogedesuzon.com\/en\/wp-json\/wp\/v2\/product_tag?post=13576"}],"curies":[{"name":"wp","href":"https:\/\/api.w.org\/{rel}","templated":true}]}}