{"id":13589,"date":"2026-05-04T11:14:55","date_gmt":"2026-05-04T09:14:55","guid":{"rendered":"https:\/\/lalogedesuzon.com\/?post_type=product&#038;p=13589"},"modified":"2026-05-04T18:28:42","modified_gmt":"2026-05-04T16:28:42","slug":"anneau-de-foulard-coquillage-goutte-rose-tendre","status":"publish","type":"product","link":"https:\/\/lalogedesuzon.com\/en\/product\/anneau-de-foulard-coquillage-goutte-rose-tendre\/","title":{"rendered":"Anneau de foulard coquillage goutte rose tendre"},"content":{"rendered":"<section class=\"text-token-text-primary w-full focus:outline-none [--shadow-height:45px] has-data-writing-block:pointer-events-none has-data-writing-block:-mt-(--shadow-height) has-data-writing-block:pt-(--shadow-height) [&amp;:has([data-writing-block])&gt;*]:pointer-events-auto R6Vx5W_threadScrollVars scroll-mb-[calc(var(--scroll-root-safe-area-inset-bottom,0px)+var(--thread-response-height))] scroll-mt-(--header-height)\" dir=\"auto\" data-turn-id=\"d3a934df-21cd-45f0-be69-abcf30e022cb\" data-testid=\"conversation-turn-1\" data-scroll-anchor=\"false\" data-turn=\"user\">\n<div class=\"text-base my-auto mx-auto pt-3 [--thread-content-margin:var(--thread-content-margin-xs,calc(var(--spacing)*4))] @w-sm\/main:[--thread-content-margin:var(--thread-content-margin-sm,calc(var(--spacing)*6))] @w-lg\/main:[--thread-content-margin:var(--thread-content-margin-lg,calc(var(--spacing)*16))] px-(--thread-content-margin)\">\n<div class=\"[--thread-content-max-width:40rem] @w-lg\/main:[--thread-content-max-width:48rem] mx-auto max-w-(--thread-content-max-width) flex-1 group\/turn-messages focus-visible:outline-hidden relative flex w-full min-w-0 flex-col\">\n<div class=\"flex max-w-full flex-col gap-4 grow\">\n<div class=\"min-h-8 text-message relative flex w-full flex-col items-end gap-2 text-start break-words whitespace-normal outline-none keyboard-focused:focus-ring [.text-message+&amp;]:mt-1\" dir=\"auto\" data-message-author-role=\"user\" data-message-id=\"d3a934df-21cd-45f0-be69-abcf30e022cb\">\n<div class=\"flex w-full flex-col gap-1 empty:hidden items-end rtl:items-start\">\n<div class=\"user-message-bubble-color corner-superellipse\/0.98 relative min-w-0 overflow-hidden rounded-[22px] px-4 py-2.5 leading-6 max-w-(--user-chat-width,70%)\"><strong data-start=\"319\" data-end=\"343\">Description compl\u00e8te<\/strong><\/div>\n<\/div>\n<\/div>\n<\/div>\n<\/div>\n<\/div>\n<\/section>\n<section class=\"text-token-text-primary w-full focus:outline-none [--shadow-height:45px] has-data-writing-block:pointer-events-none has-data-writing-block:-mt-(--shadow-height) has-data-writing-block:pt-(--shadow-height) [&amp;:has([data-writing-block])&gt;*]:pointer-events-auto [content-visibility:auto] supports-[content-visibility:auto]:[contain-intrinsic-size:auto_100lvh] R6Vx5W_threadScrollVars scroll-mb-[calc(var(--scroll-root-safe-area-inset-bottom,0px)+var(--thread-response-height))] scroll-mt-[calc(var(--header-height)+min(200px,max(70px,20svh)))]\" dir=\"auto\" data-turn-id=\"request-WEB:a1aabcaa-17d9-4c99-a7fb-ea5bbdfcc6d0-1\" data-testid=\"conversation-turn-4\" data-scroll-anchor=\"false\" data-turn=\"assistant\">\n<div class=\"text-base my-auto mx-auto [--thread-content-margin:var(--thread-content-margin-xs,calc(var(--spacing)*4))] @w-sm\/main:[--thread-content-margin:var(--thread-content-margin-sm,calc(var(--spacing)*6))] @w-lg\/main:[--thread-content-margin:var(--thread-content-margin-lg,calc(var(--spacing)*16))] px-(--thread-content-margin)\">\n<div class=\"[--thread-content-max-width:40rem] @w-lg\/main:[--thread-content-max-width:48rem] mx-auto max-w-(--thread-content-max-width) flex-1 group\/turn-messages focus-visible:outline-hidden relative flex w-full min-w-0 flex-col agent-turn\">\n<div class=\"flex max-w-full flex-col gap-4 grow\">\n<div class=\"min-h-8 text-message relative flex w-full flex-col items-end gap-2 text-start break-words whitespace-normal outline-none keyboard-focused:focus-ring [.text-message+&amp;]:mt-1\" dir=\"auto\" data-message-author-role=\"assistant\" data-message-id=\"465c484b-0fa8-42aa-afab-020267fe4c79\" data-message-model-slug=\"gpt-5-3\">\n<div class=\"flex w-full flex-col gap-1 empty:hidden\">\n<div class=\"markdown prose dark:prose-invert w-full wrap-break-word light markdown-new-styling\">\n<div class=\"relative basis-auto flex-col -mb-(--composer-overlap-px) pb-(--composer-overlap-px) [--composer-overlap-px:28px] grow flex\">\n<div class=\"flex flex-col text-sm\">\n<section class=\"text-token-text-primary w-full focus:outline-none [--shadow-height:45px] has-data-writing-block:pointer-events-none has-data-writing-block:-mt-(--shadow-height) has-data-writing-block:pt-(--shadow-height) [&amp;:has([data-writing-block])&gt;*]:pointer-events-auto [content-visibility:auto] supports-[content-visibility:auto]:[contain-intrinsic-size:auto_100lvh] R6Vx5W_threadScrollVars scroll-mb-[calc(var(--scroll-root-safe-area-inset-bottom,0px)+var(--thread-response-height))] scroll-mt-[calc(var(--header-height)+min(200px,max(70px,20svh)))]\" dir=\"auto\" data-turn-id=\"request-WEB:a1aabcaa-17d9-4c99-a7fb-ea5bbdfcc6d0-11\" data-testid=\"conversation-turn-24\" data-scroll-anchor=\"false\" data-turn=\"assistant\">\n<div class=\"text-base my-auto mx-auto pb-10 [--thread-content-margin:var(--thread-content-margin-xs,calc(var(--spacing)*4))] @w-sm\/main:[--thread-content-margin:var(--thread-content-margin-sm,calc(var(--spacing)*6))] @w-lg\/main:[--thread-content-margin:var(--thread-content-margin-lg,calc(var(--spacing)*16))] px-(--thread-content-margin)\">\n<div class=\"[--thread-content-max-width:40rem] @w-lg\/main:[--thread-content-max-width:48rem] mx-auto max-w-(--thread-content-max-width) flex-1 group\/turn-messages focus-visible:outline-hidden relative flex w-full min-w-0 flex-col agent-turn\">\n<div class=\"flex max-w-full flex-col gap-4 grow\">\n<div class=\"min-h-8 text-message relative flex w-full flex-col items-end gap-2 text-start break-words whitespace-normal outline-none keyboard-focused:focus-ring [.text-message+&amp;]:mt-1\" dir=\"auto\" tabindex=\"0\" data-message-author-role=\"assistant\" data-message-id=\"a61bf8d7-8b78-4371-abe8-19aa64e553d7\" data-message-model-slug=\"gpt-5-3\" data-turn-start-message=\"true\">\n<div class=\"flex w-full flex-col gap-1 empty:hidden\">\n<div class=\"markdown prose dark:prose-invert w-full wrap-break-word light markdown-new-styling\">\n<p data-start=\"319\" data-end=\"456\">L\u2019anneau de foulard <em data-start=\"366\" data-end=\"393\">Coquillage Goutte d\u2019\u00c9cume<\/em> SUZON capture la beaut\u00e9 des rivages et la transforme en bijou.<\/p>\n<p data-start=\"458\" data-end=\"655\">Inspir\u00e9 des coquillages d\u00e9licats et du mouvement de l\u2019\u00e9cume, son design \u00e9voque un tr\u00e9sor marin pr\u00e9cieux. Au centre, une pierre en forme de goutte capte la lumi\u00e8re et attire naturellement le regard.<\/p>\n<p data-start=\"657\" data-end=\"822\">Pens\u00e9 comme un v\u00e9ritable bijou, il permet de porter et structurer vos foulards sans les ab\u00eemer, tout en apportant une touche lumineuse et raffin\u00e9e \u00e0 votre silhouette.<\/p>\n<p data-start=\"824\" data-end=\"958\">Il sublime toutes les mati\u00e8res : carr\u00e9 de soie, dentelle, par\u00e9o ou \u00e9tole l\u00e9g\u00e8re. En un geste, il transforme un foulard en pi\u00e8ce forte.<\/p>\n<p data-start=\"1066\" data-end=\"1197\">Une cr\u00e9ation \u00e9l\u00e9gante et intemporelle, fid\u00e8le \u00e0 l\u2019esprit SUZON : d\u00e9tourner les accessoires pour en faire des bijoux \u00e0 part enti\u00e8re.<\/p>\n<hr data-start=\"1199\" data-end=\"1202\" \/>\n<p data-start=\"1204\" data-end=\"1522\"><strong data-start=\"1204\" data-end=\"1223\">D\u00e9tails produit<\/strong><br data-start=\"1223\" data-end=\"1226\" \/>Diam\u00e8tre de l\u2019anneau : 1,5 cm<br data-start=\"1255\" data-end=\"1258\" \/>Taille du motif coquillage : 2,5 cm<br data-start=\"1293\" data-end=\"1296\" \/>Pierre : cristal de verre taill\u00e9, forme goutte rose poudr\u00e9<br data-start=\"1342\" data-end=\"1345\" \/>Mati\u00e8re : m\u00e9tal dor\u00e9<br data-start=\"1365\" data-end=\"1368\" \/>Finition : brillante<br data-start=\"1388\" data-end=\"1391\" \/>Utilisation : foulard, carr\u00e9 de soie, dentelle, par\u00e9o, \u00e9tole l\u00e9g\u00e8re<br data-start=\"1458\" data-end=\"1461\" \/>Style : solaire, r\u00e9tro chic, bijou marin<br data-start=\"1501\" data-end=\"1504\" \/>Design sign\u00e9 SUZON<\/p>\n<\/div>\n<\/div>\n<\/div>\n<\/div>\n<\/div>\n<\/div>\n<\/section>\n<\/div>\n<\/div>\n<div id=\"thread-bottom-container\" class=\"sticky bottom-0 z-10 group\/thread-bottom-container relative isolate w-full basis-auto has-data-has-thread-error:pt-2 has-data-has-thread-error:[box-shadow:var(--sharp-edge-bottom-shadow)] md:border-transparent md:pt-0 dark:border-white\/20 md:dark:border-transparent print:hidden content-fade single-line flex flex-col\">\n<div id=\"thread-bottom\">\n<div>\n<div class=\"text-base mx-auto [--thread-content-margin:var(--thread-content-margin-xs,calc(var(--spacing)*4))] @w-sm\/main:[--thread-content-margin:var(--thread-content-margin-sm,calc(var(--spacing)*6))] @w-lg\/main:[--thread-content-margin:var(--thread-content-margin-lg,calc(var(--spacing)*16))] px-(--thread-content-margin)\">\n<div>\n<div class=\"[--thread-content-max-width:40rem] @w-lg\/main:[--thread-content-max-width:48rem] mx-auto max-w-(--thread-content-max-width) flex-1 mb-[var(--thread-component-gap,1rem)]\">\n<div class=\"pointer-events-auto relative z-1 flex h-(--composer-container-height,100%) max-w-full flex-(--composer-container-flex,1) flex-col\">\n<form class=\"group\/composer w-full\" data-type=\"unified-composer\">\n<div class=\"\">\n<div class=\"bg-token-bg-primary dark:bg-token-bg-elevated-primary dark-oled:bg-token-bg-primary corner-superellipse\/1.1 cursor-text overflow-clip bg-clip-padding p-2.5 contain-inline-size motion-safe:transition-colors motion-safe:duration-200 motion-safe:ease-in-out grid grid-cols-[auto_1fr_auto] [grid-template-areas:'header_header_header'_'leading_primary_trailing'_'._footer_.'] group-data-expanded\/composer:[grid-template-areas:'header_header_header'_'primary_primary_primary'_'leading_footer_trailing'] shadow-short-composer\" data-composer-surface=\"true\">\n<div class=\"flex items-center gap-2 [grid-area:trailing]\">\n<div class=\"relative ms-1\">\n<div>\n<p><!--\/&--><\/p>\n<\/div>\n<\/div>\n<div class=\"ms-auto flex items-center gap-1.5\">\n<div id=\"_r_3_\" class=\"fixed inset-s-[anchor(center)] inset-e-auto top-[calc(anchor(bottom)+var(--spacing))] bottom-auto h-fit -translate-x-1\/2 [position-try-fallbacks:flip-block] overflow-visible bg-transparent z-50\" role=\"tooltip\"><\/div>\n<p>&nbsp;<\/p>\n<div>\n<div class=\"inline-flex\">\n<div><\/div>\n<\/div>\n<\/div>\n<\/div>\n<\/div>\n<\/div>\n<\/div>\n<\/form>\n<\/div>\n<\/div>\n<\/div>\n<\/div>\n<\/div>\n<\/div>\n<\/div>\n<\/div>\n<\/div>\n<\/div>\n<\/div>\n<\/div>\n<\/div>\n<\/section>\n","protected":false},"excerpt":{"rendered":"<p data-start=\"609\" data-end=\"688\">Un anneau de foulard bijou inspir\u00e9 d\u2019un coquillage, sublim\u00e9 par une pierre en forme de goutte. Une pi\u00e8ce lumineuse, d\u00e9licate et signature.<\/p>\n<p data-start=\"609\" data-end=\"688\">Il transforme un carr\u00e9 de soie en pi\u00e8ce structur\u00e9e, sans n\u0153ud, sans contrainte.<\/p>","protected":false},"featured_media":13662,"comment_status":"open","ping_status":"closed","template":"","meta":{"iawp_total_views":27,"_joinchat":[]},"product_brand":[],"product_cat":[141,110,85,136,15],"product_tag":[],"class_list":{"0":"post-13589","1":"product","2":"type-product","3":"status-publish","4":"has-post-thumbnail","6":"product_cat-entre-tulle-et-dentelle","7":"product_cat-foulards-et-bijoux","8":"product_cat-les-nouveautes-suzon","9":"product_cat-selection-fete-des-meres","10":"product_cat-tous-les-produits","12":"first","13":"instock","14":"taxable","15":"shipping-taxable","16":"purchasable","17":"product-type-simple"},"bundled_by":[],"bundle_stock_status":"instock","bundle_stock_quantity":null,"bundle_virtual":false,"bundle_layout":"","bundle_add_to_cart_form_location":"","bundle_editable_in_cart":false,"bundle_sold_individually_context":"","bundle_item_grouping":"","bundle_min_size":"","bundle_max_size":"","bundle_price":[],"bundled_items":[],"bundle_sell_ids":[],"supplier_id":null,"supplier_sku":"","barcode":null,"atum_controlled":true,"out_stock_date":null,"out_stock_threshold":null,"inheritable":false,"inbound_stock":null,"stock_on_hold":1,"sold_today":1,"sales_last_days":6,"reserved_stock":null,"customer_returns":null,"warehouse_damage":null,"lost_in_post":null,"other_logs":null,"out_stock_days":0,"lost_sales":0,"has_location":false,"update_date":"2026-05-14T08:03:50","atum_locations":[],"atum_stock_status":"instock","restock_status":false,"low_stock_amount":"","sales_update_date":"2026-05-14T08:03:49","calc_backorders":null,"_links":{"self":[{"href":"https:\/\/lalogedesuzon.com\/en\/wp-json\/wp\/v2\/product\/13589","targetHints":{"allow":["GET"]}}],"collection":[{"href":"https:\/\/lalogedesuzon.com\/en\/wp-json\/wp\/v2\/product"}],"about":[{"href":"https:\/\/lalogedesuzon.com\/en\/wp-json\/wp\/v2\/types\/product"}],"replies":[{"embeddable":true,"href":"https:\/\/lalogedesuzon.com\/en\/wp-json\/wp\/v2\/comments?post=13589"}],"wp:featuredmedia":[{"embeddable":true,"href":"https:\/\/lalogedesuzon.com\/en\/wp-json\/wp\/v2\/media\/13662"}],"wp:attachment":[{"href":"https:\/\/lalogedesuzon.com\/en\/wp-json\/wp\/v2\/media?parent=13589"}],"wp:term":[{"taxonomy":"product_brand","embeddable":true,"href":"https:\/\/lalogedesuzon.com\/en\/wp-json\/wp\/v2\/product_brand?post=13589"},{"taxonomy":"product_cat","embeddable":true,"href":"https:\/\/lalogedesuzon.com\/en\/wp-json\/wp\/v2\/product_cat?post=13589"},{"taxonomy":"product_tag","embeddable":true,"href":"https:\/\/lalogedesuzon.com\/en\/wp-json\/wp\/v2\/product_tag?post=13589"}],"curies":[{"name":"wp","href":"https:\/\/api.w.org\/{rel}","templated":true}]}}