{"id":13591,"date":"2026-05-04T11:22:11","date_gmt":"2026-05-04T09:22:11","guid":{"rendered":"https:\/\/lalogedesuzon.com\/?post_type=product&#038;p=13591"},"modified":"2026-05-14T23:08:12","modified_gmt":"2026-05-14T21:08:12","slug":"anneau-de-foulard-dome-serti-de-son-strass","status":"publish","type":"product","link":"https:\/\/lalogedesuzon.com\/en\/product\/anneau-de-foulard-dome-serti-de-son-strass\/","title":{"rendered":"Anneau de foulard D\u00f4me serti de son strass"},"content":{"rendered":"<section class=\"text-token-text-primary w-full focus:outline-none [--shadow-height:45px] has-data-writing-block:pointer-events-none has-data-writing-block:-mt-(--shadow-height) has-data-writing-block:pt-(--shadow-height) [&amp;:has([data-writing-block])&gt;*]:pointer-events-auto R6Vx5W_threadScrollVars scroll-mb-[calc(var(--scroll-root-safe-area-inset-bottom,0px)+var(--thread-response-height))] scroll-mt-(--header-height)\" dir=\"auto\" data-turn-id=\"d3a934df-21cd-45f0-be69-abcf30e022cb\" data-testid=\"conversation-turn-1\" data-scroll-anchor=\"false\" data-turn=\"user\">\n<div class=\"text-base my-auto mx-auto pt-3 [--thread-content-margin:var(--thread-content-margin-xs,calc(var(--spacing)*4))] @w-sm\/main:[--thread-content-margin:var(--thread-content-margin-sm,calc(var(--spacing)*6))] @w-lg\/main:[--thread-content-margin:var(--thread-content-margin-lg,calc(var(--spacing)*16))] px-(--thread-content-margin)\">\n<div class=\"[--thread-content-max-width:40rem] @w-lg\/main:[--thread-content-max-width:48rem] mx-auto max-w-(--thread-content-max-width) flex-1 group\/turn-messages focus-visible:outline-hidden relative flex w-full min-w-0 flex-col\">\n<div class=\"flex max-w-full flex-col gap-4 grow\">\n<div class=\"min-h-8 text-message relative flex w-full flex-col items-end gap-2 text-start break-words whitespace-normal outline-none keyboard-focused:focus-ring [.text-message+&amp;]:mt-1\" dir=\"auto\" data-message-author-role=\"user\" data-message-id=\"d3a934df-21cd-45f0-be69-abcf30e022cb\">\n<div class=\"flex w-full flex-col gap-1 empty:hidden items-end rtl:items-start\">L\u2019anneau de foulard <em data-start=\"327\" data-end=\"339\">D\u00f4me \u00c9clat<\/em> SUZON incarne la puret\u00e9 d\u2019un bijou intemporel.<\/div>\n<\/div>\n<\/div>\n<\/div>\n<\/div>\n<\/section>\n<section class=\"text-token-text-primary w-full focus:outline-none [--shadow-height:45px] has-data-writing-block:pointer-events-none has-data-writing-block:-mt-(--shadow-height) has-data-writing-block:pt-(--shadow-height) [&amp;:has([data-writing-block])&gt;*]:pointer-events-auto [content-visibility:auto] supports-[content-visibility:auto]:[contain-intrinsic-size:auto_100lvh] R6Vx5W_threadScrollVars scroll-mb-[calc(var(--scroll-root-safe-area-inset-bottom,0px)+var(--thread-response-height))] scroll-mt-[calc(var(--header-height)+min(200px,max(70px,20svh)))]\" dir=\"auto\" data-turn-id=\"request-WEB:a1aabcaa-17d9-4c99-a7fb-ea5bbdfcc6d0-1\" data-testid=\"conversation-turn-4\" data-scroll-anchor=\"false\" data-turn=\"assistant\">\n<div class=\"text-base my-auto mx-auto [--thread-content-margin:var(--thread-content-margin-xs,calc(var(--spacing)*4))] @w-sm\/main:[--thread-content-margin:var(--thread-content-margin-sm,calc(var(--spacing)*6))] @w-lg\/main:[--thread-content-margin:var(--thread-content-margin-lg,calc(var(--spacing)*16))] px-(--thread-content-margin)\">\n<div class=\"[--thread-content-max-width:40rem] @w-lg\/main:[--thread-content-max-width:48rem] mx-auto max-w-(--thread-content-max-width) flex-1 group\/turn-messages focus-visible:outline-hidden relative flex w-full min-w-0 flex-col agent-turn\">\n<div class=\"flex max-w-full flex-col gap-4 grow\">\n<div class=\"min-h-8 text-message relative flex w-full flex-col items-end gap-2 text-start break-words whitespace-normal outline-none keyboard-focused:focus-ring [.text-message+&amp;]:mt-1\" dir=\"auto\" data-message-author-role=\"assistant\" data-message-id=\"465c484b-0fa8-42aa-afab-020267fe4c79\" data-message-model-slug=\"gpt-5-3\">\n<div class=\"flex w-full flex-col gap-1 empty:hidden\">\n<div class=\"markdown prose dark:prose-invert w-full wrap-break-word light markdown-new-styling\">\n<div class=\"relative basis-auto flex-col -mb-(--composer-overlap-px) pb-(--composer-overlap-px) [--composer-overlap-px:28px] grow flex\">\n<div class=\"flex flex-col text-sm\">\n<section class=\"text-token-text-primary w-full focus:outline-none [--shadow-height:45px] has-data-writing-block:pointer-events-none has-data-writing-block:-mt-(--shadow-height) has-data-writing-block:pt-(--shadow-height) [&amp;:has([data-writing-block])&gt;*]:pointer-events-auto [content-visibility:auto] supports-[content-visibility:auto]:[contain-intrinsic-size:auto_100lvh] R6Vx5W_threadScrollVars scroll-mb-[calc(var(--scroll-root-safe-area-inset-bottom,0px)+var(--thread-response-height))] scroll-mt-[calc(var(--header-height)+min(200px,max(70px,20svh)))]\" dir=\"auto\" data-turn-id=\"request-WEB:a1aabcaa-17d9-4c99-a7fb-ea5bbdfcc6d0-11\" data-testid=\"conversation-turn-24\" data-scroll-anchor=\"false\" data-turn=\"assistant\">\n<div class=\"text-base my-auto mx-auto pb-10 [--thread-content-margin:var(--thread-content-margin-xs,calc(var(--spacing)*4))] @w-sm\/main:[--thread-content-margin:var(--thread-content-margin-sm,calc(var(--spacing)*6))] @w-lg\/main:[--thread-content-margin:var(--thread-content-margin-lg,calc(var(--spacing)*16))] px-(--thread-content-margin)\">\n<div class=\"[--thread-content-max-width:40rem] @w-lg\/main:[--thread-content-max-width:48rem] mx-auto max-w-(--thread-content-max-width) flex-1 group\/turn-messages focus-visible:outline-hidden relative flex w-full min-w-0 flex-col agent-turn\">\n<div class=\"flex max-w-full flex-col gap-4 grow\">\n<div class=\"min-h-8 text-message relative flex w-full flex-col items-end gap-2 text-start break-words whitespace-normal outline-none keyboard-focused:focus-ring [.text-message+&amp;]:mt-1\" dir=\"auto\" tabindex=\"0\" data-message-author-role=\"assistant\" data-message-id=\"a61bf8d7-8b78-4371-abe8-19aa64e553d7\" data-message-model-slug=\"gpt-5-3\" data-turn-start-message=\"true\">\n<div class=\"flex w-full flex-col gap-1 empty:hidden\">\n<div class=\"markdown prose dark:prose-invert w-full wrap-break-word light markdown-new-styling\">\n<p data-start=\"388\" data-end=\"574\">Avec sa forme arrondie et son strass central, il capte la lumi\u00e8re avec subtilit\u00e9 et \u00e9l\u00e9gance. Inspir\u00e9 des bijoux classiques revisit\u00e9s, il apporte une touche pr\u00e9cieuse sans en faire trop.<\/p>\n<p data-start=\"576\" data-end=\"719\">Pens\u00e9 comme un v\u00e9ritable bijou, il permet de nouer et structurer vos foulards sans les ab\u00eemer, tout en ajoutant un \u00e9clat d\u00e9licat \u00e0 votre tenue.<\/p>\n<p data-start=\"721\" data-end=\"926\">Son design \u00e9pur\u00e9 en fait une pi\u00e8ce facile \u00e0 porter au quotidien, tout en restant sophistiqu\u00e9e. Il sublime aussi bien un carr\u00e9 de soie, une dentelle qu\u2019un par\u00e9o, en apportant juste ce qu\u2019il faut de lumi\u00e8re.<\/p>\n<p data-start=\"928\" data-end=\"1040\">\u00c0 porter autour du cou, sur une chemise, un sac ou un chapeau, il devient un essentiel discret mais remarquable.<\/p>\n<p data-start=\"1042\" data-end=\"1100\">Une cr\u00e9ation \u00e9l\u00e9gante et moderne, fid\u00e8le \u00e0 l\u2019esprit SUZON.<\/p>\n<hr data-start=\"1102\" data-end=\"1105\" \/>\n<p data-start=\"1107\" data-end=\"1415\"><strong data-start=\"1107\" data-end=\"1126\">D\u00e9tails produit<\/strong><br data-start=\"1126\" data-end=\"1129\" \/>Diam\u00e8tre de l\u2019anneau : 1,5 cm<br data-start=\"1158\" data-end=\"1161\" \/>Taille du motif d\u00f4me : 2,5 cm<br data-start=\"1190\" data-end=\"1193\" \/>Pierre : strass en cristal de verre<br data-start=\"1228\" data-end=\"1231\" \/>Mati\u00e8re : m\u00e9tal dor\u00e9<br data-start=\"1251\" data-end=\"1254\" \/>Finition : brillante<br data-start=\"1274\" data-end=\"1277\" \/>Utilisation : foulard, carr\u00e9 de soie, dentelle, par\u00e9o, \u00e9tole l\u00e9g\u00e8re<br data-start=\"1344\" data-end=\"1347\" \/>Style : minimaliste, r\u00e9tro chic, bijou lumineux<br data-start=\"1394\" data-end=\"1397\" \/>Design sign\u00e9 SUZON<\/p>\n<\/div>\n<\/div>\n<\/div>\n<\/div>\n<\/div>\n<\/div>\n<\/section>\n<\/div>\n<\/div>\n<\/div>\n<\/div>\n<\/div>\n<\/div>\n<\/div>\n<\/div>\n<\/section>\n","protected":false},"excerpt":{"rendered":"<p data-start=\"609\" data-end=\"688\">Un anneau de foulard bijou au motif d\u00f4me serti d\u2019un strass. Une pi\u00e8ce lumineuse, minimaliste et pr\u00e9cieuse.<\/p>","protected":false},"featured_media":13661,"comment_status":"open","ping_status":"closed","template":"","meta":{"iawp_total_views":51,"_joinchat":[]},"product_brand":[],"product_cat":[141,110,85,136,15],"product_tag":[],"class_list":{"0":"post-13591","1":"product","2":"type-product","3":"status-publish","4":"has-post-thumbnail","6":"product_cat-entre-tulle-et-dentelle","7":"product_cat-foulards-et-bijoux","8":"product_cat-les-nouveautes-suzon","9":"product_cat-selection-fete-des-meres","10":"product_cat-tous-les-produits","12":"first","13":"instock","14":"taxable","15":"shipping-taxable","16":"purchasable","17":"product-type-simple"},"bundled_by":[],"bundle_stock_status":"instock","bundle_stock_quantity":null,"bundle_virtual":false,"bundle_layout":"","bundle_add_to_cart_form_location":"","bundle_editable_in_cart":false,"bundle_sold_individually_context":"","bundle_item_grouping":"","bundle_min_size":"","bundle_max_size":"","bundle_price":[],"bundled_items":[],"bundle_sell_ids":[],"supplier_id":null,"supplier_sku":"","barcode":null,"atum_controlled":true,"out_stock_date":null,"out_stock_threshold":null,"inheritable":false,"inbound_stock":null,"stock_on_hold":2,"sold_today":2,"sales_last_days":16,"reserved_stock":null,"customer_returns":null,"warehouse_damage":null,"lost_in_post":null,"other_logs":null,"out_stock_days":0,"lost_sales":0,"has_location":false,"update_date":"2026-05-14T21:08:15","atum_locations":[],"atum_stock_status":"instock","restock_status":false,"low_stock_amount":"","sales_update_date":"2026-05-14T08:46:50","calc_backorders":null,"_links":{"self":[{"href":"https:\/\/lalogedesuzon.com\/en\/wp-json\/wp\/v2\/product\/13591","targetHints":{"allow":["GET"]}}],"collection":[{"href":"https:\/\/lalogedesuzon.com\/en\/wp-json\/wp\/v2\/product"}],"about":[{"href":"https:\/\/lalogedesuzon.com\/en\/wp-json\/wp\/v2\/types\/product"}],"replies":[{"embeddable":true,"href":"https:\/\/lalogedesuzon.com\/en\/wp-json\/wp\/v2\/comments?post=13591"}],"wp:featuredmedia":[{"embeddable":true,"href":"https:\/\/lalogedesuzon.com\/en\/wp-json\/wp\/v2\/media\/13661"}],"wp:attachment":[{"href":"https:\/\/lalogedesuzon.com\/en\/wp-json\/wp\/v2\/media?parent=13591"}],"wp:term":[{"taxonomy":"product_brand","embeddable":true,"href":"https:\/\/lalogedesuzon.com\/en\/wp-json\/wp\/v2\/product_brand?post=13591"},{"taxonomy":"product_cat","embeddable":true,"href":"https:\/\/lalogedesuzon.com\/en\/wp-json\/wp\/v2\/product_cat?post=13591"},{"taxonomy":"product_tag","embeddable":true,"href":"https:\/\/lalogedesuzon.com\/en\/wp-json\/wp\/v2\/product_tag?post=13591"}],"curies":[{"name":"wp","href":"https:\/\/api.w.org\/{rel}","templated":true}]}}