{"id":13597,"date":"2026-05-04T11:35:04","date_gmt":"2026-05-04T09:35:04","guid":{"rendered":"https:\/\/lalogedesuzon.com\/?post_type=product&#038;p=13597"},"modified":"2026-05-15T10:52:34","modified_gmt":"2026-05-15T08:52:34","slug":"bijou-de-bouton-agnes-ciel-bleu-beurree","status":"publish","type":"product","link":"https:\/\/lalogedesuzon.com\/en\/product\/bijou-de-bouton-agnes-ciel-bleu-beurree\/","title":{"rendered":"Bijou de bouton Agn\u00e8s ciel bleu beurr\u00e9e"},"content":{"rendered":"<p data-start=\"200\" data-end=\"315\">Le bijou de bouton <strong data-start=\"219\" data-end=\"241\">Agn\u00e8s Nuage Beurr\u00e9<\/strong> incarne une \u00e9l\u00e9gance douce et lumineuse, entre ciel poudr\u00e9 et \u00e9clat dor\u00e9.<\/p>\n<p data-start=\"317\" data-end=\"543\">Son design octogonal, inspir\u00e9 de l\u2019art d\u00e9co, d\u00e9voile un centre bleu c\u00e9leste d\u00e9licatement encadr\u00e9 d\u2019un rang de perles nacr\u00e9es. L\u2019ensemble est sublim\u00e9 par un \u00e9mail jaune beurre, signature subtile et solaire de cette d\u00e9clinaison.<\/p>\n<p data-start=\"317\" data-end=\"543\">Le cache bouton se porte sur touts les boutons de chemise de taille 1.5cm et peux aussi devenir une mini broche ou un pin&rsquo;s car a nos systeme de bijoux hybride: la demoiselle.<\/p>\n<p data-start=\"545\" data-end=\"651\">Une pi\u00e8ce pr\u00e9cieuse, \u00e0 la fois r\u00e9tro et contemporaine, pens\u00e9e pour illuminer les silhouettes avec finesse.<\/p>\n<hr data-start=\"978\" data-end=\"981\" \/>\n<h2 data-section-id=\"13zfs25\" data-start=\"983\" data-end=\"1006\"><span role=\"text\"><strong data-start=\"986\" data-end=\"1006\">Caract\u00e9ristiques<\/strong><\/span><\/h2>\n<ul data-start=\"1008\" data-end=\"1195\">\n<li data-section-id=\"wlc8mi\" data-start=\"1008\" data-end=\"1069\">Couleurs : <strong data-start=\"1021\" data-end=\"1055\">jaune beurre &amp; bleu ciel pasetl<\/strong>\u00a0m\u00e9tal dor\u00e9<\/li>\n<li data-section-id=\"wlc8mi\" data-start=\"1008\" data-end=\"1069\">Taille 2.2cm X 2.5cm<\/li>\n<li data-section-id=\"16j0kkm\" data-start=\"1070\" data-end=\"1096\">Finition : \u00e9mail lisse<\/li>\n<li data-section-id=\"1xxup61\" data-start=\"1097\" data-end=\"1148\">Usage : quotidien, travail, occasions habill\u00e9es<\/li>\n<li data-section-id=\"13vb82m\" data-start=\"1149\" data-end=\"1195\">Confort : l\u00e9ger, stable, agr\u00e9able \u00e0 porter<\/li>\n<\/ul>\n<p>&nbsp;<\/p>","protected":false},"excerpt":{"rendered":"<p data-start=\"133\" data-end=\"348\">Le bijou de bouton <strong data-start=\"152\" data-end=\"177\">Agn\u00e8s \u00e0 Saint-Germain<\/strong> signe la silhouette avec une \u00e9l\u00e9gance naturelle et affirm\u00e9e.<br data-start=\"238\" data-end=\"241\" \/>Une pi\u00e8ce subtile, inspir\u00e9e de l\u2019allure parisienne, qui apporte une touche de caract\u00e8re sans jamais forcer.<\/p>\n<p data-start=\"350\" data-end=\"624\">L\u2019association du <b>bleu ciel <\/b>et du <strong data-start=\"390\" data-end=\"409\">jaune beurre<\/strong>\u00a0cr\u00e9e un \u00e9quilibre d\u00e9licat entre fra\u00eecheur v\u00e9g\u00e9tale et douceur poudr\u00e9e.<br data-start=\"480\" data-end=\"483\" \/>L\u2019\u00e9mail lisse capte la lumi\u00e8re avec finesse, tandis que le m\u00e9tal dor\u00e9 structure l\u2019ensemble et r\u00e9v\u00e8le une \u00e9l\u00e9gance discr\u00e8te, presque \u00e9vidente.<\/p>\n<p data-start=\"626\" data-end=\"681\">Un contraste ma\u00eetris\u00e9, \u00e0 la fois moderne et intemporel.<\/p>\n<h3><\/h3>","protected":false},"featured_media":13685,"comment_status":"open","ping_status":"closed","template":"","meta":{"iawp_total_views":24,"_joinchat":[]},"product_brand":[],"product_cat":[73,62,85,136,15],"product_tag":[],"class_list":{"0":"post-13597","1":"product","2":"type-product","3":"status-publish","4":"has-post-thumbnail","6":"product_cat-bijou-de-bouton-art-deco","7":"product_cat-les-bijoux-de-bouton","8":"product_cat-les-nouveautes-suzon","9":"product_cat-selection-fete-des-meres","10":"product_cat-tous-les-produits","12":"first","13":"instock","14":"taxable","15":"shipping-taxable","16":"purchasable","17":"product-type-variable"},"bundled_by":[],"bundle_stock_status":"instock","bundle_stock_quantity":null,"bundle_virtual":false,"bundle_layout":"","bundle_add_to_cart_form_location":"","bundle_editable_in_cart":false,"bundle_sold_individually_context":"","bundle_item_grouping":"","bundle_min_size":"","bundle_max_size":"","bundle_price":[],"bundled_items":[],"bundle_sell_ids":[],"supplier_id":null,"supplier_sku":"","barcode":null,"atum_controlled":true,"out_stock_date":null,"out_stock_threshold":null,"inheritable":true,"inbound_stock":null,"stock_on_hold":1,"sold_today":0,"sales_last_days":6,"reserved_stock":null,"customer_returns":null,"warehouse_damage":null,"lost_in_post":null,"other_logs":null,"out_stock_days":0,"lost_sales":0,"has_location":false,"update_date":"2026-05-15T08:52:37","atum_locations":[],"atum_stock_status":"instock","restock_status":false,"low_stock_amount":"","sales_update_date":"2026-05-10T01:09:15","calc_backorders":null,"_links":{"self":[{"href":"https:\/\/lalogedesuzon.com\/en\/wp-json\/wp\/v2\/product\/13597","targetHints":{"allow":["GET"]}}],"collection":[{"href":"https:\/\/lalogedesuzon.com\/en\/wp-json\/wp\/v2\/product"}],"about":[{"href":"https:\/\/lalogedesuzon.com\/en\/wp-json\/wp\/v2\/types\/product"}],"replies":[{"embeddable":true,"href":"https:\/\/lalogedesuzon.com\/en\/wp-json\/wp\/v2\/comments?post=13597"}],"wp:featuredmedia":[{"embeddable":true,"href":"https:\/\/lalogedesuzon.com\/en\/wp-json\/wp\/v2\/media\/13685"}],"wp:attachment":[{"href":"https:\/\/lalogedesuzon.com\/en\/wp-json\/wp\/v2\/media?parent=13597"}],"wp:term":[{"taxonomy":"product_brand","embeddable":true,"href":"https:\/\/lalogedesuzon.com\/en\/wp-json\/wp\/v2\/product_brand?post=13597"},{"taxonomy":"product_cat","embeddable":true,"href":"https:\/\/lalogedesuzon.com\/en\/wp-json\/wp\/v2\/product_cat?post=13597"},{"taxonomy":"product_tag","embeddable":true,"href":"https:\/\/lalogedesuzon.com\/en\/wp-json\/wp\/v2\/product_tag?post=13597"}],"curies":[{"name":"wp","href":"https:\/\/api.w.org\/{rel}","templated":true}]}}