{"id":13802,"date":"2026-05-12T20:11:14","date_gmt":"2026-05-12T18:11:14","guid":{"rendered":"https:\/\/lalogedesuzon.com\/?post_type=product&#038;p=13802"},"modified":"2026-05-14T23:06:41","modified_gmt":"2026-05-14T21:06:41","slug":"boutonniere-ex-voto-heritage","status":"publish","type":"product","link":"https:\/\/lalogedesuzon.com\/en\/product\/boutonniere-ex-voto-heritage\/","title":{"rendered":"Boutonni\u00e8re Ex-voto H\u00e9ritage"},"content":{"rendered":"<p class=\"isSelectedEnd\">Dessin\u00e9 dans nos ateliers, chaque bijou SUZON HERITAGE est une cr\u00e9ation originale.<\/p>\n<p class=\"isSelectedEnd\">Une composition solaire pens\u00e9e comme un d\u00e9tail signature.<\/p>\n<p class=\"isSelectedEnd\">Entre \u00e9clats dor\u00e9s et \u00e9maux lumineux, Ex-Voto H\u00e9ritage capte le regard avec justesse.<br \/>\nChaque nuance affirme sa personnalit\u00e9 : vert intense, bleu ciel poudr\u00e9, ivoire nacr\u00e9, jaune solaire et corail vibrant.<\/p>\n<p class=\"isSelectedEnd\">Une harmonie raffin\u00e9e, pens\u00e9e pour donner du caract\u00e8re \u00e0 une silhouette sans jamais la surcharger.<\/p>\n<h3>Le coffret contient<\/h3>\n<p class=\"isSelectedEnd\">\u2022 1 bijou de bouton Ex-voto Vert Croco Pep&rsquo;s<br \/>\n\u2022 1 bijou de bouton <em>Ex-voto Jaune beurre<\/em><br \/>\n\u2022 1 bijou de bouton Ex-voto <em>Bleu Ciel<\/em><br \/>\n\u2022 1 bijou de bouton \u00a0Ex-voto Vanille<br \/>\n\u2022 1 bijou de bouton <em>Ex-voto Corail Pep&rsquo;s<\/em><\/p>\n<h3>Pourquoi Ex-Voto H\u00e9ritage fonctionne<\/h3>\n<p class=\"isSelectedEnd\">\u2022 Une palette solaire forte mais \u00e9l\u00e9gante<br \/>\n\u2022 Des contrastes lumineux parfaitement \u00e9quilibr\u00e9s<br \/>\n\u2022 Un d\u00e9tail signature imm\u00e9diatement visible<br \/>\n\u2022 Une allure sophistiqu\u00e9e sans effet excessif<\/p>\n<h3>D\u00e9tails<\/h3>\n<p class=\"isSelectedEnd\">\u2022 M\u00e9tal finition dor\u00e9e<br \/>\n\u2022 \u00c9mail color\u00e9 brillant<br \/>\n\u2022 Contour perl\u00e9 signature<br \/>\n\u2022 Syst\u00e8me adaptable jusqu\u2019\u00e0 2,4 cm<br \/>\n\u2022 Sans couture<br \/>\n\u2022 Coffret SUZON HERITAGE inclus<\/p>\n<h3>Style<\/h3>\n<p class=\"isSelectedEnd\">Une boutonni\u00e8re lumineuse et affirm\u00e9e, pens\u00e9e pour sublimer les silhouettes les plus simples.<\/p>","protected":false},"excerpt":{"rendered":"<p class=\"isSelectedEnd\">Dessin\u00e9 dans nos ateliers, chaque bijou SUZON HERITAGE est une cr\u00e9ation originale.<\/p>\n<p class=\"isSelectedEnd\">Une composition solaire pens\u00e9e comme un d\u00e9tail signature.<\/p>\n<p class=\"isSelectedEnd\">Entre \u00e9clats dor\u00e9s et \u00e9maux lumineux, Ex-Voto H\u00e9ritage capte le regard avec justesse.<br \/>\nChaque nuance affirme sa personnalit\u00e9 : vert intense, bleu ciel poudr\u00e9, ivoire nacr\u00e9, jaune solaire et corail vibrant.<\/p>\n<p class=\"isSelectedEnd\">Une harmonie raffin\u00e9e, pens\u00e9e pour donner du caract\u00e8re \u00e0 une silhouette sans jamais la surcharger.<\/p>","protected":false},"featured_media":13803,"comment_status":"open","ping_status":"closed","template":"","meta":{"iawp_total_views":1,"_joinchat":[]},"product_brand":[],"product_cat":[63,85,136,15],"product_tag":[],"class_list":{"0":"post-13802","1":"product","2":"type-product","3":"status-publish","4":"has-post-thumbnail","6":"product_cat-les-boutonnieres","7":"product_cat-les-nouveautes-suzon","8":"product_cat-selection-fete-des-meres","9":"product_cat-tous-les-produits","11":"first","12":"instock","13":"taxable","14":"shipping-taxable","15":"purchasable","16":"product-type-simple"},"bundled_by":[],"bundle_stock_status":"instock","bundle_stock_quantity":null,"bundle_virtual":false,"bundle_layout":"","bundle_add_to_cart_form_location":"","bundle_editable_in_cart":false,"bundle_sold_individually_context":"","bundle_item_grouping":"","bundle_min_size":"","bundle_max_size":"","bundle_price":[],"bundled_items":[],"bundle_sell_ids":[],"supplier_id":null,"supplier_sku":"","barcode":null,"atum_controlled":true,"out_stock_date":null,"out_stock_threshold":null,"inheritable":false,"inbound_stock":null,"stock_on_hold":null,"sold_today":null,"sales_last_days":null,"reserved_stock":null,"customer_returns":null,"warehouse_damage":null,"lost_in_post":null,"other_logs":null,"out_stock_days":null,"lost_sales":null,"has_location":false,"update_date":"2026-05-14T21:06:44","atum_locations":[],"atum_stock_status":"instock","restock_status":false,"low_stock_amount":"","sales_update_date":"2026-05-06T23:04:35","calc_backorders":null,"_links":{"self":[{"href":"https:\/\/lalogedesuzon.com\/en\/wp-json\/wp\/v2\/product\/13802","targetHints":{"allow":["GET"]}}],"collection":[{"href":"https:\/\/lalogedesuzon.com\/en\/wp-json\/wp\/v2\/product"}],"about":[{"href":"https:\/\/lalogedesuzon.com\/en\/wp-json\/wp\/v2\/types\/product"}],"replies":[{"embeddable":true,"href":"https:\/\/lalogedesuzon.com\/en\/wp-json\/wp\/v2\/comments?post=13802"}],"wp:featuredmedia":[{"embeddable":true,"href":"https:\/\/lalogedesuzon.com\/en\/wp-json\/wp\/v2\/media\/13803"}],"wp:attachment":[{"href":"https:\/\/lalogedesuzon.com\/en\/wp-json\/wp\/v2\/media?parent=13802"}],"wp:term":[{"taxonomy":"product_brand","embeddable":true,"href":"https:\/\/lalogedesuzon.com\/en\/wp-json\/wp\/v2\/product_brand?post=13802"},{"taxonomy":"product_cat","embeddable":true,"href":"https:\/\/lalogedesuzon.com\/en\/wp-json\/wp\/v2\/product_cat?post=13802"},{"taxonomy":"product_tag","embeddable":true,"href":"https:\/\/lalogedesuzon.com\/en\/wp-json\/wp\/v2\/product_tag?post=13802"}],"curies":[{"name":"wp","href":"https:\/\/api.w.org\/{rel}","templated":true}]}}