{"id":13807,"date":"2026-05-12T22:31:54","date_gmt":"2026-05-12T20:31:54","guid":{"rendered":"https:\/\/lalogedesuzon.com\/?post_type=product&#038;p=13807"},"modified":"2026-05-14T23:06:20","modified_gmt":"2026-05-14T21:06:20","slug":"boutonniere-ex-voto-heritage-copie","status":"publish","type":"product","link":"https:\/\/lalogedesuzon.com\/en\/product\/boutonniere-ex-voto-heritage-copie\/","title":{"rendered":"Boutonni\u00e8re Ibiza Palm"},"content":{"rendered":"<p data-start=\"84\" data-end=\"243\"><strong data-start=\"84\" data-end=\"98\">IBIZA PALM<\/strong> \u00e9voque une \u00e9l\u00e9gance solaire, libre et pr\u00e9cieuse.<br data-start=\"147\" data-end=\"150\" \/>Une composition lumineuse o\u00f9 les \u00e9maux \u00e9clatants rencontrent le relief d\u00e9licat du m\u00e9tal dor\u00e9.<\/p>\n<p data-start=\"245\" data-end=\"376\">Pens\u00e9e comme un d\u00e9tail signature, cette boutonni\u00e8re apporte imm\u00e9diatement du caract\u00e8re \u00e0 une silhouette, sans jamais en faire trop.<\/p>\n<p data-start=\"378\" data-end=\"557\">Entre jaune solaire, corail vibrant, bleu ciel poudr\u00e9, ivoire vanill\u00e9 et vert intense, chaque bijou joue sa propre partition tout en cr\u00e9ant une harmonie raffin\u00e9e et contemporaine.<\/p>\n<h2 data-section-id=\"176ma0z\" data-start=\"559\" data-end=\"581\">Le coffret contient<\/h2>\n<p data-start=\"583\" data-end=\"793\">\u2022 1 bijou de bouton Ma douce Nacr\u00e9e Jaune FLUO<br data-start=\"627\" data-end=\"630\" \/>\u2022 1 bijou de bouton Palmananas Miel<br data-start=\"670\" data-end=\"673\" \/>\u2022 1 bijou de bouton Ex-Voto Vanille<br data-start=\"710\" data-end=\"713\" \/>\u2022 1 bijou de bouton Ma douce nacr\u00e9e orange FLUO<br data-start=\"748\" data-end=\"751\" \/>\u2022 1 bijou de bouton L&rsquo;imp\u00e9rial abricot<\/p>\n<h2 data-section-id=\"3xe0h1\" data-start=\"795\" data-end=\"828\">Pourquoi IBIZA PALM fonctionne<\/h2>\n<p data-start=\"830\" data-end=\"1077\">\u2022 Une palette solaire chic et parfaitement \u00e9quilibr\u00e9e<br data-start=\"883\" data-end=\"886\" \/>\u2022 Des contrastes lumineux qui attirent subtilement le regard<br data-start=\"946\" data-end=\"949\" \/>\u2022 Une pr\u00e9sence \u00e9l\u00e9gante sans surcharge visuelle<br data-start=\"996\" data-end=\"999\" \/>\u2022 Un d\u00e9tail signature qui transforme instantan\u00e9ment une veste ou une chemise<\/p>\n<h2 data-section-id=\"6w3o23\" data-start=\"1079\" data-end=\"1089\">D\u00e9tails<\/h2>\n<p data-start=\"1091\" data-end=\"1257\">\u2022 M\u00e9tal finition dor\u00e9e<br data-start=\"1113\" data-end=\"1116\" \/>\u2022 \u00c9mail color\u00e9 brillant<br data-start=\"1139\" data-end=\"1142\" \/>\u2022 Contour perl\u00e9 signature<br data-start=\"1167\" data-end=\"1170\" \/>\u2022 Syst\u00e8me adaptable jusqu\u2019\u00e0 2,4 cm<br data-start=\"1204\" data-end=\"1207\" \/>\u2022 Sans couture<br data-start=\"1221\" data-end=\"1224\" \/>\u2022 Coffret SUZON HERITAGE inclus<\/p>\n<h2 data-section-id=\"xn04uq\" data-start=\"1259\" data-end=\"1267\">Style<\/h2>\n<p data-start=\"1269\" data-end=\"1412\" data-is-last-node=\"\" data-is-only-node=\"\">Une boutonni\u00e8re solaire et sophistiqu\u00e9e, inspir\u00e9e des \u00e9t\u00e9s pr\u00e9cieux, pens\u00e9e pour r\u00e9veiller les silhouettes les plus minimalistes avec justesse.<\/p>","protected":false},"excerpt":{"rendered":"<p data-start=\"84\" data-end=\"243\"><strong data-start=\"84\" data-end=\"98\">IBIZA PALM<\/strong> \u00e9voque une \u00e9l\u00e9gance solaire, libre et pr\u00e9cieuse.<br data-start=\"147\" data-end=\"150\" \/>Une composition lumineuse o\u00f9 les \u00e9maux \u00e9clatants rencontrent le relief d\u00e9licat du m\u00e9tal dor\u00e9.<\/p>\n<p data-start=\"245\" data-end=\"376\">Pens\u00e9e comme un d\u00e9tail signature, cette boutonni\u00e8re apporte imm\u00e9diatement du caract\u00e8re \u00e0 une silhouette, sans jamais en faire trop.<\/p>\n<p data-start=\"378\" data-end=\"557\">Entre jaune solaire, corail vibrant, bleu ciel poudr\u00e9, ivoire vanill\u00e9 et vert intense, chaque bijou joue sa propre partition tout en cr\u00e9ant une harmonie raffin\u00e9e et contemporaine.<\/p>","protected":false},"featured_media":13808,"comment_status":"open","ping_status":"closed","template":"","meta":{"iawp_total_views":13,"_joinchat":[]},"product_brand":[],"product_cat":[63,85,136,15],"product_tag":[],"class_list":{"0":"post-13807","1":"product","2":"type-product","3":"status-publish","4":"has-post-thumbnail","6":"product_cat-les-boutonnieres","7":"product_cat-les-nouveautes-suzon","8":"product_cat-selection-fete-des-meres","9":"product_cat-tous-les-produits","11":"first","12":"instock","13":"taxable","14":"shipping-taxable","15":"purchasable","16":"product-type-simple"},"bundled_by":[],"bundle_stock_status":"instock","bundle_stock_quantity":null,"bundle_virtual":false,"bundle_layout":"","bundle_add_to_cart_form_location":"","bundle_editable_in_cart":false,"bundle_sold_individually_context":"","bundle_item_grouping":"","bundle_min_size":"","bundle_max_size":"","bundle_price":[],"bundled_items":[],"bundle_sell_ids":[],"supplier_id":null,"supplier_sku":"","barcode":null,"atum_controlled":true,"out_stock_date":null,"out_stock_threshold":null,"inheritable":false,"inbound_stock":null,"stock_on_hold":null,"sold_today":null,"sales_last_days":null,"reserved_stock":null,"customer_returns":null,"warehouse_damage":null,"lost_in_post":null,"other_logs":null,"out_stock_days":null,"lost_sales":null,"has_location":false,"update_date":"2026-05-14T21:06:23","atum_locations":[],"atum_stock_status":"instock","restock_status":false,"low_stock_amount":"","sales_update_date":"2026-05-06T21:04:35","calc_backorders":null,"_links":{"self":[{"href":"https:\/\/lalogedesuzon.com\/en\/wp-json\/wp\/v2\/product\/13807","targetHints":{"allow":["GET"]}}],"collection":[{"href":"https:\/\/lalogedesuzon.com\/en\/wp-json\/wp\/v2\/product"}],"about":[{"href":"https:\/\/lalogedesuzon.com\/en\/wp-json\/wp\/v2\/types\/product"}],"replies":[{"embeddable":true,"href":"https:\/\/lalogedesuzon.com\/en\/wp-json\/wp\/v2\/comments?post=13807"}],"wp:featuredmedia":[{"embeddable":true,"href":"https:\/\/lalogedesuzon.com\/en\/wp-json\/wp\/v2\/media\/13808"}],"wp:attachment":[{"href":"https:\/\/lalogedesuzon.com\/en\/wp-json\/wp\/v2\/media?parent=13807"}],"wp:term":[{"taxonomy":"product_brand","embeddable":true,"href":"https:\/\/lalogedesuzon.com\/en\/wp-json\/wp\/v2\/product_brand?post=13807"},{"taxonomy":"product_cat","embeddable":true,"href":"https:\/\/lalogedesuzon.com\/en\/wp-json\/wp\/v2\/product_cat?post=13807"},{"taxonomy":"product_tag","embeddable":true,"href":"https:\/\/lalogedesuzon.com\/en\/wp-json\/wp\/v2\/product_tag?post=13807"}],"curies":[{"name":"wp","href":"https:\/\/api.w.org\/{rel}","templated":true}]}}