{"id":13809,"date":"2026-05-12T22:51:18","date_gmt":"2026-05-12T20:51:18","guid":{"rendered":"https:\/\/lalogedesuzon.com\/?post_type=product&#038;p=13809"},"modified":"2026-05-14T23:06:11","modified_gmt":"2026-05-14T21:06:11","slug":"boutonniere-soleil-de-minuit","status":"publish","type":"product","link":"https:\/\/lalogedesuzon.com\/en\/product\/boutonniere-soleil-de-minuit\/","title":{"rendered":"Boutonni\u00e8re Soleil de minuit"},"content":{"rendered":"<p data-start=\"29\" data-end=\"196\"><strong>NUIT \u00c9TOIL\u00c9E<\/strong> \u00e9voque une \u00e9l\u00e9gance nocturne, myst\u00e9rieuse et pr\u00e9cieuse.<br data-start=\"97\" data-end=\"100\" \/>Une composition profonde o\u00f9 les \u00e9maux intenses rencontrent les reflets dor\u00e9s du m\u00e9tal travaill\u00e9.<\/p>\n<p data-start=\"198\" data-end=\"358\">Pens\u00e9e comme un d\u00e9tail signature, cette boutonni\u00e8re capte la lumi\u00e8re avec subtilit\u00e9 et transforme imm\u00e9diatement une silhouette avec caract\u00e8re et sophistication.<\/p>\n<p data-start=\"360\" data-end=\"529\">Entre violet profond, or solaire, ivoire lumineux et touches ambr\u00e9es, chaque bijou compose une harmonie raffin\u00e9e, presque joailli\u00e8re, inspir\u00e9e des nuits d\u2019\u00e9t\u00e9 \u00e9l\u00e9gantes.<\/p>\n<h3 data-section-id=\"q6cjnk\" data-start=\"531\" data-end=\"554\">Le coffret contient<\/h3>\n<p data-start=\"556\" data-end=\"764\">\u2022 1 bijou de bouton Palmananas Amethyste<br data-start=\"593\" data-end=\"596\" \/>\u2022 1 bijou de bouton Citronnade<br data-start=\"638\" data-end=\"641\" \/>\u2022 1 bijou de bouton Talisman Violet<br data-start=\"677\" data-end=\"680\" \/>\u2022 1 bijou de bouton Ma Douce nacr\u00e9e fleur de crocus<br data-start=\"721\" data-end=\"724\" \/>\u2022 1 bijou de bouton Dorade dor\u00e9e<\/p>\n<h3 data-section-id=\"1syfmky\" data-start=\"766\" data-end=\"802\">Pourquoi NUIT \u00c9TOIL\u00c9E fonctionne<\/h3>\n<p data-start=\"804\" data-end=\"1044\">\u2022 Une palette profonde et lumineuse \u00e0 la fois<br data-start=\"849\" data-end=\"852\" \/>\u2022 Des contrastes sophistiqu\u00e9s qui attirent subtilement le regard<br data-start=\"916\" data-end=\"919\" \/>\u2022 Une pr\u00e9sence \u00e9l\u00e9gante sans surcharge visuelle<br data-start=\"966\" data-end=\"969\" \/>\u2022 Un d\u00e9tail signature qui sublime instantan\u00e9ment une veste ou une chemise<\/p>\n<h3 data-section-id=\"1sbbao8\" data-start=\"1046\" data-end=\"1057\">D\u00e9tails<\/h3>\n<p data-start=\"1059\" data-end=\"1225\">\u2022 M\u00e9tal finition dor\u00e9e<br data-start=\"1081\" data-end=\"1084\" \/>\u2022 \u00c9mail color\u00e9 brillant<br data-start=\"1107\" data-end=\"1110\" \/>\u2022 Contour perl\u00e9 signature<br data-start=\"1135\" data-end=\"1138\" \/>\u2022 Syst\u00e8me adaptable jusqu\u2019\u00e0 2,4 cm<br data-start=\"1172\" data-end=\"1175\" \/>\u2022 Sans couture<br data-start=\"1189\" data-end=\"1192\" \/>\u2022 Coffret SUZON HERITAGE inclus<\/p>\n<h3 data-section-id=\"77d4up\" data-start=\"1227\" data-end=\"1236\">Style<\/h3>\n<p data-start=\"1238\" data-end=\"1415\" data-is-last-node=\"\" data-is-only-node=\"\">Une boutonni\u00e8re pr\u00e9cieuse et lumineuse, inspir\u00e9e des nuits m\u00e9diterran\u00e9ennes et des bijoux vintage, pens\u00e9e pour r\u00e9veiller les silhouettes minimalistes avec intensit\u00e9 et \u00e9l\u00e9gance.<\/p>","protected":false},"excerpt":{"rendered":"<p data-start=\"29\" data-end=\"196\"><strong>NUIT \u00c9TOIL\u00c9E<\/strong> \u00e9voque une \u00e9l\u00e9gance nocturne, myst\u00e9rieuse et pr\u00e9cieuse.<br data-start=\"97\" data-end=\"100\" \/>Une composition profonde o\u00f9 les \u00e9maux intenses rencontrent les reflets dor\u00e9s du m\u00e9tal travaill\u00e9.<\/p>\n<p data-start=\"198\" data-end=\"358\">Pens\u00e9e comme un d\u00e9tail signature, cette boutonni\u00e8re capte la lumi\u00e8re avec subtilit\u00e9 et transforme imm\u00e9diatement une silhouette avec caract\u00e8re et sophistication.<\/p>\n<p data-start=\"360\" data-end=\"529\">Entre violet profond, or solaire, ivoire lumineux et touches ambr\u00e9es, chaque bijou compose une harmonie raffin\u00e9e, presque joailli\u00e8re, inspir\u00e9e des nuits d\u2019\u00e9t\u00e9 \u00e9l\u00e9gantes.<\/p>\n<h3 data-section-id=\"q6cjnk\" data-start=\"531\" data-end=\"554\"><\/h3>","protected":false},"featured_media":13810,"comment_status":"open","ping_status":"closed","template":"","meta":{"iawp_total_views":4,"_joinchat":[]},"product_brand":[],"product_cat":[63,85,136,15],"product_tag":[],"class_list":{"0":"post-13809","1":"product","2":"type-product","3":"status-publish","4":"has-post-thumbnail","6":"product_cat-les-boutonnieres","7":"product_cat-les-nouveautes-suzon","8":"product_cat-selection-fete-des-meres","9":"product_cat-tous-les-produits","11":"first","12":"instock","13":"taxable","14":"shipping-taxable","15":"purchasable","16":"product-type-simple"},"bundled_by":[],"bundle_stock_status":"instock","bundle_stock_quantity":null,"bundle_virtual":false,"bundle_layout":"","bundle_add_to_cart_form_location":"","bundle_editable_in_cart":false,"bundle_sold_individually_context":"","bundle_item_grouping":"","bundle_min_size":"","bundle_max_size":"","bundle_price":[],"bundled_items":[],"bundle_sell_ids":[],"supplier_id":null,"supplier_sku":"","barcode":null,"atum_controlled":true,"out_stock_date":null,"out_stock_threshold":null,"inheritable":false,"inbound_stock":null,"stock_on_hold":null,"sold_today":null,"sales_last_days":null,"reserved_stock":null,"customer_returns":null,"warehouse_damage":null,"lost_in_post":null,"other_logs":null,"out_stock_days":null,"lost_sales":null,"has_location":false,"update_date":"2026-05-14T21:06:14","atum_locations":[],"atum_stock_status":"instock","restock_status":false,"low_stock_amount":"","sales_update_date":"2026-05-06T19:04:35","calc_backorders":null,"_links":{"self":[{"href":"https:\/\/lalogedesuzon.com\/en\/wp-json\/wp\/v2\/product\/13809","targetHints":{"allow":["GET"]}}],"collection":[{"href":"https:\/\/lalogedesuzon.com\/en\/wp-json\/wp\/v2\/product"}],"about":[{"href":"https:\/\/lalogedesuzon.com\/en\/wp-json\/wp\/v2\/types\/product"}],"replies":[{"embeddable":true,"href":"https:\/\/lalogedesuzon.com\/en\/wp-json\/wp\/v2\/comments?post=13809"}],"wp:featuredmedia":[{"embeddable":true,"href":"https:\/\/lalogedesuzon.com\/en\/wp-json\/wp\/v2\/media\/13810"}],"wp:attachment":[{"href":"https:\/\/lalogedesuzon.com\/en\/wp-json\/wp\/v2\/media?parent=13809"}],"wp:term":[{"taxonomy":"product_brand","embeddable":true,"href":"https:\/\/lalogedesuzon.com\/en\/wp-json\/wp\/v2\/product_brand?post=13809"},{"taxonomy":"product_cat","embeddable":true,"href":"https:\/\/lalogedesuzon.com\/en\/wp-json\/wp\/v2\/product_cat?post=13809"},{"taxonomy":"product_tag","embeddable":true,"href":"https:\/\/lalogedesuzon.com\/en\/wp-json\/wp\/v2\/product_tag?post=13809"}],"curies":[{"name":"wp","href":"https:\/\/api.w.org\/{rel}","templated":true}]}}