{"id":1560,"date":"2023-10-05T12:13:42","date_gmt":"2023-10-05T10:13:42","guid":{"rendered":"https:\/\/lalogedesuzon.com\/?post_type=product&#038;p=1560"},"modified":"2026-04-15T10:42:54","modified_gmt":"2026-04-15T08:42:54","slug":"clips-suzblue","status":"publish","type":"product","link":"https:\/\/lalogedesuzon.com\/en\/product\/clips-suzblue\/","title":{"rendered":"Clip Av\u00e9 Suzon &#8211; Bleu \u00e9lectrique"},"content":{"rendered":"<div class=\"group w-full text-token-text-primary border-b border-black\/10 gizmo:border-0 dark:border-gray-900\/50 gizmo:dark:border-0 bg-gray-50 gizmo:bg-transparent dark:bg-[#444654] gizmo:dark:bg-transparent\" data-testid=\"conversation-turn-23\">\n<div class=\"p-4 justify-center text-base md:gap-6 md:py-6 m-auto\">\n<div class=\"flex flex-1 gap-4 text-base mx-auto md:gap-6 gizmo:gap-3 gizmo:md:px-5 gizmo:lg:px-1 gizmo:xl:px-5 md:max-w-2xl lg:max-w-[38rem] gizmo:md:max-w-3xl gizmo:lg:max-w-[40rem] gizmo:xl:max-w-[48rem] xl:max-w-3xl }\">\n<div class=\"relative flex w-[calc(100%-50px)] flex-col gap-1 gizmo:w-full md:gap-3 lg:w-[calc(100%-115px)] agent-turn\">\n<div class=\"flex flex-grow flex-col gap-3 max-w-full\">\n<div class=\"min-h-[20px] flex flex-col items-start gap-3 overflow-x-auto whitespace-pre-wrap break-words\">\n<div class=\"markdown prose w-full break-words dark:prose-invert light\">\n<p>Ic\u00f4ne de SUZON, le clip <strong data-start=\"77\" data-end=\"106\">Av\u00e9 Suzon bleu \u00e9lectrique<\/strong> est notre pi\u00e8ce signature.<br data-start=\"133\" data-end=\"136\" \/>Fa\u00e7onn\u00e9 dans un <strong data-start=\"152\" data-end=\"175\">m\u00e9tal dor\u00e9 lumineux<\/strong>, il adopte une <strong data-start=\"191\" data-end=\"209\">forme d\u2019\u00e9clair<\/strong> qui m\u00eale \u00e9l\u00e9gance et \u00e9nergie rock.<br data-start=\"244\" data-end=\"247\" \/>Son <strong data-start=\"251\" data-end=\"289\">\u00e9maillage paillet\u00e9 bleu \u00e9lectrique<\/strong> capte la lumi\u00e8re et \u00e9voque la puissance d\u2019un bleu royal revisit\u00e9.<br data-start=\"355\" data-end=\"358\" \/>Audacieux, chic et scintillant, ce bijou incarne l\u2019esprit <strong data-start=\"416\" data-end=\"438\">glamour et rebelle<\/strong> de Suzon \u2014 un accessoire qui attire le regard et affirme une allure singuli\u00e8re.<\/p>\n<\/div>\n<ul>\n<li>Clips\u00a0<strong>amovibles<\/strong>\u00a0et\u00a0<strong>interchangeables.<\/strong><\/li>\n<li>Taille 4,5 x 2,5cm<\/li>\n<li>M\u00e9tal dor\u00e9,\u00a0\u00e9mail paillet\u00e9e bleue \u00e9lectrique.<\/li>\n<li>Se clipsent facilement gr\u00e2ce \u00e0 sa\u00a0<strong>pince plate et discr\u00e8te<\/strong>\u00a0<strong>sur tous types de\u00a0<\/strong><b>v\u00eatements ou accessoires.<\/b><\/li>\n<li>Sp\u00e9cialement con\u00e7us pour\u00a0<strong>tenir durablement<\/strong>\u00a0sans abimer.<\/li>\n<\/ul>\n<\/div>\n<\/div>\n<\/div>\n<\/div>\n<\/div>\n<\/div>\n","protected":false},"excerpt":{"rendered":"<p>Ic\u00f4ne de SUZON, le clip <strong data-start=\"77\" data-end=\"106\">Av\u00e9 Suzon bleu \u00e9lectrique<\/strong> est notre pi\u00e8ce signature.<br data-start=\"133\" data-end=\"136\" \/>Fa\u00e7onn\u00e9 dans un <strong data-start=\"152\" data-end=\"175\">m\u00e9tal dor\u00e9 lumineux<\/strong>, il adopte une <strong data-start=\"191\" data-end=\"209\">forme d\u2019\u00e9clair<\/strong> qui m\u00eale \u00e9l\u00e9gance et \u00e9nergie rock.<br data-start=\"244\" data-end=\"247\" \/>Son <strong data-start=\"251\" data-end=\"289\">\u00e9maillage paillet\u00e9 bleu \u00e9lectrique<\/strong> capte la lumi\u00e8re et \u00e9voque la puissance d\u2019un bleu royal revisit\u00e9.<br data-start=\"355\" data-end=\"358\" \/>Audacieux, chic et scintillant, ce bijou incarne l\u2019esprit <strong data-start=\"416\" data-end=\"438\">glamour et rebelle<\/strong> de Suzon \u2014 un accessoire qui attire le regard et affirme une allure singuli\u00e8re.<\/p>","protected":false},"featured_media":13414,"comment_status":"open","ping_status":"closed","template":"","meta":{"iawp_total_views":891,"_joinchat":[]},"product_brand":[],"product_cat":[35,50,15],"product_tag":[],"class_list":{"0":"post-1560","1":"product","2":"type-product","3":"status-publish","4":"has-post-thumbnail","6":"product_cat-les-clips","7":"product_cat-les-pailletes","8":"product_cat-tous-les-produits","10":"first","11":"instock","12":"taxable","13":"shipping-taxable","14":"purchasable","15":"product-type-variable"},"bundled_by":[],"bundle_stock_status":"instock","bundle_stock_quantity":50,"bundle_virtual":false,"bundle_layout":"","bundle_add_to_cart_form_location":"","bundle_editable_in_cart":false,"bundle_sold_individually_context":"","bundle_item_grouping":"","bundle_min_size":"","bundle_max_size":"","bundle_price":[],"bundled_items":[],"bundle_sell_ids":[],"supplier_id":null,"supplier_sku":"","barcode":null,"atum_controlled":true,"out_stock_date":null,"out_stock_threshold":null,"inheritable":true,"inbound_stock":0,"stock_on_hold":0,"sold_today":0,"sales_last_days":1,"reserved_stock":0,"customer_returns":0,"warehouse_damage":0,"lost_in_post":0,"other_logs":0,"out_stock_days":0,"lost_sales":0,"has_location":false,"update_date":"2026-04-29T00:43:33","atum_locations":[],"atum_stock_status":"instock","restock_status":false,"low_stock_amount":15,"sales_update_date":"2026-04-29T00:43:33","calc_backorders":null,"_links":{"self":[{"href":"https:\/\/lalogedesuzon.com\/en\/wp-json\/wp\/v2\/product\/1560","targetHints":{"allow":["GET"]}}],"collection":[{"href":"https:\/\/lalogedesuzon.com\/en\/wp-json\/wp\/v2\/product"}],"about":[{"href":"https:\/\/lalogedesuzon.com\/en\/wp-json\/wp\/v2\/types\/product"}],"replies":[{"embeddable":true,"href":"https:\/\/lalogedesuzon.com\/en\/wp-json\/wp\/v2\/comments?post=1560"}],"wp:featuredmedia":[{"embeddable":true,"href":"https:\/\/lalogedesuzon.com\/en\/wp-json\/wp\/v2\/media\/13414"}],"wp:attachment":[{"href":"https:\/\/lalogedesuzon.com\/en\/wp-json\/wp\/v2\/media?parent=1560"}],"wp:term":[{"taxonomy":"product_brand","embeddable":true,"href":"https:\/\/lalogedesuzon.com\/en\/wp-json\/wp\/v2\/product_brand?post=1560"},{"taxonomy":"product_cat","embeddable":true,"href":"https:\/\/lalogedesuzon.com\/en\/wp-json\/wp\/v2\/product_cat?post=1560"},{"taxonomy":"product_tag","embeddable":true,"href":"https:\/\/lalogedesuzon.com\/en\/wp-json\/wp\/v2\/product_tag?post=1560"}],"curies":[{"name":"wp","href":"https:\/\/api.w.org\/{rel}","templated":true}]}}