{"id":5021,"date":"2024-09-27T13:55:10","date_gmt":"2024-09-27T11:55:10","guid":{"rendered":"https:\/\/lalogedesuzon.com\/?post_type=product&#038;p=5021"},"modified":"2026-04-09T21:42:13","modified_gmt":"2026-04-09T19:42:13","slug":"clip-malice-de-cristal","status":"publish","type":"product","link":"https:\/\/lalogedesuzon.com\/en\/product\/clip-malice-de-cristal\/","title":{"rendered":"Clip Malice de cristal"},"content":{"rendered":"<p>Le clip \u00ab\u00a0Malice de Cristal\u00a0\u00bb est un accessoire enchanteur qui \u00e9voque l&rsquo;\u00e9l\u00e9gance et l&rsquo;esprit rus\u00e9 du renard. Fa\u00e7onn\u00e9 en forme de t\u00eate de renard, ce bijou dor\u00e9 est d\u00e9licatement serti de strass cristallins qui scintillent \u00e0 la lumi\u00e8re, ajoutant une touche de glamour \u00e0 n&rsquo;importe quelle tenue.<\/p>\n<p>Avec son design astucieux et raffin\u00e9, \u00ab\u00a0Malice de Cristal\u00a0\u00bb est l\u2019accessoire parfait pour celles qui souhaitent affirmer leur style avec une pointe de malice<\/p>\n<ul>\n<li>Clips <strong>amovibles<\/strong>\u00a0et\u00a0<strong>interchangeables<\/strong><\/li>\n<li>Taille 4.5 x 3.5cm<\/li>\n<li>Poids 28g<\/li>\n<li>M\u00e9tal dor\u00e9 vielli et pierres en cristal de verre<\/li>\n<li>Se clipsent facilement gr\u00e2ce \u00e0 sa\u00a0<strong>pince plate et discr\u00e8te<\/strong>\u00a0<strong>sur tous types de\u00a0<\/strong><b>v\u00eatements ou accessoires<\/b><\/li>\n<li>Sp\u00e9cialement con\u00e7us pour\u00a0<strong>tenir durablement<\/strong>\u00a0sans abimer<\/li>\n<\/ul>\n<p>&nbsp;<\/p>","protected":false},"excerpt":{"rendered":"<p>Le clip \u00ab\u00a0Malice de Cristal\u00a0\u00bb est un accessoire enchanteur qui \u00e9voque l&rsquo;\u00e9l\u00e9gance et l&rsquo;esprit rus\u00e9 du renard. Fa\u00e7onn\u00e9 en forme de t\u00eate de renard, ce bijou dor\u00e9 est d\u00e9licatement serti de strass cristallins qui scintillent \u00e0 la lumi\u00e8re, ajoutant une touche de glamour \u00e0 n&rsquo;importe quelle tenue.<\/p>","protected":false},"featured_media":13295,"comment_status":"open","ping_status":"closed","template":"","meta":{"iawp_total_views":181,"_joinchat":[]},"product_brand":[],"product_cat":[35,51,15],"product_tag":[],"class_list":{"0":"post-5021","1":"product","2":"type-product","3":"status-publish","4":"has-post-thumbnail","6":"product_cat-les-clips","7":"product_cat-les-rococos","8":"product_cat-tous-les-produits","10":"first","11":"instock","12":"taxable","13":"shipping-taxable","14":"purchasable","15":"product-type-variable"},"bundled_by":[],"bundle_stock_status":"instock","bundle_stock_quantity":null,"bundle_virtual":false,"bundle_layout":"","bundle_add_to_cart_form_location":"","bundle_editable_in_cart":false,"bundle_sold_individually_context":"","bundle_item_grouping":"","bundle_min_size":"","bundle_max_size":"","bundle_price":[],"bundled_items":[],"bundle_sell_ids":[],"supplier_id":null,"supplier_sku":"","barcode":null,"atum_controlled":true,"out_stock_date":null,"out_stock_threshold":null,"inheritable":true,"inbound_stock":0,"stock_on_hold":0,"sold_today":0,"sales_last_days":0,"reserved_stock":0,"customer_returns":0,"warehouse_damage":0,"lost_in_post":0,"other_logs":0,"out_stock_days":0,"lost_sales":0,"has_location":false,"update_date":"2026-04-29T00:43:38","atum_locations":[],"atum_stock_status":"instock","restock_status":false,"low_stock_amount":"","sales_update_date":"2026-04-29T00:43:38","calc_backorders":null,"_links":{"self":[{"href":"https:\/\/lalogedesuzon.com\/en\/wp-json\/wp\/v2\/product\/5021","targetHints":{"allow":["GET"]}}],"collection":[{"href":"https:\/\/lalogedesuzon.com\/en\/wp-json\/wp\/v2\/product"}],"about":[{"href":"https:\/\/lalogedesuzon.com\/en\/wp-json\/wp\/v2\/types\/product"}],"replies":[{"embeddable":true,"href":"https:\/\/lalogedesuzon.com\/en\/wp-json\/wp\/v2\/comments?post=5021"}],"wp:featuredmedia":[{"embeddable":true,"href":"https:\/\/lalogedesuzon.com\/en\/wp-json\/wp\/v2\/media\/13295"}],"wp:attachment":[{"href":"https:\/\/lalogedesuzon.com\/en\/wp-json\/wp\/v2\/media?parent=5021"}],"wp:term":[{"taxonomy":"product_brand","embeddable":true,"href":"https:\/\/lalogedesuzon.com\/en\/wp-json\/wp\/v2\/product_brand?post=5021"},{"taxonomy":"product_cat","embeddable":true,"href":"https:\/\/lalogedesuzon.com\/en\/wp-json\/wp\/v2\/product_cat?post=5021"},{"taxonomy":"product_tag","embeddable":true,"href":"https:\/\/lalogedesuzon.com\/en\/wp-json\/wp\/v2\/product_tag?post=5021"}],"curies":[{"name":"wp","href":"https:\/\/api.w.org\/{rel}","templated":true}]}}