{"id":5862,"date":"2024-11-30T09:28:26","date_gmt":"2024-11-30T08:28:26","guid":{"rendered":"https:\/\/lalogedesuzon.com\/?post_type=product&#038;p=5862"},"modified":"2026-04-09T22:11:13","modified_gmt":"2026-04-09T20:11:13","slug":"bijou-de-bouton-etoile-strass","status":"publish","type":"product","link":"https:\/\/lalogedesuzon.com\/en\/product\/bijou-de-bouton-etoile-strass\/","title":{"rendered":"Bijou de bouton Etoile &amp; Strass &#8211; dor\u00e9 et blanc"},"content":{"rendered":"<p>Une pierre en cristal de verre en forme d\u2019\u00e9toile entour\u00e9 de strass pour faire briller n\u2019importe quel bouton et pour toute occasion!<\/p>\n<p><strong>Caract\u00e9ristiques :<\/strong><\/p>\n<ul>\n<li><strong>Materials :<\/strong>\u00a0M\u00e9tal argent\u00e9 de<\/li>\n<li><strong>Dimensions :<\/strong>\u00a02,5cm<\/li>\n<li><strong>Fixation :<\/strong>\u00a0Clip s\u00e9curis\u00e9\u00a0 qui se glisse sur le bouton de votre v\u00eatement pour une installation facile et rapide<\/li>\n<li><strong>Compatibilit\u00e9 :<\/strong>\u00a0S\u2019adapte \u00e0 la plupart des boutons de chemise standard de 13 mm, ce qui correspond \u00e0 la plupart des boutons de chemise standard<\/li>\n<\/ul>\n<p><strong>Avantages :<\/strong><\/p>\n<ul>\n<li><strong>\u00c9l\u00e9gance Instantan\u00e9e :<\/strong>\u00a0Ajoute une touche de sophistication et de brillance \u00e0 vos tenues.<\/li>\n<li><strong>Facile \u00e0 Utiliser :<\/strong>\u00a0Se fixe en un clin d\u2019\u0153il, sans besoin de couture ni d\u2019outils.<\/li>\n<li><strong>Polyvalent :<\/strong>\u00a0Parfait pour les \u00e9v\u00e9nements sp\u00e9ciaux, les soir\u00e9es, ou pour sublimer votre look quotidien.<\/li>\n<li><strong>Durabilit\u00e9 :<\/strong>\u00a0Fabriqu\u00e9 avec des mat\u00e9riaux de haute qualit\u00e9 pour une longue dur\u00e9e de vie.<\/li>\n<li><strong>\u00c9cologique :<\/strong>\u00a0Permet de r\u00e9utiliser et de transformer vos v\u00eatements, \u00e9vitant la surconsommation.<\/li>\n<\/ul>\n<p><strong>Conseils d\u2019Entretien :<\/strong><\/p>\n<ul>\n<li>Essuyez doucement avec un chiffon doux pour enlever la poussi\u00e8re et les traces de doigts.<\/li>\n<\/ul>\n<p><strong>Disponibilit\u00e9 :<\/strong>\u00a0Disponible d\u00e8s maintenant sur notre site web et en boutique.<\/p>\n<p><strong>Pourquoi Choisir La Loge de Suzon :<\/strong> nous croyons en la magie des petits d\u00e9tails. Nos accessoires sont con\u00e7us pour transformer votre garde-robe, vous permettant de red\u00e9couvrir vos v\u00eatements sous un nouveau jour.<\/p>\n<p>&nbsp;<\/p>","protected":false},"excerpt":{"rendered":"<p>Le cache-bouton Etoile et strass est con\u00e7u pour sublimer vos tenues avec une \u00e9l\u00e9gance discr\u00e8te et raffin\u00e9e, parfait pour rehausser vos chemises, blouses et vestes, manches et tout autre bouton.<\/p>","protected":false},"featured_media":13305,"comment_status":"open","ping_status":"closed","template":"","meta":{"iawp_total_views":999,"_joinchat":[]},"product_brand":[],"product_cat":[75,62,15],"product_tag":[],"class_list":{"0":"post-5862","1":"product","2":"type-product","3":"status-publish","4":"has-post-thumbnail","6":"product_cat-bijou-de-bouton-astro","7":"product_cat-les-bijoux-de-bouton","8":"product_cat-tous-les-produits","10":"first","11":"instock","12":"taxable","13":"shipping-taxable","14":"purchasable","15":"product-type-variable"},"bundled_by":[],"bundle_stock_status":"instock","bundle_stock_quantity":74,"bundle_virtual":false,"bundle_layout":"","bundle_add_to_cart_form_location":"","bundle_editable_in_cart":false,"bundle_sold_individually_context":"","bundle_item_grouping":"","bundle_min_size":"","bundle_max_size":"","bundle_price":[],"bundled_items":[],"bundle_sell_ids":[],"supplier_id":null,"supplier_sku":"","barcode":null,"atum_controlled":true,"out_stock_date":null,"out_stock_threshold":null,"inheritable":true,"inbound_stock":0,"stock_on_hold":0,"sold_today":0,"sales_last_days":0,"reserved_stock":0,"customer_returns":0,"warehouse_damage":0,"lost_in_post":0,"other_logs":0,"out_stock_days":0,"lost_sales":0,"has_location":false,"update_date":"2026-05-01T00:48:45","atum_locations":[],"atum_stock_status":"instock","restock_status":false,"low_stock_amount":"","sales_update_date":"2026-05-01T00:48:45","calc_backorders":null,"_links":{"self":[{"href":"https:\/\/lalogedesuzon.com\/en\/wp-json\/wp\/v2\/product\/5862","targetHints":{"allow":["GET"]}}],"collection":[{"href":"https:\/\/lalogedesuzon.com\/en\/wp-json\/wp\/v2\/product"}],"about":[{"href":"https:\/\/lalogedesuzon.com\/en\/wp-json\/wp\/v2\/types\/product"}],"replies":[{"embeddable":true,"href":"https:\/\/lalogedesuzon.com\/en\/wp-json\/wp\/v2\/comments?post=5862"}],"wp:featuredmedia":[{"embeddable":true,"href":"https:\/\/lalogedesuzon.com\/en\/wp-json\/wp\/v2\/media\/13305"}],"wp:attachment":[{"href":"https:\/\/lalogedesuzon.com\/en\/wp-json\/wp\/v2\/media?parent=5862"}],"wp:term":[{"taxonomy":"product_brand","embeddable":true,"href":"https:\/\/lalogedesuzon.com\/en\/wp-json\/wp\/v2\/product_brand?post=5862"},{"taxonomy":"product_cat","embeddable":true,"href":"https:\/\/lalogedesuzon.com\/en\/wp-json\/wp\/v2\/product_cat?post=5862"},{"taxonomy":"product_tag","embeddable":true,"href":"https:\/\/lalogedesuzon.com\/en\/wp-json\/wp\/v2\/product_tag?post=5862"}],"curies":[{"name":"wp","href":"https:\/\/api.w.org\/{rel}","templated":true}]}}