{"id":6958,"date":"2025-03-06T22:15:38","date_gmt":"2025-03-06T21:15:38","guid":{"rendered":"https:\/\/lalogedesuzon.com\/?post_type=product&#038;p=6958"},"modified":"2026-03-25T14:49:53","modified_gmt":"2026-03-25T13:49:53","slug":"bijou-de-bouton-oeil-dantan-silver","status":"publish","type":"product","link":"https:\/\/lalogedesuzon.com\/en\/product\/bijou-de-bouton-oeil-dantan-silver\/","title":{"rendered":"Bijou de bouton Oeil d&rsquo;Antan &#8211; silver"},"content":{"rendered":"<p>Faites revivre l&rsquo;\u00e9l\u00e9gance d&rsquo;antan avec une touche de rock gr\u00e2ce \u00e0 notre cache-bouton \u00e0 clip \u00ab\u00a0Regard d&rsquo;Antan\u00a0\u00bb. Cet accessoire unique, con\u00e7u en m\u00e9tal argent\u00e9, prend la forme d&rsquo;un \u0153il myst\u00e9rieux, \u00e9voquant les symboles \u00e9nigmatiques des temps pass\u00e9s. Ce model lisse et \u00e9pur\u00e9 ajoute une sophistication chic et audacieuse, parfait pour celles et ceux qui veulent marier le style r\u00e9tro et l&rsquo;esprit rebelle.<\/p>\n<p>Apportez une touche de caract\u00e8re et de distinction \u00e0 vos chemises, blouses et vestes avec ce cache-bouton qui ne passera pas inaper\u00e7u.<\/p>\n<p><strong>Caract\u00e9ristiques :<\/strong><\/p>\n<ul>\n<li><strong>Materials :<\/strong> M\u00e9tal dor\u00e9 de haute qualit\u00e9, paillettes dor\u00e9es scintillantes<\/li>\n<li><strong>Dimensions :<\/strong> 2 cm<\/li>\n<li><strong>Fixation :<\/strong> Clip s\u00e9curis\u00e9\u00a0 qui se glisse sur le bouton de votre v\u00eatement pour une installation facile et rapide<\/li>\n<li><strong>Compatibilit\u00e9 :<\/strong> S&rsquo;adapte \u00e0 la plupart des boutons de chemise standard de 13 mm, ce qui correspond \u00e0 la plupart des boutons de chemise standard<\/li>\n<\/ul>\n<p><strong>Avantages :<\/strong><\/p>\n<ul>\n<li><strong>\u00c9l\u00e9gance Instantan\u00e9e :<\/strong> Ajoute une touche de sophistication et de brillance \u00e0 vos tenues.<\/li>\n<li><strong>Facile \u00e0 Utiliser :<\/strong> Se fixe en un clin d&rsquo;\u0153il, sans besoin de couture ni d&rsquo;outils.<\/li>\n<li><strong>Polyvalent :<\/strong> Parfait pour les \u00e9v\u00e9nements sp\u00e9ciaux, les soir\u00e9es, ou pour sublimer votre look quotidien.<\/li>\n<li><strong>Durabilit\u00e9 :<\/strong> Fabriqu\u00e9 avec des mat\u00e9riaux de haute qualit\u00e9 pour une longue dur\u00e9e de vie.<\/li>\n<li><strong>\u00c9cologique :<\/strong> Permet de r\u00e9utiliser et de transformer vos v\u00eatements, \u00e9vitant la surconsommation.<\/li>\n<\/ul>\n<p><strong>Conseils d&rsquo;Entretien :<\/strong><\/p>\n<ul>\n<li>Essuyez doucement avec un chiffon doux pour enlever la poussi\u00e8re et les traces de doigts.<\/li>\n<\/ul>\n<p>&nbsp;<\/p>","protected":false},"excerpt":{"rendered":"<p>Faites revivre l&rsquo;\u00e9l\u00e9gance d&rsquo;antan avec une touche de rock gr\u00e2ce \u00e0 notre cache-bouton \u00e0 clip \u00ab\u00a0Regard d&rsquo;Antan\u00a0\u00bb.<\/p>\n<p>Cet accessoire unique, con\u00e7u en m\u00e9tal dor\u00e9, prend la forme d&rsquo;un \u0153il myst\u00e9rieux, \u00e9voquant les symboles \u00e9nigmatiques des temps pass\u00e9s. Ce model lisse et \u00e9pur\u00e9 ajoute une sophistication chic et audacieuse, parfait pour celles et ceux qui veulent marier le style r\u00e9tro et l&rsquo;esprit rebelle.<\/p>","protected":false},"featured_media":13020,"comment_status":"open","ping_status":"closed","template":"","meta":{"iawp_total_views":109,"_joinchat":[]},"product_brand":[],"product_cat":[75,62,134,15],"product_tag":[],"class_list":{"0":"post-6958","1":"product","2":"type-product","3":"status-publish","4":"has-post-thumbnail","6":"product_cat-bijou-de-bouton-astro","7":"product_cat-les-bijoux-de-bouton","8":"product_cat-silver","9":"product_cat-tous-les-produits","11":"first","12":"instock","13":"taxable","14":"shipping-taxable","15":"purchasable","16":"product-type-variable"},"bundled_by":["4252"],"bundle_stock_status":"instock","bundle_stock_quantity":null,"bundle_virtual":false,"bundle_layout":"","bundle_add_to_cart_form_location":"","bundle_editable_in_cart":false,"bundle_sold_individually_context":"","bundle_item_grouping":"","bundle_min_size":"","bundle_max_size":"","bundle_price":[],"bundled_items":[],"bundle_sell_ids":[],"supplier_id":null,"supplier_sku":"","barcode":null,"atum_controlled":true,"out_stock_date":null,"out_stock_threshold":null,"inheritable":true,"inbound_stock":0,"stock_on_hold":0,"sold_today":0,"sales_last_days":0,"reserved_stock":0,"customer_returns":0,"warehouse_damage":0,"lost_in_post":0,"other_logs":0,"out_stock_days":0,"lost_sales":0,"has_location":false,"update_date":"2026-04-17T00:21:10","atum_locations":[],"atum_stock_status":"instock","restock_status":false,"low_stock_amount":"","sales_update_date":"2026-04-17T00:21:10","calc_backorders":null,"_links":{"self":[{"href":"https:\/\/lalogedesuzon.com\/en\/wp-json\/wp\/v2\/product\/6958","targetHints":{"allow":["GET"]}}],"collection":[{"href":"https:\/\/lalogedesuzon.com\/en\/wp-json\/wp\/v2\/product"}],"about":[{"href":"https:\/\/lalogedesuzon.com\/en\/wp-json\/wp\/v2\/types\/product"}],"replies":[{"embeddable":true,"href":"https:\/\/lalogedesuzon.com\/en\/wp-json\/wp\/v2\/comments?post=6958"}],"wp:featuredmedia":[{"embeddable":true,"href":"https:\/\/lalogedesuzon.com\/en\/wp-json\/wp\/v2\/media\/13020"}],"wp:attachment":[{"href":"https:\/\/lalogedesuzon.com\/en\/wp-json\/wp\/v2\/media?parent=6958"}],"wp:term":[{"taxonomy":"product_brand","embeddable":true,"href":"https:\/\/lalogedesuzon.com\/en\/wp-json\/wp\/v2\/product_brand?post=6958"},{"taxonomy":"product_cat","embeddable":true,"href":"https:\/\/lalogedesuzon.com\/en\/wp-json\/wp\/v2\/product_cat?post=6958"},{"taxonomy":"product_tag","embeddable":true,"href":"https:\/\/lalogedesuzon.com\/en\/wp-json\/wp\/v2\/product_tag?post=6958"}],"curies":[{"name":"wp","href":"https:\/\/api.w.org\/{rel}","templated":true}]}}