{"id":7157,"date":"2025-03-17T11:42:59","date_gmt":"2025-03-17T10:42:59","guid":{"rendered":"https:\/\/lalogedesuzon.com\/?post_type=product&#038;p=7157"},"modified":"2025-03-31T15:13:07","modified_gmt":"2025-03-31T13:13:07","slug":"manchette-fabuleuse-a-cliper-noire-brodee-ecru","status":"publish","type":"product","link":"https:\/\/lalogedesuzon.com\/en\/product\/manchette-fabuleuse-a-cliper-noire-brodee-ecru\/","title":{"rendered":"Manchette en cuir noir Brod\u00e9e \u00e9cru \u2013 Collaboration Rue D\u00e9sir\u00e9e x\u00a0 Suzon"},"content":{"rendered":"<h3><strong>Manchette en Cuir Brod\u00e9e \u2013 Collaboration Rue D\u00e9sir\u00e9e x\u00a0 Suzon<\/strong><\/h3>\n<p>\u2728 <strong>\u00c9DITION ULTRA LIMIT\u00c9E \u2013 Seulement 100 pi\u00e8ces disponibles<\/strong> \u2728<\/p>\n<p>Plongez dans l\u2019univers du <strong>fait-main et de l\u2019\u00e9l\u00e9gance sur-mesure<\/strong> avec cette manchette en cuir brod\u00e9e, con\u00e7ue en <strong>collaboration exclusive entre Rue D\u00e9sir\u00e9e et\u00a0 Suzon<\/strong>. Cette pi\u00e8ce <strong>d\u2019exception<\/strong>, fabriqu\u00e9e \u00e0 la main en s\u00e9rie ultra limit\u00e9e, est une v\u00e9ritable \u0153uvre d\u2019art qui sublime votre poignet.<\/p>\n<p>Gr\u00e2ce \u00e0 son <strong>syst\u00e8me ing\u00e9nieux<\/strong>, cette manchette accueille tous les <strong>clips iconiques<\/strong> de la marque <strong>\u00a0Suzon<\/strong>, vous permettant de cr\u00e9er <strong>un bracelet unique et \u00e9volutif<\/strong>. Adoptez un style <strong>rococo, rock, romantique ou mystique<\/strong> en changeant simplement votre clip !<\/p>\n<h4><strong>Caract\u00e9ristiques :<\/strong><\/h4>\n<ul>\n<li><strong>\u00c9dition limit\u00e9e : 100 pi\u00e8ces\u00a0<\/strong><\/li>\n<li><strong>Mat\u00e9riau :<\/strong> Cuir v\u00e9ritable brod\u00e9 \u00e0 la main<\/li>\n<li><strong>Couleur :<\/strong> noire<\/li>\n<li><strong>Compatible avec tous les clips La Loge de Suzon<\/strong><\/li>\n<li><strong>Tailles du XS au L ( Si vous h\u00e9sitez entre 2 tailles, choisir la plus petite car la manchette se porte ajust\u00e9e)<\/strong><\/li>\n<li><strong>Fabrication artisanale fran\u00e7aise<\/strong> \ud83c\uddeb\ud83c\uddf7<\/li>\n<\/ul>\n<p>\ud83c\udf81 <strong>Un cadeau pr\u00e9cieux et unique !<\/strong> Cette manchette en s\u00e9rie limit\u00e9e est l\u2019accessoire id\u00e9al pour celles qui veulent exprimer leur style avec une pi\u00e8ce <strong>rare et raffin\u00e9e<\/strong>.<\/p>\n<p>\u26a0\ufe0f <strong>Attention : Les stocks sont tr\u00e8s limit\u00e9s !<\/strong> Ne manquez pas l\u2019opportunit\u00e9 de poss\u00e9der <strong>une pi\u00e8ce exclusive<\/strong>, disponible uniquement en <strong>100 exemplaires<\/strong>.<\/p>\n<p>\ud83d\udce6 <strong>Fast shipping<\/strong> | <strong>Secure payment<\/strong> | \ud83c\uddeb\ud83c\uddf7 <strong>Artisanat d\u2019exception<\/strong><\/p>","protected":false},"excerpt":{"rendered":"<h3><strong>Manchette en Cuir Brod\u00e9e \u2013 Collaboration Rue D\u00e9sir\u00e9e x\u00a0 Suzon<\/strong><\/h3>\n<p>\u2728 <strong>\u00c9DITION ULTRA LIMIT\u00c9E \u2013 Seulement 100 pi\u00e8ces disponibles<\/strong> \u2728<\/p>\n<p>Plongez dans l\u2019univers du <strong>fait-main et de l\u2019\u00e9l\u00e9gance sur-mesure<\/strong> avec cette manchette en cuir brod\u00e9e, con\u00e7ue en <strong>collaboration exclusive entre Rue D\u00e9sir\u00e9e et\u00a0 Suzon<\/strong>. Cette pi\u00e8ce <strong>d\u2019exception<\/strong>, fabriqu\u00e9e \u00e0 la main en s\u00e9rie ultra limit\u00e9e, est une v\u00e9ritable \u0153uvre d\u2019art qui sublime votre poignet.<\/p>\n<p>Gr\u00e2ce \u00e0 son <strong>syst\u00e8me ing\u00e9nieux<\/strong>, cette manchette accueille tous les <strong>clips iconiques<\/strong> de la marque <strong>\u00a0Suzon<\/strong>, vous permettant de cr\u00e9er <strong>un bracelet unique et \u00e9volutif<\/strong>. Adoptez un style <strong>rococo, rock, romantique ou mystique<\/strong> en changeant simplement votre clip !<\/p>\n<h4><\/h4>","protected":false},"featured_media":7185,"comment_status":"open","ping_status":"closed","template":"","meta":{"iawp_total_views":70,"_joinchat":[]},"product_brand":[],"product_cat":[66,15],"product_tag":[],"class_list":{"0":"post-7157","1":"product","2":"type-product","3":"status-publish","4":"has-post-thumbnail","6":"product_cat-rue-desiree-x-suzon","7":"product_cat-tous-les-produits","9":"first","10":"instock","11":"taxable","12":"shipping-taxable","13":"purchasable","14":"product-type-variable"},"bundled_by":[],"bundle_stock_status":"instock","bundle_stock_quantity":null,"bundle_virtual":false,"bundle_layout":"","bundle_add_to_cart_form_location":"","bundle_editable_in_cart":false,"bundle_sold_individually_context":"","bundle_item_grouping":"","bundle_min_size":"","bundle_max_size":"","bundle_price":[],"bundled_items":[],"bundle_sell_ids":[],"supplier_id":null,"supplier_sku":"","barcode":null,"atum_controlled":true,"out_stock_date":null,"out_stock_threshold":null,"inheritable":false,"inbound_stock":0,"stock_on_hold":0,"sold_today":0,"sales_last_days":0,"reserved_stock":0,"customer_returns":0,"warehouse_damage":0,"lost_in_post":0,"other_logs":0,"out_stock_days":0,"lost_sales":0,"has_location":false,"update_date":"2026-04-17T00:21:09","atum_locations":[],"atum_stock_status":"instock","restock_status":false,"low_stock_amount":"","sales_update_date":"2026-04-17T00:21:08","calc_backorders":null,"_links":{"self":[{"href":"https:\/\/lalogedesuzon.com\/en\/wp-json\/wp\/v2\/product\/7157","targetHints":{"allow":["GET"]}}],"collection":[{"href":"https:\/\/lalogedesuzon.com\/en\/wp-json\/wp\/v2\/product"}],"about":[{"href":"https:\/\/lalogedesuzon.com\/en\/wp-json\/wp\/v2\/types\/product"}],"replies":[{"embeddable":true,"href":"https:\/\/lalogedesuzon.com\/en\/wp-json\/wp\/v2\/comments?post=7157"}],"wp:featuredmedia":[{"embeddable":true,"href":"https:\/\/lalogedesuzon.com\/en\/wp-json\/wp\/v2\/media\/7185"}],"wp:attachment":[{"href":"https:\/\/lalogedesuzon.com\/en\/wp-json\/wp\/v2\/media?parent=7157"}],"wp:term":[{"taxonomy":"product_brand","embeddable":true,"href":"https:\/\/lalogedesuzon.com\/en\/wp-json\/wp\/v2\/product_brand?post=7157"},{"taxonomy":"product_cat","embeddable":true,"href":"https:\/\/lalogedesuzon.com\/en\/wp-json\/wp\/v2\/product_cat?post=7157"},{"taxonomy":"product_tag","embeddable":true,"href":"https:\/\/lalogedesuzon.com\/en\/wp-json\/wp\/v2\/product_tag?post=7157"}],"curies":[{"name":"wp","href":"https:\/\/api.w.org\/{rel}","templated":true}]}}