{"id":7168,"date":"2025-03-17T11:54:22","date_gmt":"2025-03-17T10:54:22","guid":{"rendered":"https:\/\/lalogedesuzon.com\/?post_type=product&#038;p=7168"},"modified":"2025-03-31T15:12:50","modified_gmt":"2025-03-31T13:12:50","slug":"coffret-fabuleuse-une-manchette-noire-un-clip-au-choix","status":"publish","type":"product","link":"https:\/\/lalogedesuzon.com\/en\/product\/coffret-fabuleuse-une-manchette-noire-un-clip-au-choix\/","title":{"rendered":"COFFRET FABULEUSE &#8211; Une manchette noire &#038; Un clip au choix"},"content":{"rendered":"<h3><strong>COFFRET FABULEUSE : Manchette en cuir brod\u00e9e &amp; Clip \u2013 Collaboration Rue D\u00e9sir\u00e9e x SUZON\u00a0<\/strong><\/h3>\n<p>\u2728 <strong>\u00c9DITION ULTRA LIMIT\u00c9E <\/strong>\u00a0\u2728<\/p>\n<p>Plongez dans l\u2019univers du bijou <strong>personnalisable et artisanal<\/strong> avec notre <strong>coffret exclusif<\/strong>, fruit de la collaboration entre <strong>Rue D\u00e9sir\u00e9e et\u00a0 Suzon<\/strong>. Ce coffret est con\u00e7u pour celles qui aiment allier <strong>\u00e9l\u00e9gance et cr\u00e9ativit\u00e9<\/strong>, en composant un bracelet unique selon leurs envies.<\/p>\n<h4><strong>Un Bijou Unique &amp; Modulable<\/strong><\/h4>\n<p>Ce coffret contient <strong>une manchette en cuir brod\u00e9e \u00e0 la main<\/strong>, sp\u00e9cialement con\u00e7ue pour accueillir <strong>les clips Al Loge de Suzon<\/strong>. Associez-la avec le <strong>clip de votre choix<\/strong> pour cr\u00e9er un bracelet qui refl\u00e8te votre style, que vous soyez d\u2019humeur <strong>rococo, romantique, rock ou mystique<\/strong> !<\/p>\n<h4><strong>Contenu du Coffret :<\/strong><\/h4>\n<p>\u2714\ufe0f <strong>1 Manchette en cuir v\u00e9ritable<\/strong>, brod\u00e9e \u00e0 la main<br \/>\n\u2714\ufe0f <strong>1 Clip La Loge de Suzon au choix<\/strong>, pour une personnalisation imm\u00e9diate : choisir le clip de votre choix en commentaire lors de la commande.<br \/>\n\u2714\ufe0f <strong>Une \u00e9l\u00e9gante bo\u00eete cadeau<\/strong>, id\u00e9ale pour offrir ou se faire plaisir<\/p>\n<h4><strong>Caract\u00e9ristiques :<\/strong><\/h4>\n<ul>\n<li><strong>\u00c9dition limit\u00e9e : Seulement 100 coffrets disponibles<\/strong><\/li>\n<li><strong>Cuir v\u00e9ritable travaill\u00e9 et brod\u00e9 \u00e0 la main<\/strong><\/li>\n<li><strong>Clip interchangeable : Compatible avec toute la collection de clips LA Loge de Suzon<\/strong><\/li>\n<li><strong>Tailles disponibles :<\/strong> de XS \u00c0 L (En cas de doute entre 2 tailles, selectionnez la plus petite car la manchette doit se porter ajust\u00e9e)<\/li>\n<li><strong>Fabrication artisanale fran\u00e7aise<\/strong> \ud83c\uddeb\ud83c\uddf7<\/li>\n<\/ul>\n<p>&nbsp;<\/p>\n<p>\u26a0\ufe0f <strong>Quantit\u00e9s ultra limit\u00e9es !<\/strong> Ne manquez pas cette opportunit\u00e9 unique d\u2019acqu\u00e9rir un bijou d\u2019exception avant rupture de stock.<\/p>\n<p>\ud83c\uddeb\ud83c\uddf7 <strong>Savoir-faire artisanal<\/strong><\/p>","protected":false},"excerpt":{"rendered":"<p>\u2728 <strong>\u00c9DITION ULTRA LIMIT\u00c9E \u2013 Seulement 100 pi\u00e8ces disponibles<\/strong> \u2728<\/p>\n<p>Plongez dans l\u2019univers du <strong>fait-main et de l\u2019\u00e9l\u00e9gance sur-mesure<\/strong> avec cette manchette en cuir brod\u00e9e, con\u00e7ue en <strong>collaboration exclusive entre Rue D\u00e9sir\u00e9e et\u00a0 Suzon<\/strong>. Cette pi\u00e8ce <strong>d\u2019exception<\/strong>, fabriqu\u00e9e \u00e0 la main en s\u00e9rie ultra limit\u00e9e, est une v\u00e9ritable \u0153uvre d\u2019art qui sublime votre poignet.<\/p>\n<p>Gr\u00e2ce \u00e0 son <strong>syst\u00e8me ing\u00e9nieux<\/strong>, cette manchette accueille tous les <strong>clips iconiques<\/strong> de la marque <strong>\u00a0Suzon<\/strong>, vous permettant de cr\u00e9er <strong>un bracelet unique et \u00e9volutif<\/strong>. Adoptez un style <strong>rococo, rock, romantique ou mystique<\/strong> en changeant simplement votre clip !<\/p>\n<h4><\/h4>","protected":false},"featured_media":7311,"comment_status":"open","ping_status":"closed","template":"","meta":{"iawp_total_views":133,"_joinchat":[]},"product_brand":[],"product_cat":[66,15],"product_tag":[],"class_list":{"0":"post-7168","1":"product","2":"type-product","3":"status-publish","4":"has-post-thumbnail","6":"product_cat-rue-desiree-x-suzon","7":"product_cat-tous-les-produits","9":"first","10":"instock","11":"taxable","12":"shipping-taxable","13":"purchasable","14":"product-type-variable"},"bundled_by":[],"bundle_stock_status":"instock","bundle_stock_quantity":null,"bundle_virtual":false,"bundle_layout":"","bundle_add_to_cart_form_location":"","bundle_editable_in_cart":false,"bundle_sold_individually_context":"","bundle_item_grouping":"","bundle_min_size":"","bundle_max_size":"","bundle_price":[],"bundled_items":[],"bundle_sell_ids":[],"supplier_id":null,"supplier_sku":"","barcode":null,"atum_controlled":true,"out_stock_date":null,"out_stock_threshold":null,"inheritable":false,"inbound_stock":0,"stock_on_hold":0,"sold_today":0,"sales_last_days":0,"reserved_stock":0,"customer_returns":0,"warehouse_damage":0,"lost_in_post":0,"other_logs":0,"out_stock_days":0,"lost_sales":0,"has_location":null,"update_date":"2026-04-17T00:19:58","atum_locations":[],"atum_stock_status":"instock","restock_status":false,"low_stock_amount":"","sales_update_date":"2026-04-17T00:19:58","calc_backorders":null,"_links":{"self":[{"href":"https:\/\/lalogedesuzon.com\/en\/wp-json\/wp\/v2\/product\/7168","targetHints":{"allow":["GET"]}}],"collection":[{"href":"https:\/\/lalogedesuzon.com\/en\/wp-json\/wp\/v2\/product"}],"about":[{"href":"https:\/\/lalogedesuzon.com\/en\/wp-json\/wp\/v2\/types\/product"}],"replies":[{"embeddable":true,"href":"https:\/\/lalogedesuzon.com\/en\/wp-json\/wp\/v2\/comments?post=7168"}],"wp:featuredmedia":[{"embeddable":true,"href":"https:\/\/lalogedesuzon.com\/en\/wp-json\/wp\/v2\/media\/7311"}],"wp:attachment":[{"href":"https:\/\/lalogedesuzon.com\/en\/wp-json\/wp\/v2\/media?parent=7168"}],"wp:term":[{"taxonomy":"product_brand","embeddable":true,"href":"https:\/\/lalogedesuzon.com\/en\/wp-json\/wp\/v2\/product_brand?post=7168"},{"taxonomy":"product_cat","embeddable":true,"href":"https:\/\/lalogedesuzon.com\/en\/wp-json\/wp\/v2\/product_cat?post=7168"},{"taxonomy":"product_tag","embeddable":true,"href":"https:\/\/lalogedesuzon.com\/en\/wp-json\/wp\/v2\/product_tag?post=7168"}],"curies":[{"name":"wp","href":"https:\/\/api.w.org\/{rel}","templated":true}]}}