{"id":8567,"date":"2025-08-25T13:48:20","date_gmt":"2025-08-25T11:48:20","guid":{"rendered":"https:\/\/lalogedesuzon.com\/?post_type=product&#038;p=8567"},"modified":"2026-04-11T21:18:07","modified_gmt":"2026-04-11T19:18:07","slug":"clips-duchesse-olive-graphite","status":"publish","type":"product","link":"https:\/\/lalogedesuzon.com\/en\/product\/clips-duchesse-olive-graphite\/","title":{"rendered":"ArchiDuchesse Olive graphite"},"content":{"rendered":"<div class=\"flex-1 overflow-hidden\">\n<div class=\"react-scroll-to-bottom--css-aiqhu-79elbk h-full dark:bg-gray-800\">\n<div class=\"react-scroll-to-bottom--css-aiqhu-1n7m0yu\">\n<div class=\"flex flex-col text-sm dark:bg-gray-800\">\n<div class=\"group w-full text-token-text-primary border-b border-black\/10 gizmo:border-0 dark:border-gray-900\/50 gizmo:dark:border-0 bg-gray-50 gizmo:bg-transparent dark:bg-[#444654] gizmo:dark:bg-transparent\" data-testid=\"conversation-turn-47\">\n<div class=\"p-4 justify-center text-base md:gap-6 md:py-6 m-auto\">\n<div class=\"flex flex-1 gap-4 text-base mx-auto md:gap-6 gizmo:gap-3 gizmo:md:px-5 gizmo:lg:px-1 gizmo:xl:px-5 md:max-w-2xl lg:max-w-[38rem] gizmo:md:max-w-3xl gizmo:lg:max-w-[40rem] gizmo:xl:max-w-[48rem] xl:max-w-3xl }\">\n<div class=\"relative flex w-[calc(100%-50px)] flex-col gap-1 gizmo:w-full md:gap-3 lg:w-[calc(100%-115px)] agent-turn\">\n<div class=\"flex flex-grow flex-col gap-3 max-w-full\">\n<div class=\"min-h-[20px] flex flex-col items-start gap-3 overflow-x-auto whitespace-pre-wrap break-words\">\n<div class=\"markdown prose w-full break-words dark:prose-invert light\">\n<p>Transformez vos chaussures, vestes ou toute pi\u00e8ce de votre garde robe avec le clip bijou Duchesse Olive Graphite. Ses cristaux facett\u00e9s vert olive, champagne et graphite apportent une touche r\u00e9tro chic et lumineuse \u00e0 toutes vos tenues.<\/p>\n<p><strong>Points forts<\/strong><br \/>\n\u2022 Bijou polyvalent : clip chaussures, broche, accessoire de sac ou bijou de bonnet, chapeau&#8230;<br \/>\n\u2022 Palette min\u00e9rale et sophistiqu\u00e9e : vert olive, champagne dor\u00e9, graphite fum\u00e9<br \/>\n\u2022 Effet couture instantan\u00e9 pour sublimer une tenue sobre<\/p>\n<p><strong>D\u00e9tails techniques<\/strong><br \/>\n\u2022 Taille : env. 4 x 3 cm<br \/>\n\u2022 Cristaux sertis aux formes vari\u00e9es (ovale, poire, rectangle, rond)<br \/>\n\u2022 Finition m\u00e9tal noir vieilli, clip discret et solide<\/p>\n<\/div>\n<\/div>\n<\/div>\n<\/div>\n<\/div>\n<\/div>\n<\/div>\n<\/div>\n<\/div>\n<\/div>\n<\/div>\n","protected":false},"excerpt":{"rendered":"<p>Transformez vos chaussures, vestes ou toute pi\u00e8ce de votre garde robe avec le clip bijou Duchesse Olive Graphite. Ses cristaux facett\u00e9s vert olive, champagne et graphite apportent une touche r\u00e9tro chic et lumineuse \u00e0 toutes vos tenues.<\/p>","protected":false},"featured_media":13396,"comment_status":"open","ping_status":"closed","template":"","meta":{"iawp_total_views":235,"_joinchat":[]},"product_brand":[],"product_cat":[35,51,15],"product_tag":[],"class_list":{"0":"post-8567","1":"product","2":"type-product","3":"status-publish","4":"has-post-thumbnail","6":"product_cat-les-clips","7":"product_cat-les-rococos","8":"product_cat-tous-les-produits","10":"first","11":"instock","12":"taxable","13":"shipping-taxable","14":"purchasable","15":"product-type-variable"},"bundled_by":[],"bundle_stock_status":"instock","bundle_stock_quantity":null,"bundle_virtual":false,"bundle_layout":"","bundle_add_to_cart_form_location":"","bundle_editable_in_cart":false,"bundle_sold_individually_context":"","bundle_item_grouping":"","bundle_min_size":"","bundle_max_size":"","bundle_price":[],"bundled_items":[],"bundle_sell_ids":[],"supplier_id":null,"supplier_sku":"","barcode":null,"atum_controlled":true,"out_stock_date":null,"out_stock_threshold":null,"inheritable":true,"inbound_stock":0,"stock_on_hold":0,"sold_today":0,"sales_last_days":1,"reserved_stock":0,"customer_returns":0,"warehouse_damage":0,"lost_in_post":0,"other_logs":0,"out_stock_days":0,"lost_sales":0,"has_location":false,"update_date":"2026-05-01T00:48:28","atum_locations":[],"atum_stock_status":"instock","restock_status":false,"low_stock_amount":"","sales_update_date":"2026-05-01T00:48:28","calc_backorders":null,"_links":{"self":[{"href":"https:\/\/lalogedesuzon.com\/en\/wp-json\/wp\/v2\/product\/8567","targetHints":{"allow":["GET"]}}],"collection":[{"href":"https:\/\/lalogedesuzon.com\/en\/wp-json\/wp\/v2\/product"}],"about":[{"href":"https:\/\/lalogedesuzon.com\/en\/wp-json\/wp\/v2\/types\/product"}],"replies":[{"embeddable":true,"href":"https:\/\/lalogedesuzon.com\/en\/wp-json\/wp\/v2\/comments?post=8567"}],"wp:featuredmedia":[{"embeddable":true,"href":"https:\/\/lalogedesuzon.com\/en\/wp-json\/wp\/v2\/media\/13396"}],"wp:attachment":[{"href":"https:\/\/lalogedesuzon.com\/en\/wp-json\/wp\/v2\/media?parent=8567"}],"wp:term":[{"taxonomy":"product_brand","embeddable":true,"href":"https:\/\/lalogedesuzon.com\/en\/wp-json\/wp\/v2\/product_brand?post=8567"},{"taxonomy":"product_cat","embeddable":true,"href":"https:\/\/lalogedesuzon.com\/en\/wp-json\/wp\/v2\/product_cat?post=8567"},{"taxonomy":"product_tag","embeddable":true,"href":"https:\/\/lalogedesuzon.com\/en\/wp-json\/wp\/v2\/product_tag?post=8567"}],"curies":[{"name":"wp","href":"https:\/\/api.w.org\/{rel}","templated":true}]}}