{"id":8781,"date":"2025-09-13T18:26:37","date_gmt":"2025-09-13T16:26:37","guid":{"rendered":"https:\/\/lalogedesuzon.com\/?post_type=product&#038;p=8781"},"modified":"2026-03-26T10:46:02","modified_gmt":"2026-03-26T09:46:02","slug":"clip-leo-laristo","status":"publish","type":"product","link":"https:\/\/lalogedesuzon.com\/en\/product\/clip-leo-laristo\/","title":{"rendered":"Clip LEO L&rsquo;ARISTO Noeud bleu PREMIUM"},"content":{"rendered":"<p>Entre sauvage et raffin\u00e9, L\u00e9o l\u2019Aristo est le clip bijou qui impose son caract\u00e8re.<br \/>\nUn f\u00e9lin dor\u00e9 \u00e0 l\u2019allure aristocratique, orn\u00e9 d\u2019un n\u0153ud en \u00e9mail brillant (bleu nuit).<br \/>\nPens\u00e9 comme une broche r\u00e9tro-chic revisit\u00e9e, il se clippe partout : sur une veste, un foulard, un sac ou m\u00eame une paire d\u2019escarpins pour un effet couture.<\/p>\n<p>Avec SUZON, le clip devient une nouvelle mani\u00e8re de porter le bijou : libre, audacieuse, \u00e9l\u00e9gante.<\/p>\n<p>&nbsp;<\/p>\n<p>D\u00e9tails &amp; Caract\u00e9ristiques<br \/>\n\u2022 Clip bijou en m\u00e9tal dor\u00e9 travaill\u00e9 fa\u00e7on martel\u00e9 l\u00e9opard<br \/>\n\u2022 N\u0153ud en \u00e9mail color\u00e9 : bleu nuit<br \/>\n\u2022 Dimensions : environ 5 cm<br \/>\n\u2022 Syst\u00e8me clip SUZON adaptable :<br \/>\n\u2022 en broche sur veste, pull, manteau<br \/>\n\u2022 en clip de chaussure pour sublimer escarpins, bottines ou mocassins<br \/>\n\u2022 en bijou de foulard ou accessoire de sac<\/p>\n<p>&nbsp;<\/p>\n<p>Pourquoi on l\u2019adore<br \/>\n\u2022 Parce qu\u2019il est sauvage &amp; sage \u00e0 la fois : audace du f\u00e9lin + d\u00e9licatesse du n\u0153ud<br \/>\n\u2022 Parce qu\u2019il transforme une tenue classique en look affirm\u00e9<br \/>\n\u2022 Parce qu\u2019il incarne l\u2019ADN SUZON : r\u00e9tro chic, po\u00e9tique et avec du caract\u00e8re<\/p>","protected":false},"excerpt":{"rendered":"<p>Entre sauvage et raffin\u00e9, L\u00e9o l\u2019Aristo est le clip bijou qui impose son caract\u00e8re.<br \/>\nUn f\u00e9lin dor\u00e9 \u00e0 l\u2019allure aristocratique, orn\u00e9 d\u2019un n\u0153ud en \u00e9mail brillant (bleu nuit).<br \/>\nPens\u00e9 comme une broche r\u00e9tro-chic revisit\u00e9e, il se clippe partout : sur une veste, un foulard, un sac ou m\u00eame une paire d\u2019escarpins pour un effet couture.<\/p>\n<p>Avec SUZON, le clip devient une nouvelle mani\u00e8re de porter le bijou : libre, audacieuse, \u00e9l\u00e9gante.<\/p>","protected":false},"featured_media":13023,"comment_status":"open","ping_status":"closed","template":"","meta":{"iawp_total_views":429,"_joinchat":[]},"product_brand":[],"product_cat":[35,49,48,51,15],"product_tag":[86],"class_list":{"0":"post-8781","1":"product","2":"type-product","3":"status-publish","4":"has-post-thumbnail","6":"product_cat-les-clips","7":"product_cat-les-emailles","8":"product_cat-les-laitons","9":"product_cat-les-rococos","10":"product_cat-tous-les-produits","11":"product_tag-leopard","13":"first","14":"instock","15":"taxable","16":"shipping-taxable","17":"purchasable","18":"product-type-variable"},"bundled_by":[],"bundle_stock_status":"instock","bundle_stock_quantity":37,"bundle_virtual":false,"bundle_layout":"","bundle_add_to_cart_form_location":"","bundle_editable_in_cart":false,"bundle_sold_individually_context":"","bundle_item_grouping":"","bundle_min_size":"","bundle_max_size":"","bundle_price":[],"bundled_items":[],"bundle_sell_ids":[],"supplier_id":null,"supplier_sku":"","barcode":null,"atum_controlled":true,"out_stock_date":null,"out_stock_threshold":null,"inheritable":true,"inbound_stock":null,"stock_on_hold":0,"sold_today":0,"sales_last_days":0,"reserved_stock":null,"customer_returns":null,"warehouse_damage":null,"lost_in_post":null,"other_logs":null,"out_stock_days":0,"lost_sales":0,"has_location":false,"update_date":"2026-04-04T01:41:32","atum_locations":[],"atum_stock_status":"instock","restock_status":false,"low_stock_amount":"","sales_update_date":"2026-04-04T01:41:32","calc_backorders":null,"_links":{"self":[{"href":"https:\/\/lalogedesuzon.com\/en\/wp-json\/wp\/v2\/product\/8781","targetHints":{"allow":["GET"]}}],"collection":[{"href":"https:\/\/lalogedesuzon.com\/en\/wp-json\/wp\/v2\/product"}],"about":[{"href":"https:\/\/lalogedesuzon.com\/en\/wp-json\/wp\/v2\/types\/product"}],"replies":[{"embeddable":true,"href":"https:\/\/lalogedesuzon.com\/en\/wp-json\/wp\/v2\/comments?post=8781"}],"wp:featuredmedia":[{"embeddable":true,"href":"https:\/\/lalogedesuzon.com\/en\/wp-json\/wp\/v2\/media\/13023"}],"wp:attachment":[{"href":"https:\/\/lalogedesuzon.com\/en\/wp-json\/wp\/v2\/media?parent=8781"}],"wp:term":[{"taxonomy":"product_brand","embeddable":true,"href":"https:\/\/lalogedesuzon.com\/en\/wp-json\/wp\/v2\/product_brand?post=8781"},{"taxonomy":"product_cat","embeddable":true,"href":"https:\/\/lalogedesuzon.com\/en\/wp-json\/wp\/v2\/product_cat?post=8781"},{"taxonomy":"product_tag","embeddable":true,"href":"https:\/\/lalogedesuzon.com\/en\/wp-json\/wp\/v2\/product_tag?post=8781"}],"curies":[{"name":"wp","href":"https:\/\/api.w.org\/{rel}","templated":true}]}}