{"id":9074,"date":"2025-10-02T14:33:54","date_gmt":"2025-10-02T12:33:54","guid":{"rendered":"https:\/\/lalogedesuzon.com\/?post_type=product&#038;p=9074"},"modified":"2026-03-07T00:08:59","modified_gmt":"2026-03-06T23:08:59","slug":"bijoux-de-bouton-fauve-ocre","status":"publish","type":"product","link":"https:\/\/lalogedesuzon.com\/en\/product\/bijoux-de-bouton-fauve-ocre\/","title":{"rendered":"Bijoux de bouton Fauve ocre"},"content":{"rendered":"<p data-start=\"167\" data-end=\"441\">Osez l\u2019audace avec le <strong data-start=\"189\" data-end=\"204\">Fauve ocre<\/strong>, un bijou de bouton sign\u00e9 <em data-start=\"231\" data-end=\"247\">Suzon<\/em>. Inspir\u00e9 par la force du l\u00e9opard, il combine le noir profond de l\u2019\u00e9mail, l\u2019\u00e9clat du dor\u00e9 et la chaleur de l\u2019ocre pour apporter une touche <strong data-start=\"386\" data-end=\"413\">sauvage et sophistiqu\u00e9e<\/strong> \u00e0 vos chemises et vestes.<\/p>\n<h3 data-start=\"443\" data-end=\"478\"><strong data-start=\"447\" data-end=\"476\">Un motif l\u00e9opard revisit\u00e9<\/strong><\/h3>\n<p data-start=\"479\" data-end=\"742\">Ses taches noires en \u00e9mail brillant se d\u00e9tachent sur un fond dor\u00e9 textur\u00e9, r\u00e9v\u00e9lant un motif animalier au charme intemporel. Son design triangulaire adoucit la puissance du l\u00e9opard pour en faire un <strong data-start=\"677\" data-end=\"706\">d\u00e9tail raffin\u00e9 et moderne<\/strong>, id\u00e9al pour dynamiser vos tenues.<\/p>\n<h3 data-start=\"744\" data-end=\"770\"><strong data-start=\"748\" data-end=\"768\">Caract\u00e9ristiques<\/strong><\/h3>\n<ul>\n<li data-start=\"773\" data-end=\"812\"><strong data-start=\"773\" data-end=\"795\">Cr\u00e9ation originale<\/strong> Suzon<\/li>\n<li data-start=\"773\" data-end=\"812\"><strong data-start=\"815\" data-end=\"827\">Couleurs<\/strong> : dor\u00e9, noir \u00e9mail et contour ocre<\/li>\n<li data-start=\"773\" data-end=\"812\"><strong data-start=\"867\" data-end=\"876\">Motif<\/strong> : l\u00e9opard stylis\u00e9, finition textur\u00e9e et brillante<\/li>\n<li data-start=\"773\" data-end=\"812\"><strong data-start=\"931\" data-end=\"943\">Fixation<\/strong> : clip s\u00e9curis\u00e9, adapt\u00e9 aux boutons de 10 \u00e0 20 mm<\/li>\n<li data-start=\"773\" data-end=\"812\"><strong data-start=\"998\" data-end=\"1013\">Polyvalence<\/strong> : parfait au quotidien comme pour une tenue habill\u00e9e<\/li>\n<li data-start=\"773\" data-end=\"812\"><strong data-start=\"1071\" data-end=\"1084\">Mat\u00e9riaux<\/strong> : m\u00e9tal dor\u00e9 et \u00e9mail color\u00e9<\/li>\n<li data-start=\"773\" data-end=\"812\"><strong data-start=\"1118\" data-end=\"1129\">Confort<\/strong> : l\u00e9ger et agr\u00e9able \u00e0 porter<\/li>\n<li data-start=\"773\" data-end=\"812\"><strong>Dimension :<\/strong> 2,5 x 2,5cm<\/li>\n<\/ul>\n<h3 data-start=\"1162\" data-end=\"1181\"><strong data-start=\"1166\" data-end=\"1179\">Entretien<\/strong><\/h3>\n<p data-start=\"1182\" data-end=\"1280\">Nettoyer d\u00e9licatement avec un chiffon doux. \u00c9viter l\u2019eau, les parfums et les produits chimiques.<\/p>","protected":false},"excerpt":{"rendered":"<p data-start=\"167\" data-end=\"441\">Osez l\u2019audace avec le <strong data-start=\"189\" data-end=\"204\">Fauve ocre<\/strong>, un bijou de bouton sign\u00e9 <em data-start=\"231\" data-end=\"247\">Suzon<\/em>. Inspir\u00e9 par la force du l\u00e9opard, il combine le noir profond de l\u2019\u00e9mail, l\u2019\u00e9clat du dor\u00e9 et la chaleur de l\u2019ocre pour apporter une touche <strong data-start=\"386\" data-end=\"413\">sauvage et sophistiqu\u00e9e<\/strong> \u00e0 vos chemises et vestes.<\/p>\n<h3 data-start=\"443\" data-end=\"478\"><strong data-start=\"447\" data-end=\"476\">Un motif l\u00e9opard revisit\u00e9<\/strong><\/h3>\n<p data-start=\"479\" data-end=\"742\">Ses taches noires en \u00e9mail brillant se d\u00e9tachent sur un fond dor\u00e9 textur\u00e9, r\u00e9v\u00e9lant un motif animalier au charme intemporel. Son design triangulaire adoucit la puissance du l\u00e9opard pour en faire un <strong data-start=\"677\" data-end=\"706\">d\u00e9tail raffin\u00e9 et moderne<\/strong>, id\u00e9al pour dynamiser vos tenues.<\/p>","protected":false},"featured_media":12752,"comment_status":"open","ping_status":"closed","template":"","meta":{"iawp_total_views":841,"_joinchat":[]},"product_brand":[],"product_cat":[76,62,85,15],"product_tag":[],"class_list":{"0":"post-9074","1":"product","2":"type-product","3":"status-publish","4":"has-post-thumbnail","6":"product_cat-bijou-de-bouton-regne-animal","7":"product_cat-les-bijoux-de-bouton","8":"product_cat-les-nouveautes-suzon","9":"product_cat-tous-les-produits","11":"first","12":"instock","13":"taxable","14":"shipping-taxable","15":"purchasable","16":"product-type-variable"},"bundled_by":[],"bundle_stock_status":"instock","bundle_stock_quantity":null,"bundle_virtual":false,"bundle_layout":"","bundle_add_to_cart_form_location":"","bundle_editable_in_cart":false,"bundle_sold_individually_context":"","bundle_item_grouping":"","bundle_min_size":"","bundle_max_size":"","bundle_price":[],"bundled_items":[],"bundle_sell_ids":[],"supplier_id":null,"supplier_sku":"","barcode":null,"atum_controlled":true,"out_stock_date":"2025-12-22 19:56:11","out_stock_threshold":null,"inheritable":true,"inbound_stock":0,"stock_on_hold":0,"sold_today":0,"sales_last_days":3,"reserved_stock":0,"customer_returns":0,"warehouse_damage":0,"lost_in_post":0,"other_logs":0,"out_stock_days":129,"lost_sales":0,"has_location":false,"update_date":"2026-05-01T00:49:47","atum_locations":[],"atum_stock_status":"instock","restock_status":false,"low_stock_amount":"","sales_update_date":"2026-05-01T00:49:47","calc_backorders":null,"_links":{"self":[{"href":"https:\/\/lalogedesuzon.com\/en\/wp-json\/wp\/v2\/product\/9074","targetHints":{"allow":["GET"]}}],"collection":[{"href":"https:\/\/lalogedesuzon.com\/en\/wp-json\/wp\/v2\/product"}],"about":[{"href":"https:\/\/lalogedesuzon.com\/en\/wp-json\/wp\/v2\/types\/product"}],"replies":[{"embeddable":true,"href":"https:\/\/lalogedesuzon.com\/en\/wp-json\/wp\/v2\/comments?post=9074"}],"wp:featuredmedia":[{"embeddable":true,"href":"https:\/\/lalogedesuzon.com\/en\/wp-json\/wp\/v2\/media\/12752"}],"wp:attachment":[{"href":"https:\/\/lalogedesuzon.com\/en\/wp-json\/wp\/v2\/media?parent=9074"}],"wp:term":[{"taxonomy":"product_brand","embeddable":true,"href":"https:\/\/lalogedesuzon.com\/en\/wp-json\/wp\/v2\/product_brand?post=9074"},{"taxonomy":"product_cat","embeddable":true,"href":"https:\/\/lalogedesuzon.com\/en\/wp-json\/wp\/v2\/product_cat?post=9074"},{"taxonomy":"product_tag","embeddable":true,"href":"https:\/\/lalogedesuzon.com\/en\/wp-json\/wp\/v2\/product_tag?post=9074"}],"curies":[{"name":"wp","href":"https:\/\/api.w.org\/{rel}","templated":true}]}}